{"id":10719,"date":"2026-03-25T15:25:49","date_gmt":"2026-03-25T13:25:49","guid":{"rendered":"https:\/\/inspiratio.ro\/?post_type=product&#038;p=10719"},"modified":"2026-03-25T16:55:55","modified_gmt":"2026-03-25T14:55:55","slug":"fim-pudra-de-mure-de-padure-bio-50g","status":"publish","type":"product","link":"https:\/\/inspiratio.ro\/en\/produs\/fim-pudra-de-mure-de-padure-bio-50g\/","title":{"rendered":"Pudr\u0103 de mure de p\u0103dure Bio 50g"},"content":{"rendered":"<div class=\"shopify-section\">\n<p><em>Produs ob\u021binut din fructele de p\u0103dure din Flora spontan\u0103.<\/em><\/p>\n<p>Murele con\u0163in\u00a0<strong>vitamina A,\u00a0vitamina C<\/strong>,\u00a0<strong>vitamina K, potasiu, fosfor, magneziu,\u00a0calciu,\u00a0fier, sodiu, acid folic, luteina, tanine, mangan, seleniu<\/strong>\u00a0\u015fi au\u00a0<strong>rol antibacterian, anti\u00eemb\u0103tr\u00e2nire \u015fi antiinflamator<\/strong>.<\/p>\n<p>Murele sunt adev\u0103rate surse de\u00a0<strong>vitamine, substan\u0163e active \u015fi minerale<\/strong>\u00a0 ce pot preveni cancerul de colon \u015fi stomac, ce ajut\u0103 la reglarea tranzitului intestinal, ajut\u0103 la buna func\u0163ionare a sistemului nervos, \u00eent\u0103resc oasele, detoxific\u0103 ficatul, \u00eent\u0103resc sistemul imunitar, protejeaz\u0103 ochii, previn anemia, amelioreaz\u0103 durerile \u00een g\u00e2t, ajut\u0103 la vindecarea r\u0103nilor \u015fi sunt bune chiar \u015fi pentru diabetici (deoarece con\u0163in foarte pu\u0163in\u00a0zah\u0103r).<\/p>\n<p class=\"p\"><strong>Ingrediente: <\/strong>100% pudra din mure de padure (Rubus fruticosus) uscate si macinate\u00a0 din agricultura ecologica.<\/p>\n<ul>\n<li class=\"p\"><span style=\"font-size: 13px;\">Valoare energetica 1653kJ\/395Kcal<\/span><\/li>\n<li class=\"p\"><span style=\"font-size: 13px;\">Grasimi 6.3g<\/span><\/li>\n<li class=\"p\"><span style=\"font-size: 13px;\">din care acizi grasi saturati 0g<\/span><\/li>\n<li class=\"p\"><span style=\"font-size: 13px;\">Glucide 63.7g<\/span><\/li>\n<li class=\"p\"><span style=\"font-size: 13px;\">din care zaharuri 40.6g<\/span><\/li>\n<li class=\"p\"><span style=\"font-size: 13px;\">Fibre 20g<\/span><\/li>\n<li class=\"p\"><span style=\"font-size: 13px;\">Proteine 7.6g<\/span><\/li>\n<li class=\"p\"><span style=\"font-size: 13px;\">Saruri\/sodiu 0g<\/span><\/li>\n<\/ul>\n<blockquote>\n<p class=\"p\">Ovidiu Oroian, doctor, farmacist, nutri\u021bionist si specialist \u00een biorezonan\u021b\u0103, prezint\u0103 beneficiile pudrei de mure de p\u0103dure BIO.<\/p>\n<\/blockquote>\n<\/div>\n","protected":false},"excerpt":{"rendered":"<p>Produs ob\u021binut din fructele de p\u0103dure din Flora spontan\u0103. Murele con\u0163in\u00a0vitamina A,\u00a0vitamina C,\u00a0vitamina K, potasiu, fosfor, magneziu,\u00a0calciu,\u00a0fier, sodiu, acid folic, luteina, tanine, mangan, seleniu\u00a0\u015fi au\u00a0rol antibacterian, anti\u00eemb\u0103tr\u00e2nire \u015fi antiinflamator. Murele sunt adev\u0103rate surse de\u00a0vitamine, substan\u0163e active \u015fi minerale\u00a0 ce pot preveni cancerul de colon \u015fi stomac, ce ajut\u0103 la reglarea tranzitului intestinal, ajut\u0103 la buna [&hellip;]<\/p>\n","protected":false},"featured_media":10732,"comment_status":"closed","ping_status":"closed","template":"","meta":[],"pwb-brand":[269],"product_brand":[270],"product_cat":[117],"product_tag":[],"class_list":{"0":"post-10719","1":"product","2":"type-product","3":"status-publish","4":"has-post-thumbnail","6":"pwb-brand-transylvanias-finest-foods","7":"product_brand-transylvanias-finest-foods","8":"product_cat-specialitati-gourmet","10":"first","11":"instock","12":"taxable","13":"shipping-taxable","14":"purchasable","15":"product-type-simple"},"yoast_head":"<!-- This site is optimized with the Yoast SEO plugin v26.9 - https:\/\/yoast.com\/product\/yoast-seo-wordpress\/ -->\n<title>FIM Pudr\u0103 de mure de p\u0103dure Bio 50g - Inspiratio<\/title>\n<meta name=\"description\" content=\"FIM Pudr\u0103 de mure de p\u0103dure Bio 50g\" \/>\n<meta name=\"robots\" content=\"index, follow, max-snippet:-1, max-image-preview:large, max-video-preview:-1\" \/>\n<link rel=\"canonical\" href=\"https:\/\/inspiratio.ro\/produs\/fim-pudra-de-mure-de-padure-bio-50g\/\" \/>\n<meta property=\"og:locale\" content=\"en_US\" \/>\n<meta property=\"og:type\" content=\"article\" \/>\n<meta property=\"og:title\" content=\"FIM Pudr\u0103 de mure de p\u0103dure Bio 50g - Inspiratio\" \/>\n<meta property=\"og:description\" content=\"FIM Pudr\u0103 de mure de p\u0103dure Bio 50g\" \/>\n<meta property=\"og:url\" content=\"https:\/\/inspiratio.ro\/produs\/fim-pudra-de-mure-de-padure-bio-50g\/\" \/>\n<meta property=\"og:site_name\" content=\"Inspiratio\" \/>\n<meta property=\"article:publisher\" content=\"https:\/\/www.facebook.com\/inspiratiogiftstudio\/\" \/>\n<meta property=\"article:modified_time\" content=\"2026-03-25T14:55:55+00:00\" \/>\n<meta property=\"og:image\" content=\"https:\/\/inspiratio.ro\/wp-content\/uploads\/2026\/03\/Pudra-de-mure-de-padure-50g-web-02_740x.webp\" \/>\n\t<meta property=\"og:image:width\" content=\"740\" \/>\n\t<meta property=\"og:image:height\" content=\"740\" \/>\n\t<meta property=\"og:image:type\" content=\"image\/webp\" \/>\n<meta name=\"twitter:card\" content=\"summary_large_image\" \/>\n<meta name=\"twitter:label1\" content=\"Est. reading time\" \/>\n\t<meta name=\"twitter:data1\" content=\"1 minute\" \/>\n<script type=\"application\/ld+json\" class=\"yoast-schema-graph\">{\"@context\":\"https:\/\/schema.org\",\"@graph\":[{\"@type\":\"WebPage\",\"@id\":\"https:\/\/inspiratio.ro\/produs\/fim-pudra-de-mure-de-padure-bio-50g\/\",\"url\":\"https:\/\/inspiratio.ro\/produs\/fim-pudra-de-mure-de-padure-bio-50g\/\",\"name\":\"FIM Pudr\u0103 de mure de p\u0103dure Bio 50g - Inspiratio\",\"isPartOf\":{\"@id\":\"https:\/\/inspiratio.ro\/#website\"},\"primaryImageOfPage\":{\"@id\":\"https:\/\/inspiratio.ro\/produs\/fim-pudra-de-mure-de-padure-bio-50g\/#primaryimage\"},\"image\":{\"@id\":\"https:\/\/inspiratio.ro\/produs\/fim-pudra-de-mure-de-padure-bio-50g\/#primaryimage\"},\"thumbnailUrl\":\"https:\/\/inspiratio.ro\/wp-content\/uploads\/2026\/03\/Pudra-de-mure-de-padure-50g-web-02_740x.webp\",\"datePublished\":\"2026-03-25T13:25:49+00:00\",\"dateModified\":\"2026-03-25T14:55:55+00:00\",\"description\":\"FIM Pudr\u0103 de mure de p\u0103dure Bio 50g\",\"breadcrumb\":{\"@id\":\"https:\/\/inspiratio.ro\/produs\/fim-pudra-de-mure-de-padure-bio-50g\/#breadcrumb\"},\"inLanguage\":\"en-US\",\"potentialAction\":[{\"@type\":\"ReadAction\",\"target\":[\"https:\/\/inspiratio.ro\/produs\/fim-pudra-de-mure-de-padure-bio-50g\/\"]}]},{\"@type\":\"ImageObject\",\"inLanguage\":\"en-US\",\"@id\":\"https:\/\/inspiratio.ro\/produs\/fim-pudra-de-mure-de-padure-bio-50g\/#primaryimage\",\"url\":\"https:\/\/inspiratio.ro\/wp-content\/uploads\/2026\/03\/Pudra-de-mure-de-padure-50g-web-02_740x.webp\",\"contentUrl\":\"https:\/\/inspiratio.ro\/wp-content\/uploads\/2026\/03\/Pudra-de-mure-de-padure-50g-web-02_740x.webp\",\"width\":740,\"height\":740},{\"@type\":\"BreadcrumbList\",\"@id\":\"https:\/\/inspiratio.ro\/produs\/fim-pudra-de-mure-de-padure-bio-50g\/#breadcrumb\",\"itemListElement\":[{\"@type\":\"ListItem\",\"position\":1,\"name\":\"Shop\",\"item\":\"https:\/\/inspiratio.ro\/magazin-cadouri\/\"},{\"@type\":\"ListItem\",\"position\":2,\"name\":\"FIM Pudr\u0103 de mure de p\u0103dure Bio 50g\"}]},{\"@type\":\"WebSite\",\"@id\":\"https:\/\/inspiratio.ro\/#website\",\"url\":\"https:\/\/inspiratio.ro\/\",\"name\":\"Inspiratio\",\"description\":\"Las\u0103-te purtat de inspira\u021bie\",\"publisher\":{\"@id\":\"https:\/\/inspiratio.ro\/#organization\"},\"potentialAction\":[{\"@type\":\"SearchAction\",\"target\":{\"@type\":\"EntryPoint\",\"urlTemplate\":\"https:\/\/inspiratio.ro\/?s={search_term_string}\"},\"query-input\":{\"@type\":\"PropertyValueSpecification\",\"valueRequired\":true,\"valueName\":\"search_term_string\"}}],\"inLanguage\":\"en-US\"},{\"@type\":\"Organization\",\"@id\":\"https:\/\/inspiratio.ro\/#organization\",\"name\":\"Inspiratio\",\"url\":\"https:\/\/inspiratio.ro\/\",\"logo\":{\"@type\":\"ImageObject\",\"inLanguage\":\"en-US\",\"@id\":\"https:\/\/inspiratio.ro\/#\/schema\/logo\/image\/\",\"url\":\"https:\/\/inspiratio.ro\/wp-content\/uploads\/2020\/06\/logo-inspiratio.png\",\"contentUrl\":\"https:\/\/inspiratio.ro\/wp-content\/uploads\/2020\/06\/logo-inspiratio.png\",\"width\":232,\"height\":209,\"caption\":\"Inspiratio\"},\"image\":{\"@id\":\"https:\/\/inspiratio.ro\/#\/schema\/logo\/image\/\"},\"sameAs\":[\"https:\/\/www.facebook.com\/inspiratiogiftstudio\/\",\"https:\/\/www.instagram.com\/inspiratio_giftstudio\/\"]}]}<\/script>\n<!-- \/ Yoast SEO plugin. -->","yoast_head_json":{"title":"FIM Pudr\u0103 de mure de p\u0103dure Bio 50g - Inspiratio","description":"FIM Pudr\u0103 de mure de p\u0103dure Bio 50g","robots":{"index":"index","follow":"follow","max-snippet":"max-snippet:-1","max-image-preview":"max-image-preview:large","max-video-preview":"max-video-preview:-1"},"canonical":"https:\/\/inspiratio.ro\/produs\/fim-pudra-de-mure-de-padure-bio-50g\/","og_locale":"en_US","og_type":"article","og_title":"FIM Pudr\u0103 de mure de p\u0103dure Bio 50g - Inspiratio","og_description":"FIM Pudr\u0103 de mure de p\u0103dure Bio 50g","og_url":"https:\/\/inspiratio.ro\/produs\/fim-pudra-de-mure-de-padure-bio-50g\/","og_site_name":"Inspiratio","article_publisher":"https:\/\/www.facebook.com\/inspiratiogiftstudio\/","article_modified_time":"2026-03-25T14:55:55+00:00","og_image":[{"width":740,"height":740,"url":"https:\/\/inspiratio.ro\/wp-content\/uploads\/2026\/03\/Pudra-de-mure-de-padure-50g-web-02_740x.webp","type":"image\/webp"}],"twitter_card":"summary_large_image","twitter_misc":{"Est. reading time":"1 minute"},"schema":{"@context":"https:\/\/schema.org","@graph":[{"@type":"WebPage","@id":"https:\/\/inspiratio.ro\/produs\/fim-pudra-de-mure-de-padure-bio-50g\/","url":"https:\/\/inspiratio.ro\/produs\/fim-pudra-de-mure-de-padure-bio-50g\/","name":"FIM Pudr\u0103 de mure de p\u0103dure Bio 50g - Inspiratio","isPartOf":{"@id":"https:\/\/inspiratio.ro\/#website"},"primaryImageOfPage":{"@id":"https:\/\/inspiratio.ro\/produs\/fim-pudra-de-mure-de-padure-bio-50g\/#primaryimage"},"image":{"@id":"https:\/\/inspiratio.ro\/produs\/fim-pudra-de-mure-de-padure-bio-50g\/#primaryimage"},"thumbnailUrl":"https:\/\/inspiratio.ro\/wp-content\/uploads\/2026\/03\/Pudra-de-mure-de-padure-50g-web-02_740x.webp","datePublished":"2026-03-25T13:25:49+00:00","dateModified":"2026-03-25T14:55:55+00:00","description":"FIM Pudr\u0103 de mure de p\u0103dure Bio 50g","breadcrumb":{"@id":"https:\/\/inspiratio.ro\/produs\/fim-pudra-de-mure-de-padure-bio-50g\/#breadcrumb"},"inLanguage":"en-US","potentialAction":[{"@type":"ReadAction","target":["https:\/\/inspiratio.ro\/produs\/fim-pudra-de-mure-de-padure-bio-50g\/"]}]},{"@type":"ImageObject","inLanguage":"en-US","@id":"https:\/\/inspiratio.ro\/produs\/fim-pudra-de-mure-de-padure-bio-50g\/#primaryimage","url":"https:\/\/inspiratio.ro\/wp-content\/uploads\/2026\/03\/Pudra-de-mure-de-padure-50g-web-02_740x.webp","contentUrl":"https:\/\/inspiratio.ro\/wp-content\/uploads\/2026\/03\/Pudra-de-mure-de-padure-50g-web-02_740x.webp","width":740,"height":740},{"@type":"BreadcrumbList","@id":"https:\/\/inspiratio.ro\/produs\/fim-pudra-de-mure-de-padure-bio-50g\/#breadcrumb","itemListElement":[{"@type":"ListItem","position":1,"name":"Shop","item":"https:\/\/inspiratio.ro\/magazin-cadouri\/"},{"@type":"ListItem","position":2,"name":"FIM Pudr\u0103 de mure de p\u0103dure Bio 50g"}]},{"@type":"WebSite","@id":"https:\/\/inspiratio.ro\/#website","url":"https:\/\/inspiratio.ro\/","name":"Inspiratio","description":"Las\u0103-te purtat de inspira\u021bie","publisher":{"@id":"https:\/\/inspiratio.ro\/#organization"},"potentialAction":[{"@type":"SearchAction","target":{"@type":"EntryPoint","urlTemplate":"https:\/\/inspiratio.ro\/?s={search_term_string}"},"query-input":{"@type":"PropertyValueSpecification","valueRequired":true,"valueName":"search_term_string"}}],"inLanguage":"en-US"},{"@type":"Organization","@id":"https:\/\/inspiratio.ro\/#organization","name":"Inspiratio","url":"https:\/\/inspiratio.ro\/","logo":{"@type":"ImageObject","inLanguage":"en-US","@id":"https:\/\/inspiratio.ro\/#\/schema\/logo\/image\/","url":"https:\/\/inspiratio.ro\/wp-content\/uploads\/2020\/06\/logo-inspiratio.png","contentUrl":"https:\/\/inspiratio.ro\/wp-content\/uploads\/2020\/06\/logo-inspiratio.png","width":232,"height":209,"caption":"Inspiratio"},"image":{"@id":"https:\/\/inspiratio.ro\/#\/schema\/logo\/image\/"},"sameAs":["https:\/\/www.facebook.com\/inspiratiogiftstudio\/","https:\/\/www.instagram.com\/inspiratio_giftstudio\/"]}]}},"brands":[{"id":269,"name":"Transylvania's Finest Foods","slug":"transylvanias-finest-foods"}],"_links":{"self":[{"href":"https:\/\/inspiratio.ro\/en\/wp-json\/wp\/v2\/product\/10719","targetHints":{"allow":["GET"]}}],"collection":[{"href":"https:\/\/inspiratio.ro\/en\/wp-json\/wp\/v2\/product"}],"about":[{"href":"https:\/\/inspiratio.ro\/en\/wp-json\/wp\/v2\/types\/product"}],"replies":[{"embeddable":true,"href":"https:\/\/inspiratio.ro\/en\/wp-json\/wp\/v2\/comments?post=10719"}],"wp:featuredmedia":[{"embeddable":true,"href":"https:\/\/inspiratio.ro\/en\/wp-json\/wp\/v2\/media\/10732"}],"wp:attachment":[{"href":"https:\/\/inspiratio.ro\/en\/wp-json\/wp\/v2\/media?parent=10719"}],"wp:term":[{"taxonomy":"pwb-brand","embeddable":true,"href":"https:\/\/inspiratio.ro\/en\/wp-json\/wp\/v2\/pwb-brand?post=10719"},{"taxonomy":"product_brand","embeddable":true,"href":"https:\/\/inspiratio.ro\/en\/wp-json\/wp\/v2\/product_brand?post=10719"},{"taxonomy":"product_cat","embeddable":true,"href":"https:\/\/inspiratio.ro\/en\/wp-json\/wp\/v2\/product_cat?post=10719"},{"taxonomy":"product_tag","embeddable":true,"href":"https:\/\/inspiratio.ro\/en\/wp-json\/wp\/v2\/product_tag?post=10719"}],"curies":[{"name":"wp","href":"https:\/\/api.w.org\/{rel}","templated":true}]}}