{"id":10710,"date":"2026-03-25T15:01:02","date_gmt":"2026-03-25T13:01:02","guid":{"rendered":"https:\/\/inspiratio.ro\/?post_type=product&#038;p=10710"},"modified":"2026-03-25T16:04:24","modified_gmt":"2026-03-25T14:04:24","slug":"fim-pudra-de-afine-negre-bio-50g","status":"publish","type":"product","link":"https:\/\/inspiratio.ro\/en\/produs\/fim-pudra-de-afine-negre-bio-50g\/","title":{"rendered":"Pudr\u0103 de afine negre Bio 50g"},"content":{"rendered":"<div class=\"shopify-section\">\n<h4 style=\"font-weight: 400;\">Beneficiile consumului de afine negre:<\/h4>\n<ul>\n<li style=\"font-weight: 400;\"><strong>Men\u021binerea s\u0103n\u0103t\u0103\u021bii oaselor.<\/strong> Afinele negre con\u021bin fier, fosfor, calciu, magneziu, mangan, zinc \u0219i vitamina K. Fiecare dintre aceste componente face parte din structura oaselor. Aportul acestor minerale \u0219i vitamine contribuie la men\u021binerea structurii \u0219i<br \/>\nrezisten\u021bei oaselor. Fierul \u0219i zincul \u00eendeplinesc roluri esen\u021biale pentru me\u021binerea elasticit\u0103\u021bii oaselor \u0219i articula\u021biilor. Aportul redus de vitamina K a fost asociat cu cre\u0219terea riscului de fracturi osoase. Aportul adecvat de vitamina K \u00eembun\u0103t\u0103\u021be\u0219te absorb\u021bia calciului \u0219i poate reduce pierderile acestui mineral.<\/li>\n<li style=\"font-weight: 400;\"><strong>S\u0103n\u0103tatea pielii.<\/strong> Colagenul este sistemul de suport al pielii. El se bazeaz\u0103 pe vitamina C ca nutriment esen\u021bial \u0219i ajut\u0103 la prevenirea v\u0103t\u0103m\u0103rii pielii de c\u0103tre radia\u021bia solar\u0103, poluare \u0219i fum. Vitamina C poate \u00eembun\u0103t\u0103\u021bi, de asemenea, capacitatea colagenului de a netezi ridurile \u0219i de \u00eembun\u0103t\u0103\u021bi textura general\u0103 a pielii. O cea\u0219c\u0103 de afine negre con\u021bine 24% din aportul zilnic recomandat de vitamina C.<\/li>\n<li style=\"font-weight: 400;\"><strong>Sc\u0103derea tensiunii arteriale.<\/strong> Men\u021binerea unor niveluri reduse ale sodiului este esen\u021bial\u0103 pentru o tensiune arterial\u0103 normal\u0103. Afinele negre nu con\u021bin sodiu. Ele con\u021bin potasiu, calciu \u0219i magneziu. Unele studii au ar\u0103tat c\u0103 o diet\u0103 s\u0103rac\u0103 \u00een aceste minerale este asociat\u0103 cu o tensiune arterial\u0103 crescut\u0103. Se crede c\u0103 aportul adecvat al acestor minerale contribuie la reducerea tensiunii arteriale. Cu toate acestea, alte studii au contrazis aceste constat\u0103ri. De exemplu, un studiu din anul 2015 asupra persoanelor cu sindrom metabolic a constatat c\u0103 un consum zilnic de afine timp de \u0219ase s\u0103pt\u0103m\u00e2ni nu a influen\u021bat nivelul tensiunii arteriale.<\/li>\n<li style=\"font-weight: 400;\"><strong>Controlul diabetului.<\/strong> Studiile au descoperit c\u0103 persoanele cu diabet de tip 1 care consum\u0103 alimente bogate \u00een fibre prezint\u0103 niveluri reduse ale glucozei sanguine, iar la oamenii cu diabet de tip 2, o diet\u0103 cu multe fibre \u00eembun\u0103t\u0103\u021be\u0219te niveluri de glucoz\u0103, lipide \u0219i insulin\u0103 din s\u00e2nge. O cea\u0219c\u0103 de afine negre con\u021bine 3,6 g de fibre. Un studiu amplu desf\u0103\u0219urat \u00een anul 2013 a sugerat c\u0103 anumite fructe pot reduce riscul de diabet de tip 2 la adul\u021bi. Pe parcurul studiului, 6,5% dintre participan\u021bi au dezvoltat diabet. Totu\u0219i, cercet\u0103torii au descoperit c\u0103 un consum de trei por\u021bii pe s\u0103pt\u0103m\u00e2n\u0103 de afine, stafide, struguri, mere sau pere a redus riscul de diabet de tip 2 cu 7%.<\/li>\n<li style=\"font-weight: 400;\"><strong>Protejarea \u00eempotriva bolilor de inim\u0103.<\/strong> Con\u021binutul \u00een fibre, potasiu, acid folic, vitamina C, vitamina B6 \u0219i fitonutrimente al afinelor negre sus\u021bine s\u0103n\u0103tatea inimii. Absen\u021ba colesterolului din afine este, de asemenea, benefic\u0103 pentru s\u0103n\u0103tatea inimii. Con\u021binul de fibre ajut\u0103 la reducerea colesterolului total din s\u00e2nge \u0219i reduce riscurile de afec\u021biuni cardiace. Vitamina B6 \u0219i acidul folic previn acumularea compusului denumit homocistein\u0103, care poate afecta vasele sanguine \u0219i duce la boli ale inimii. Potrivit unui<br \/>\nstudiu al Harvard School of Public Health \u0219i al Universit\u0103\u021bii Est Anglia din Marea Britanie, consumul regulat de antocieni poate reduce riscul de atac de cord cu 32% la femeile tinere \u0219i de v\u00e2rst\u0103 mijlocie. Studiul a ar\u0103tat c\u0103 femeile care au consumat cel<br \/>\npu\u021bin trei por\u021bii de afine negre sau meri\u0219oare pe s\u0103pt\u0103m\u00e2n\u0103 au ar\u0103tat cele mai bune rezultate.<\/li>\n<li style=\"font-weight: 400;\"><strong>Prevenirea cancerului.<\/strong> Vitamina C, vitamina A \u0219i diferitele fitonutrimente din afinele negre func\u021bioneaz\u0103 ca antioxidan\u021bi puternici care protejeaz\u0103 celulele \u00eempotriva radicalilor liberi. Cercet\u0103rile sugereaz\u0103 c\u0103 antioxidan\u021bii pot inhiba dezvoltarea<br \/>\ntumorilor, pot reduce fenomenele inflamatorii din organism \u0219i pot preveni sau \u00eencetini cancerele esofagiene, pulmonare, faringiene, bucale, endometriale, pancreatice, de prostat\u0103 \u0219i de colon. Afinele negre con\u021bin, de asemenea, acid folic, care joac\u0103 un rol \u00een<br \/>\nsinteza \u0219i repararea ADN-ului. Aceast\u0103 func\u021bie pote preveni formarea celulelor canceroase din cauza muta\u021biilor din ADN.<\/li>\n<li style=\"font-weight: 400;\"><strong>\u00cembun\u0103t\u0103\u021birea s\u0103n\u0103t\u0103\u021bii mintale.<\/strong> Studiile popula\u021bionale au ar\u0103tat c\u0103 existen\u021ba unei conexiuni \u00eentre consumul de afine negre \u0219i declinul capacit\u0103\u021bilor cognitive la femeile \u00een v\u00e2rst\u0103. Mai mult, afinele negre pot \u00eembun\u0103t\u0103\u021bi memoria pe termen scurt \u0219i coordonarea motorie.<\/li>\n<li style=\"font-weight: 400;\"><strong>Digestia s\u0103n\u0103toas\u0103 \u0219i pierderea \u00een greutate.<\/strong> Afinele negre ajut\u0103 la prevenirea constipa\u021biei \u0219i men\u021bin s\u0103n\u0103tatea tractului intestinal datorit\u0103 con\u021binutul ridicat de fibre. Fibrele din alimente sunt, de asemenea, recunoscute ca un factor important \u00een pierderea \u00een greutate \u0219i gestionarea masei corporale. Ele sporesc senza\u021bia de sa\u021bietate \u0219i reduc pofta de m\u00e2ncare.<\/li>\n<li style=\"font-weight: 400;\"><strong>Afinele negre mai con\u021bin<\/strong> cupru, beta-caroten, colin\u0103, vitamina A, vitamina E \u0219i mangan. Pe l\u00e2ng\u0103 antocieni, vitamine \u0219i minerale, afinile mai con\u021bin o gam\u0103 larg\u0103 de compu\u0219i fenolici, cum ar fi quercetina, kaempferolul, miricetina \u0219i acidul.<\/li>\n<\/ul>\n<p style=\"font-weight: 400;\"><strong>Ingrediente:<\/strong> 100% pudra de afine negre(Vaccinium myrtillus L.) uscate si macinate din agricultura ecologica.<\/p>\n<p style=\"font-weight: 400;\"><strong>Declaratie nutritionala valori medii pentru 100g:\u00a0\u00a0<\/strong><\/p>\n<ul>\n<li style=\"font-weight: 400;\"><span style=\"font-size: 13px;\">Valoare energetica 1413kJ\/342Kcal<\/span><\/li>\n<li style=\"font-weight: 400;\"><span style=\"font-size: 13px;\">Grasimi 15.36g<\/span><\/li>\n<li style=\"font-weight: 400;\"><span style=\"font-size: 13px;\">din care acizi grasi saturati 0,86g<\/span><\/li>\n<li style=\"font-weight: 400;\"><span style=\"font-size: 13px;\">Glucide 14.20g<\/span><\/li>\n<li style=\"font-weight: 400;\"><span style=\"font-size: 13px;\">din care zaharuri 4.69g<\/span><\/li>\n<li style=\"font-weight: 400;\"><span style=\"font-size: 13px;\">Fibre 47.50g<\/span><\/li>\n<li style=\"font-weight: 400;\"><span style=\"font-size: 13px;\">Proteine 13,14g<\/span><\/li>\n<li style=\"font-weight: 400;\"><span style=\"font-size: 13px;\">Saruri\/sodiu 0,05g<\/span><\/li>\n<\/ul>\n<\/div>\n","protected":false},"excerpt":{"rendered":"<p>Beneficiile consumului de afine negre: Men\u021binerea s\u0103n\u0103t\u0103\u021bii oaselor. Afinele negre con\u021bin fier, fosfor, calciu, magneziu, mangan, zinc \u0219i vitamina K. Fiecare dintre aceste componente face parte din structura oaselor. Aportul acestor minerale \u0219i vitamine contribuie la men\u021binerea structurii \u0219i rezisten\u021bei oaselor. Fierul \u0219i zincul \u00eendeplinesc roluri esen\u021biale pentru me\u021binerea elasticit\u0103\u021bii oaselor \u0219i articula\u021biilor. Aportul redus [&hellip;]<\/p>\n","protected":false},"featured_media":10711,"comment_status":"closed","ping_status":"closed","template":"","meta":[],"pwb-brand":[269],"product_brand":[270],"product_cat":[117],"product_tag":[],"class_list":{"0":"post-10710","1":"product","2":"type-product","3":"status-publish","4":"has-post-thumbnail","6":"pwb-brand-transylvanias-finest-foods","7":"product_brand-transylvanias-finest-foods","8":"product_cat-specialitati-gourmet","10":"first","11":"instock","12":"taxable","13":"shipping-taxable","14":"purchasable","15":"product-type-simple"},"yoast_head":"<!-- This site is optimized with the Yoast SEO plugin v26.9 - https:\/\/yoast.com\/product\/yoast-seo-wordpress\/ -->\n<title>FIM Pudr\u0103 de afine negre Bio 50g - Inspiratio<\/title>\n<meta name=\"description\" content=\"FIM Pudr\u0103 de afine negre Bio 50g\" \/>\n<meta name=\"robots\" content=\"index, follow, max-snippet:-1, max-image-preview:large, max-video-preview:-1\" \/>\n<link rel=\"canonical\" href=\"https:\/\/inspiratio.ro\/produs\/fim-pudra-de-afine-negre-bio-50g\/\" \/>\n<meta property=\"og:locale\" content=\"en_US\" \/>\n<meta property=\"og:type\" content=\"article\" \/>\n<meta property=\"og:title\" content=\"FIM Pudr\u0103 de afine negre Bio 50g - Inspiratio\" \/>\n<meta property=\"og:description\" content=\"FIM Pudr\u0103 de afine negre Bio 50g\" \/>\n<meta property=\"og:url\" content=\"https:\/\/inspiratio.ro\/produs\/fim-pudra-de-afine-negre-bio-50g\/\" \/>\n<meta property=\"og:site_name\" content=\"Inspiratio\" \/>\n<meta property=\"article:publisher\" content=\"https:\/\/www.facebook.com\/inspiratiogiftstudio\/\" \/>\n<meta property=\"article:modified_time\" content=\"2026-03-25T14:04:24+00:00\" \/>\n<meta property=\"og:image\" content=\"https:\/\/inspiratio.ro\/wp-content\/uploads\/2026\/03\/Pudra-de-afine-web-01_2_740x.webp\" \/>\n\t<meta property=\"og:image:width\" content=\"740\" \/>\n\t<meta property=\"og:image:height\" content=\"740\" \/>\n\t<meta property=\"og:image:type\" content=\"image\/webp\" \/>\n<meta name=\"twitter:card\" content=\"summary_large_image\" \/>\n<meta name=\"twitter:label1\" content=\"Est. reading time\" \/>\n\t<meta name=\"twitter:data1\" content=\"5 minutes\" \/>\n<script type=\"application\/ld+json\" class=\"yoast-schema-graph\">{\"@context\":\"https:\/\/schema.org\",\"@graph\":[{\"@type\":\"WebPage\",\"@id\":\"https:\/\/inspiratio.ro\/produs\/fim-pudra-de-afine-negre-bio-50g\/\",\"url\":\"https:\/\/inspiratio.ro\/produs\/fim-pudra-de-afine-negre-bio-50g\/\",\"name\":\"FIM Pudr\u0103 de afine negre Bio 50g - Inspiratio\",\"isPartOf\":{\"@id\":\"https:\/\/inspiratio.ro\/#website\"},\"primaryImageOfPage\":{\"@id\":\"https:\/\/inspiratio.ro\/produs\/fim-pudra-de-afine-negre-bio-50g\/#primaryimage\"},\"image\":{\"@id\":\"https:\/\/inspiratio.ro\/produs\/fim-pudra-de-afine-negre-bio-50g\/#primaryimage\"},\"thumbnailUrl\":\"https:\/\/inspiratio.ro\/wp-content\/uploads\/2026\/03\/Pudra-de-afine-web-01_2_740x.webp\",\"datePublished\":\"2026-03-25T13:01:02+00:00\",\"dateModified\":\"2026-03-25T14:04:24+00:00\",\"description\":\"FIM Pudr\u0103 de afine negre Bio 50g\",\"breadcrumb\":{\"@id\":\"https:\/\/inspiratio.ro\/produs\/fim-pudra-de-afine-negre-bio-50g\/#breadcrumb\"},\"inLanguage\":\"en-US\",\"potentialAction\":[{\"@type\":\"ReadAction\",\"target\":[\"https:\/\/inspiratio.ro\/produs\/fim-pudra-de-afine-negre-bio-50g\/\"]}]},{\"@type\":\"ImageObject\",\"inLanguage\":\"en-US\",\"@id\":\"https:\/\/inspiratio.ro\/produs\/fim-pudra-de-afine-negre-bio-50g\/#primaryimage\",\"url\":\"https:\/\/inspiratio.ro\/wp-content\/uploads\/2026\/03\/Pudra-de-afine-web-01_2_740x.webp\",\"contentUrl\":\"https:\/\/inspiratio.ro\/wp-content\/uploads\/2026\/03\/Pudra-de-afine-web-01_2_740x.webp\",\"width\":740,\"height\":740},{\"@type\":\"BreadcrumbList\",\"@id\":\"https:\/\/inspiratio.ro\/produs\/fim-pudra-de-afine-negre-bio-50g\/#breadcrumb\",\"itemListElement\":[{\"@type\":\"ListItem\",\"position\":1,\"name\":\"Shop\",\"item\":\"https:\/\/inspiratio.ro\/magazin-cadouri\/\"},{\"@type\":\"ListItem\",\"position\":2,\"name\":\"FIM Pudr\u0103 de afine negre Bio 50g\"}]},{\"@type\":\"WebSite\",\"@id\":\"https:\/\/inspiratio.ro\/#website\",\"url\":\"https:\/\/inspiratio.ro\/\",\"name\":\"Inspiratio\",\"description\":\"Las\u0103-te purtat de inspira\u021bie\",\"publisher\":{\"@id\":\"https:\/\/inspiratio.ro\/#organization\"},\"potentialAction\":[{\"@type\":\"SearchAction\",\"target\":{\"@type\":\"EntryPoint\",\"urlTemplate\":\"https:\/\/inspiratio.ro\/?s={search_term_string}\"},\"query-input\":{\"@type\":\"PropertyValueSpecification\",\"valueRequired\":true,\"valueName\":\"search_term_string\"}}],\"inLanguage\":\"en-US\"},{\"@type\":\"Organization\",\"@id\":\"https:\/\/inspiratio.ro\/#organization\",\"name\":\"Inspiratio\",\"url\":\"https:\/\/inspiratio.ro\/\",\"logo\":{\"@type\":\"ImageObject\",\"inLanguage\":\"en-US\",\"@id\":\"https:\/\/inspiratio.ro\/#\/schema\/logo\/image\/\",\"url\":\"https:\/\/inspiratio.ro\/wp-content\/uploads\/2020\/06\/logo-inspiratio.png\",\"contentUrl\":\"https:\/\/inspiratio.ro\/wp-content\/uploads\/2020\/06\/logo-inspiratio.png\",\"width\":232,\"height\":209,\"caption\":\"Inspiratio\"},\"image\":{\"@id\":\"https:\/\/inspiratio.ro\/#\/schema\/logo\/image\/\"},\"sameAs\":[\"https:\/\/www.facebook.com\/inspiratiogiftstudio\/\",\"https:\/\/www.instagram.com\/inspiratio_giftstudio\/\"]}]}<\/script>\n<!-- \/ Yoast SEO plugin. -->","yoast_head_json":{"title":"FIM Pudr\u0103 de afine negre Bio 50g - Inspiratio","description":"FIM Pudr\u0103 de afine negre Bio 50g","robots":{"index":"index","follow":"follow","max-snippet":"max-snippet:-1","max-image-preview":"max-image-preview:large","max-video-preview":"max-video-preview:-1"},"canonical":"https:\/\/inspiratio.ro\/produs\/fim-pudra-de-afine-negre-bio-50g\/","og_locale":"en_US","og_type":"article","og_title":"FIM Pudr\u0103 de afine negre Bio 50g - Inspiratio","og_description":"FIM Pudr\u0103 de afine negre Bio 50g","og_url":"https:\/\/inspiratio.ro\/produs\/fim-pudra-de-afine-negre-bio-50g\/","og_site_name":"Inspiratio","article_publisher":"https:\/\/www.facebook.com\/inspiratiogiftstudio\/","article_modified_time":"2026-03-25T14:04:24+00:00","og_image":[{"width":740,"height":740,"url":"https:\/\/inspiratio.ro\/wp-content\/uploads\/2026\/03\/Pudra-de-afine-web-01_2_740x.webp","type":"image\/webp"}],"twitter_card":"summary_large_image","twitter_misc":{"Est. reading time":"5 minutes"},"schema":{"@context":"https:\/\/schema.org","@graph":[{"@type":"WebPage","@id":"https:\/\/inspiratio.ro\/produs\/fim-pudra-de-afine-negre-bio-50g\/","url":"https:\/\/inspiratio.ro\/produs\/fim-pudra-de-afine-negre-bio-50g\/","name":"FIM Pudr\u0103 de afine negre Bio 50g - Inspiratio","isPartOf":{"@id":"https:\/\/inspiratio.ro\/#website"},"primaryImageOfPage":{"@id":"https:\/\/inspiratio.ro\/produs\/fim-pudra-de-afine-negre-bio-50g\/#primaryimage"},"image":{"@id":"https:\/\/inspiratio.ro\/produs\/fim-pudra-de-afine-negre-bio-50g\/#primaryimage"},"thumbnailUrl":"https:\/\/inspiratio.ro\/wp-content\/uploads\/2026\/03\/Pudra-de-afine-web-01_2_740x.webp","datePublished":"2026-03-25T13:01:02+00:00","dateModified":"2026-03-25T14:04:24+00:00","description":"FIM Pudr\u0103 de afine negre Bio 50g","breadcrumb":{"@id":"https:\/\/inspiratio.ro\/produs\/fim-pudra-de-afine-negre-bio-50g\/#breadcrumb"},"inLanguage":"en-US","potentialAction":[{"@type":"ReadAction","target":["https:\/\/inspiratio.ro\/produs\/fim-pudra-de-afine-negre-bio-50g\/"]}]},{"@type":"ImageObject","inLanguage":"en-US","@id":"https:\/\/inspiratio.ro\/produs\/fim-pudra-de-afine-negre-bio-50g\/#primaryimage","url":"https:\/\/inspiratio.ro\/wp-content\/uploads\/2026\/03\/Pudra-de-afine-web-01_2_740x.webp","contentUrl":"https:\/\/inspiratio.ro\/wp-content\/uploads\/2026\/03\/Pudra-de-afine-web-01_2_740x.webp","width":740,"height":740},{"@type":"BreadcrumbList","@id":"https:\/\/inspiratio.ro\/produs\/fim-pudra-de-afine-negre-bio-50g\/#breadcrumb","itemListElement":[{"@type":"ListItem","position":1,"name":"Shop","item":"https:\/\/inspiratio.ro\/magazin-cadouri\/"},{"@type":"ListItem","position":2,"name":"FIM Pudr\u0103 de afine negre Bio 50g"}]},{"@type":"WebSite","@id":"https:\/\/inspiratio.ro\/#website","url":"https:\/\/inspiratio.ro\/","name":"Inspiratio","description":"Las\u0103-te purtat de inspira\u021bie","publisher":{"@id":"https:\/\/inspiratio.ro\/#organization"},"potentialAction":[{"@type":"SearchAction","target":{"@type":"EntryPoint","urlTemplate":"https:\/\/inspiratio.ro\/?s={search_term_string}"},"query-input":{"@type":"PropertyValueSpecification","valueRequired":true,"valueName":"search_term_string"}}],"inLanguage":"en-US"},{"@type":"Organization","@id":"https:\/\/inspiratio.ro\/#organization","name":"Inspiratio","url":"https:\/\/inspiratio.ro\/","logo":{"@type":"ImageObject","inLanguage":"en-US","@id":"https:\/\/inspiratio.ro\/#\/schema\/logo\/image\/","url":"https:\/\/inspiratio.ro\/wp-content\/uploads\/2020\/06\/logo-inspiratio.png","contentUrl":"https:\/\/inspiratio.ro\/wp-content\/uploads\/2020\/06\/logo-inspiratio.png","width":232,"height":209,"caption":"Inspiratio"},"image":{"@id":"https:\/\/inspiratio.ro\/#\/schema\/logo\/image\/"},"sameAs":["https:\/\/www.facebook.com\/inspiratiogiftstudio\/","https:\/\/www.instagram.com\/inspiratio_giftstudio\/"]}]}},"brands":[{"id":269,"name":"Transylvania's Finest Foods","slug":"transylvanias-finest-foods"}],"_links":{"self":[{"href":"https:\/\/inspiratio.ro\/en\/wp-json\/wp\/v2\/product\/10710","targetHints":{"allow":["GET"]}}],"collection":[{"href":"https:\/\/inspiratio.ro\/en\/wp-json\/wp\/v2\/product"}],"about":[{"href":"https:\/\/inspiratio.ro\/en\/wp-json\/wp\/v2\/types\/product"}],"replies":[{"embeddable":true,"href":"https:\/\/inspiratio.ro\/en\/wp-json\/wp\/v2\/comments?post=10710"}],"wp:featuredmedia":[{"embeddable":true,"href":"https:\/\/inspiratio.ro\/en\/wp-json\/wp\/v2\/media\/10711"}],"wp:attachment":[{"href":"https:\/\/inspiratio.ro\/en\/wp-json\/wp\/v2\/media?parent=10710"}],"wp:term":[{"taxonomy":"pwb-brand","embeddable":true,"href":"https:\/\/inspiratio.ro\/en\/wp-json\/wp\/v2\/pwb-brand?post=10710"},{"taxonomy":"product_brand","embeddable":true,"href":"https:\/\/inspiratio.ro\/en\/wp-json\/wp\/v2\/product_brand?post=10710"},{"taxonomy":"product_cat","embeddable":true,"href":"https:\/\/inspiratio.ro\/en\/wp-json\/wp\/v2\/product_cat?post=10710"},{"taxonomy":"product_tag","embeddable":true,"href":"https:\/\/inspiratio.ro\/en\/wp-json\/wp\/v2\/product_tag?post=10710"}],"curies":[{"name":"wp","href":"https:\/\/api.w.org\/{rel}","templated":true}]}}