{"id":10702,"date":"2026-03-25T14:51:55","date_gmt":"2026-03-25T12:51:55","guid":{"rendered":"https:\/\/inspiratio.ro\/?post_type=product&#038;p=10702"},"modified":"2026-03-25T16:01:37","modified_gmt":"2026-03-25T14:01:37","slug":"fim-miere-cu-usturoi-negru-130g","status":"publish","type":"product","link":"https:\/\/inspiratio.ro\/en\/produs\/fim-miere-cu-usturoi-negru-130g\/","title":{"rendered":"Miere cu usturoi negru 130g"},"content":{"rendered":"<div class=\"shopify-section\">\n<h4 style=\"font-weight: 400;\">Miere cu Usturoi Negru<\/h4>\n<p style=\"font-weight: 400;\">Usturoiul negru, cu gustul s\u0103u unic, c\u00e2nd este combinat cu mierea de acacia, poate avea beneficii pentru sistemul imunitar \u0219i s\u0103n\u0103tatea inimii. Acest amestec ofer\u0103 antioxidan\u021bi \u0219i poate \u00eembun\u0103t\u0103\u021bi digestia. Ad\u0103ugarea \u00een m\u00e2nc\u0103ruri \u0219i marinade ofer\u0103 o arom\u0103 distinct\u0103 \u0219i delicioas\u0103.<\/p>\n<p style=\"font-weight: 400;\"><strong>Ingrediente:<\/strong> 84.6% miere de salcam din agricultura ecologica, 15.4% usturoi negru din agricultura ecologica.<\/p>\n<p style=\"font-weight: 400;\">Poate contine urme de: fructe cu coaja lemnoasa, polen, propolis si ceara.<\/p>\n<p style=\"font-weight: 400;\"><strong>Declaratie nutritionala valori medii pentru 100g:<\/strong><\/p>\n<ul>\n<li style=\"font-weight: 400;\"><span style=\"font-size: 13px;\">Valoare energetica 1271kJ\/299Kcal<\/span><\/li>\n<li style=\"font-weight: 400;\"><span style=\"font-size: 13px;\">Grasimi 0.22g<\/span><\/li>\n<li style=\"font-weight: 400;\"><span style=\"font-size: 13px;\">din care acizi grasi saturati 0.09g<\/span><\/li>\n<li style=\"font-weight: 400;\"><span style=\"font-size: 13px;\">Glucide 72g<\/span><\/li>\n<li style=\"font-weight: 400;\"><span style=\"font-size: 13px;\">din care zaharuri 71g<\/span><\/li>\n<li style=\"font-weight: 400;\"><span style=\"font-size: 13px;\">Fibre 0.94g<\/span><\/li>\n<li style=\"font-weight: 400;\"><span style=\"font-size: 13px;\">Proteine 2.17g<\/span><\/li>\n<li style=\"font-weight: 400;\"><span style=\"font-size: 13px;\">Saruri\/sodiu 0.03g<\/span><\/li>\n<\/ul>\n<blockquote>\n<p style=\"font-weight: 400;\">Ovidiu Oroian, doctor, farmacist, nutri\u021bionist \u0219i specialist \u00een biorezonan\u021b\u0103, prezint\u0103 beneficiile usturoiului negru \u2013 un superaliment cu propriet\u0103\u021bi antioxidante, detoxifiante \u0219i cardioprotectoare, ideal pentru men\u021binerea s\u0103n\u0103t\u0103\u021bii organismului \u00een mod natural.<\/p>\n<\/blockquote>\n<\/div>\n","protected":false},"excerpt":{"rendered":"<p>Miere cu Usturoi Negru Usturoiul negru, cu gustul s\u0103u unic, c\u00e2nd este combinat cu mierea de acacia, poate avea beneficii pentru sistemul imunitar \u0219i s\u0103n\u0103tatea inimii. Acest amestec ofer\u0103 antioxidan\u021bi \u0219i poate \u00eembun\u0103t\u0103\u021bi digestia. Ad\u0103ugarea \u00een m\u00e2nc\u0103ruri \u0219i marinade ofer\u0103 o arom\u0103 distinct\u0103 \u0219i delicioas\u0103. Ingrediente: 84.6% miere de salcam din agricultura ecologica, 15.4% usturoi [&hellip;]<\/p>\n","protected":false},"featured_media":10705,"comment_status":"closed","ping_status":"closed","template":"","meta":[],"pwb-brand":[269],"product_brand":[270],"product_cat":[117],"product_tag":[],"class_list":{"0":"post-10702","1":"product","2":"type-product","3":"status-publish","4":"has-post-thumbnail","6":"pwb-brand-transylvanias-finest-foods","7":"product_brand-transylvanias-finest-foods","8":"product_cat-specialitati-gourmet","10":"first","11":"instock","12":"taxable","13":"shipping-taxable","14":"purchasable","15":"product-type-simple"},"yoast_head":"<!-- This site is optimized with the Yoast SEO plugin v26.9 - https:\/\/yoast.com\/product\/yoast-seo-wordpress\/ -->\n<title>FIM Miere cu usturoi negru 130g - Inspiratio<\/title>\n<meta name=\"description\" content=\"FIM Miere cu usturoi negru 130g\" \/>\n<meta name=\"robots\" content=\"index, follow, max-snippet:-1, max-image-preview:large, max-video-preview:-1\" \/>\n<link rel=\"canonical\" href=\"https:\/\/inspiratio.ro\/produs\/fim-miere-cu-usturoi-negru-130g\/\" \/>\n<meta property=\"og:locale\" content=\"en_US\" \/>\n<meta property=\"og:type\" content=\"article\" \/>\n<meta property=\"og:title\" content=\"FIM Miere cu usturoi negru 130g - Inspiratio\" \/>\n<meta property=\"og:description\" content=\"FIM Miere cu usturoi negru 130g\" \/>\n<meta property=\"og:url\" content=\"https:\/\/inspiratio.ro\/produs\/fim-miere-cu-usturoi-negru-130g\/\" \/>\n<meta property=\"og:site_name\" content=\"Inspiratio\" \/>\n<meta property=\"article:publisher\" content=\"https:\/\/www.facebook.com\/inspiratiogiftstudio\/\" \/>\n<meta property=\"article:modified_time\" content=\"2026-03-25T14:01:37+00:00\" \/>\n<meta property=\"og:image\" content=\"https:\/\/inspiratio.ro\/wp-content\/uploads\/2026\/03\/Miere-cu-usturoi-negru-BIO_-130g_WEB_740x.webp\" \/>\n\t<meta property=\"og:image:width\" content=\"600\" \/>\n\t<meta property=\"og:image:height\" content=\"686\" \/>\n\t<meta property=\"og:image:type\" content=\"image\/webp\" \/>\n<meta name=\"twitter:card\" content=\"summary_large_image\" \/>\n<meta name=\"twitter:label1\" content=\"Est. reading time\" \/>\n\t<meta name=\"twitter:data1\" content=\"1 minute\" \/>\n<script type=\"application\/ld+json\" class=\"yoast-schema-graph\">{\"@context\":\"https:\/\/schema.org\",\"@graph\":[{\"@type\":\"WebPage\",\"@id\":\"https:\/\/inspiratio.ro\/produs\/fim-miere-cu-usturoi-negru-130g\/\",\"url\":\"https:\/\/inspiratio.ro\/produs\/fim-miere-cu-usturoi-negru-130g\/\",\"name\":\"FIM Miere cu usturoi negru 130g - Inspiratio\",\"isPartOf\":{\"@id\":\"https:\/\/inspiratio.ro\/#website\"},\"primaryImageOfPage\":{\"@id\":\"https:\/\/inspiratio.ro\/produs\/fim-miere-cu-usturoi-negru-130g\/#primaryimage\"},\"image\":{\"@id\":\"https:\/\/inspiratio.ro\/produs\/fim-miere-cu-usturoi-negru-130g\/#primaryimage\"},\"thumbnailUrl\":\"https:\/\/inspiratio.ro\/wp-content\/uploads\/2026\/03\/Miere-cu-usturoi-negru-BIO_-130g_WEB_740x.webp\",\"datePublished\":\"2026-03-25T12:51:55+00:00\",\"dateModified\":\"2026-03-25T14:01:37+00:00\",\"description\":\"FIM Miere cu usturoi negru 130g\",\"breadcrumb\":{\"@id\":\"https:\/\/inspiratio.ro\/produs\/fim-miere-cu-usturoi-negru-130g\/#breadcrumb\"},\"inLanguage\":\"en-US\",\"potentialAction\":[{\"@type\":\"ReadAction\",\"target\":[\"https:\/\/inspiratio.ro\/produs\/fim-miere-cu-usturoi-negru-130g\/\"]}]},{\"@type\":\"ImageObject\",\"inLanguage\":\"en-US\",\"@id\":\"https:\/\/inspiratio.ro\/produs\/fim-miere-cu-usturoi-negru-130g\/#primaryimage\",\"url\":\"https:\/\/inspiratio.ro\/wp-content\/uploads\/2026\/03\/Miere-cu-usturoi-negru-BIO_-130g_WEB_740x.webp\",\"contentUrl\":\"https:\/\/inspiratio.ro\/wp-content\/uploads\/2026\/03\/Miere-cu-usturoi-negru-BIO_-130g_WEB_740x.webp\",\"width\":600,\"height\":686},{\"@type\":\"BreadcrumbList\",\"@id\":\"https:\/\/inspiratio.ro\/produs\/fim-miere-cu-usturoi-negru-130g\/#breadcrumb\",\"itemListElement\":[{\"@type\":\"ListItem\",\"position\":1,\"name\":\"Shop\",\"item\":\"https:\/\/inspiratio.ro\/magazin-cadouri\/\"},{\"@type\":\"ListItem\",\"position\":2,\"name\":\"FIM Miere cu usturoi negru 130g\"}]},{\"@type\":\"WebSite\",\"@id\":\"https:\/\/inspiratio.ro\/#website\",\"url\":\"https:\/\/inspiratio.ro\/\",\"name\":\"Inspiratio\",\"description\":\"Las\u0103-te purtat de inspira\u021bie\",\"publisher\":{\"@id\":\"https:\/\/inspiratio.ro\/#organization\"},\"potentialAction\":[{\"@type\":\"SearchAction\",\"target\":{\"@type\":\"EntryPoint\",\"urlTemplate\":\"https:\/\/inspiratio.ro\/?s={search_term_string}\"},\"query-input\":{\"@type\":\"PropertyValueSpecification\",\"valueRequired\":true,\"valueName\":\"search_term_string\"}}],\"inLanguage\":\"en-US\"},{\"@type\":\"Organization\",\"@id\":\"https:\/\/inspiratio.ro\/#organization\",\"name\":\"Inspiratio\",\"url\":\"https:\/\/inspiratio.ro\/\",\"logo\":{\"@type\":\"ImageObject\",\"inLanguage\":\"en-US\",\"@id\":\"https:\/\/inspiratio.ro\/#\/schema\/logo\/image\/\",\"url\":\"https:\/\/inspiratio.ro\/wp-content\/uploads\/2020\/06\/logo-inspiratio.png\",\"contentUrl\":\"https:\/\/inspiratio.ro\/wp-content\/uploads\/2020\/06\/logo-inspiratio.png\",\"width\":232,\"height\":209,\"caption\":\"Inspiratio\"},\"image\":{\"@id\":\"https:\/\/inspiratio.ro\/#\/schema\/logo\/image\/\"},\"sameAs\":[\"https:\/\/www.facebook.com\/inspiratiogiftstudio\/\",\"https:\/\/www.instagram.com\/inspiratio_giftstudio\/\"]}]}<\/script>\n<!-- \/ Yoast SEO plugin. -->","yoast_head_json":{"title":"FIM Miere cu usturoi negru 130g - Inspiratio","description":"FIM Miere cu usturoi negru 130g","robots":{"index":"index","follow":"follow","max-snippet":"max-snippet:-1","max-image-preview":"max-image-preview:large","max-video-preview":"max-video-preview:-1"},"canonical":"https:\/\/inspiratio.ro\/produs\/fim-miere-cu-usturoi-negru-130g\/","og_locale":"en_US","og_type":"article","og_title":"FIM Miere cu usturoi negru 130g - Inspiratio","og_description":"FIM Miere cu usturoi negru 130g","og_url":"https:\/\/inspiratio.ro\/produs\/fim-miere-cu-usturoi-negru-130g\/","og_site_name":"Inspiratio","article_publisher":"https:\/\/www.facebook.com\/inspiratiogiftstudio\/","article_modified_time":"2026-03-25T14:01:37+00:00","og_image":[{"width":600,"height":686,"url":"https:\/\/inspiratio.ro\/wp-content\/uploads\/2026\/03\/Miere-cu-usturoi-negru-BIO_-130g_WEB_740x.webp","type":"image\/webp"}],"twitter_card":"summary_large_image","twitter_misc":{"Est. reading time":"1 minute"},"schema":{"@context":"https:\/\/schema.org","@graph":[{"@type":"WebPage","@id":"https:\/\/inspiratio.ro\/produs\/fim-miere-cu-usturoi-negru-130g\/","url":"https:\/\/inspiratio.ro\/produs\/fim-miere-cu-usturoi-negru-130g\/","name":"FIM Miere cu usturoi negru 130g - Inspiratio","isPartOf":{"@id":"https:\/\/inspiratio.ro\/#website"},"primaryImageOfPage":{"@id":"https:\/\/inspiratio.ro\/produs\/fim-miere-cu-usturoi-negru-130g\/#primaryimage"},"image":{"@id":"https:\/\/inspiratio.ro\/produs\/fim-miere-cu-usturoi-negru-130g\/#primaryimage"},"thumbnailUrl":"https:\/\/inspiratio.ro\/wp-content\/uploads\/2026\/03\/Miere-cu-usturoi-negru-BIO_-130g_WEB_740x.webp","datePublished":"2026-03-25T12:51:55+00:00","dateModified":"2026-03-25T14:01:37+00:00","description":"FIM Miere cu usturoi negru 130g","breadcrumb":{"@id":"https:\/\/inspiratio.ro\/produs\/fim-miere-cu-usturoi-negru-130g\/#breadcrumb"},"inLanguage":"en-US","potentialAction":[{"@type":"ReadAction","target":["https:\/\/inspiratio.ro\/produs\/fim-miere-cu-usturoi-negru-130g\/"]}]},{"@type":"ImageObject","inLanguage":"en-US","@id":"https:\/\/inspiratio.ro\/produs\/fim-miere-cu-usturoi-negru-130g\/#primaryimage","url":"https:\/\/inspiratio.ro\/wp-content\/uploads\/2026\/03\/Miere-cu-usturoi-negru-BIO_-130g_WEB_740x.webp","contentUrl":"https:\/\/inspiratio.ro\/wp-content\/uploads\/2026\/03\/Miere-cu-usturoi-negru-BIO_-130g_WEB_740x.webp","width":600,"height":686},{"@type":"BreadcrumbList","@id":"https:\/\/inspiratio.ro\/produs\/fim-miere-cu-usturoi-negru-130g\/#breadcrumb","itemListElement":[{"@type":"ListItem","position":1,"name":"Shop","item":"https:\/\/inspiratio.ro\/magazin-cadouri\/"},{"@type":"ListItem","position":2,"name":"FIM Miere cu usturoi negru 130g"}]},{"@type":"WebSite","@id":"https:\/\/inspiratio.ro\/#website","url":"https:\/\/inspiratio.ro\/","name":"Inspiratio","description":"Las\u0103-te purtat de inspira\u021bie","publisher":{"@id":"https:\/\/inspiratio.ro\/#organization"},"potentialAction":[{"@type":"SearchAction","target":{"@type":"EntryPoint","urlTemplate":"https:\/\/inspiratio.ro\/?s={search_term_string}"},"query-input":{"@type":"PropertyValueSpecification","valueRequired":true,"valueName":"search_term_string"}}],"inLanguage":"en-US"},{"@type":"Organization","@id":"https:\/\/inspiratio.ro\/#organization","name":"Inspiratio","url":"https:\/\/inspiratio.ro\/","logo":{"@type":"ImageObject","inLanguage":"en-US","@id":"https:\/\/inspiratio.ro\/#\/schema\/logo\/image\/","url":"https:\/\/inspiratio.ro\/wp-content\/uploads\/2020\/06\/logo-inspiratio.png","contentUrl":"https:\/\/inspiratio.ro\/wp-content\/uploads\/2020\/06\/logo-inspiratio.png","width":232,"height":209,"caption":"Inspiratio"},"image":{"@id":"https:\/\/inspiratio.ro\/#\/schema\/logo\/image\/"},"sameAs":["https:\/\/www.facebook.com\/inspiratiogiftstudio\/","https:\/\/www.instagram.com\/inspiratio_giftstudio\/"]}]}},"brands":[{"id":269,"name":"Transylvania's Finest Foods","slug":"transylvanias-finest-foods"}],"_links":{"self":[{"href":"https:\/\/inspiratio.ro\/en\/wp-json\/wp\/v2\/product\/10702","targetHints":{"allow":["GET"]}}],"collection":[{"href":"https:\/\/inspiratio.ro\/en\/wp-json\/wp\/v2\/product"}],"about":[{"href":"https:\/\/inspiratio.ro\/en\/wp-json\/wp\/v2\/types\/product"}],"replies":[{"embeddable":true,"href":"https:\/\/inspiratio.ro\/en\/wp-json\/wp\/v2\/comments?post=10702"}],"wp:featuredmedia":[{"embeddable":true,"href":"https:\/\/inspiratio.ro\/en\/wp-json\/wp\/v2\/media\/10705"}],"wp:attachment":[{"href":"https:\/\/inspiratio.ro\/en\/wp-json\/wp\/v2\/media?parent=10702"}],"wp:term":[{"taxonomy":"pwb-brand","embeddable":true,"href":"https:\/\/inspiratio.ro\/en\/wp-json\/wp\/v2\/pwb-brand?post=10702"},{"taxonomy":"product_brand","embeddable":true,"href":"https:\/\/inspiratio.ro\/en\/wp-json\/wp\/v2\/product_brand?post=10702"},{"taxonomy":"product_cat","embeddable":true,"href":"https:\/\/inspiratio.ro\/en\/wp-json\/wp\/v2\/product_cat?post=10702"},{"taxonomy":"product_tag","embeddable":true,"href":"https:\/\/inspiratio.ro\/en\/wp-json\/wp\/v2\/product_tag?post=10702"}],"curies":[{"name":"wp","href":"https:\/\/api.w.org\/{rel}","templated":true}]}}