{"id":10692,"date":"2026-03-25T14:27:14","date_gmt":"2026-03-25T12:27:14","guid":{"rendered":"https:\/\/inspiratio.ro\/?post_type=product&#038;p=10692"},"modified":"2026-03-25T15:50:32","modified_gmt":"2026-03-25T13:50:32","slug":"fim-miere-cu-afine-rosii-bio-130-g","status":"publish","type":"product","link":"https:\/\/inspiratio.ro\/en\/produs\/fim-miere-cu-afine-rosii-bio-130-g\/","title":{"rendered":"Miere cu afine ro\u0219ii Bio 130 g"},"content":{"rendered":"<p style=\"font-weight: 400;\"><em>Produs ob\u021binut din fructele de p\u0103dure din Flora spontan\u0103.<\/em><\/p>\n<h4 style=\"font-weight: 400;\">Miere cu Afine Ro\u0219ii<\/h4>\n<p style=\"font-weight: 400;\">Mierea cu afine ro\u0219ii ofer\u0103 o combina\u021bie unic\u0103 de dulcea\u021b\u0103 \u0219i prospe\u021bime. Afinele ro\u0219ii sunt bogate \u00een antioxidan\u021bi \u0219i vitamine, sprijinind s\u0103n\u0103tatea ochilor \u0219i a pielii. Acestea \u00eempreun\u0103 cu mierea adaug\u0103 un plus de energie \u0219i beneficii pentru sistemul imunitar \u0219i digestiv.<\/p>\n<p style=\"font-weight: 400;\"><strong>Ingrediente:<\/strong> 93.3% miere de salcam din agricultura ecologica, 6.7% afine rosii uscate (merisoare) din agricultura ecologica.<\/p>\n<p style=\"font-weight: 400;\">Poate contine urme de: fructe cu coaja lemnoasa, polen, propolis si ceara.<\/p>\n<p style=\"font-weight: 400;\"><strong>Declaratie nutritionala valori medii pentru 100g:<\/strong><\/p>\n<ul>\n<li><span style=\"font-size: 13px;\">Valoare energetica 1330kJ\/314Kcal<\/span><\/li>\n<li><span style=\"font-size: 13px;\">Grasimi 27g<\/span><\/li>\n<li><span style=\"font-size: 13px;\">din care acizi grasi saturati 11g<\/span><\/li>\n<li><span style=\"font-size: 13px;\">Glucide 6g<\/span><\/li>\n<li><span style=\"font-size: 13px;\">din care zaharuri 2g<\/span><\/li>\n<li><span style=\"font-size: 13px;\">Fibre 1g<\/span><\/li>\n<li><span style=\"font-size: 13px;\">Proteine 35g<\/span><\/li>\n<li><span style=\"font-size: 13px;\">Saruri\/sodiu 03g<\/span><\/li>\n<\/ul>\n","protected":false},"excerpt":{"rendered":"<p>Produs ob\u021binut din fructele de p\u0103dure din Flora spontan\u0103. Miere cu Afine Ro\u0219ii Mierea cu afine ro\u0219ii ofer\u0103 o combina\u021bie unic\u0103 de dulcea\u021b\u0103 \u0219i prospe\u021bime. Afinele ro\u0219ii sunt bogate \u00een antioxidan\u021bi \u0219i vitamine, sprijinind s\u0103n\u0103tatea ochilor \u0219i a pielii. Acestea \u00eempreun\u0103 cu mierea adaug\u0103 un plus de energie \u0219i beneficii pentru sistemul imunitar \u0219i digestiv. [&hellip;]<\/p>\n","protected":false},"featured_media":10690,"comment_status":"closed","ping_status":"closed","template":"","meta":[],"pwb-brand":[269],"product_brand":[270],"product_cat":[117],"product_tag":[],"class_list":{"0":"post-10692","1":"product","2":"type-product","3":"status-publish","4":"has-post-thumbnail","6":"pwb-brand-transylvanias-finest-foods","7":"product_brand-transylvanias-finest-foods","8":"product_cat-specialitati-gourmet","10":"first","11":"instock","12":"taxable","13":"shipping-taxable","14":"purchasable","15":"product-type-simple"},"yoast_head":"<!-- This site is optimized with the Yoast SEO plugin v26.9 - https:\/\/yoast.com\/product\/yoast-seo-wordpress\/ -->\n<title>FIM Miere cu afine ro\u0219ii Bio 130 g - Inspiratio<\/title>\n<meta name=\"description\" content=\"FIM Miere cu afine ro\u0219ii bio 130 g\" \/>\n<meta name=\"robots\" content=\"index, follow, max-snippet:-1, max-image-preview:large, max-video-preview:-1\" \/>\n<link rel=\"canonical\" href=\"https:\/\/inspiratio.ro\/produs\/fim-miere-cu-afine-rosii-bio-130-g\/\" \/>\n<meta property=\"og:locale\" content=\"en_US\" \/>\n<meta property=\"og:type\" content=\"article\" \/>\n<meta property=\"og:title\" content=\"FIM Miere cu afine ro\u0219ii Bio 130 g - Inspiratio\" \/>\n<meta property=\"og:description\" content=\"FIM Miere cu afine ro\u0219ii bio 130 g\" \/>\n<meta property=\"og:url\" content=\"https:\/\/inspiratio.ro\/produs\/fim-miere-cu-afine-rosii-bio-130-g\/\" \/>\n<meta property=\"og:site_name\" content=\"Inspiratio\" \/>\n<meta property=\"article:publisher\" content=\"https:\/\/www.facebook.com\/inspiratiogiftstudio\/\" \/>\n<meta property=\"article:modified_time\" content=\"2026-03-25T13:50:32+00:00\" \/>\n<meta property=\"og:image\" content=\"https:\/\/inspiratio.ro\/wp-content\/uploads\/2026\/03\/85_Miere-cu-afine-negre-Bio_cantitate-neta_225-gr_web_900x.webp\" \/>\n\t<meta property=\"og:image:width\" content=\"600\" \/>\n\t<meta property=\"og:image:height\" content=\"686\" \/>\n\t<meta property=\"og:image:type\" content=\"image\/webp\" \/>\n<meta name=\"twitter:card\" content=\"summary_large_image\" \/>\n<meta name=\"twitter:label1\" content=\"Est. reading time\" \/>\n\t<meta name=\"twitter:data1\" content=\"1 minute\" \/>\n<script type=\"application\/ld+json\" class=\"yoast-schema-graph\">{\"@context\":\"https:\/\/schema.org\",\"@graph\":[{\"@type\":\"WebPage\",\"@id\":\"https:\/\/inspiratio.ro\/produs\/fim-miere-cu-afine-rosii-bio-130-g\/\",\"url\":\"https:\/\/inspiratio.ro\/produs\/fim-miere-cu-afine-rosii-bio-130-g\/\",\"name\":\"FIM Miere cu afine ro\u0219ii Bio 130 g - Inspiratio\",\"isPartOf\":{\"@id\":\"https:\/\/inspiratio.ro\/#website\"},\"primaryImageOfPage\":{\"@id\":\"https:\/\/inspiratio.ro\/produs\/fim-miere-cu-afine-rosii-bio-130-g\/#primaryimage\"},\"image\":{\"@id\":\"https:\/\/inspiratio.ro\/produs\/fim-miere-cu-afine-rosii-bio-130-g\/#primaryimage\"},\"thumbnailUrl\":\"https:\/\/inspiratio.ro\/wp-content\/uploads\/2026\/03\/85_Miere-cu-afine-negre-Bio_cantitate-neta_225-gr_web_900x.webp\",\"datePublished\":\"2026-03-25T12:27:14+00:00\",\"dateModified\":\"2026-03-25T13:50:32+00:00\",\"description\":\"FIM Miere cu afine ro\u0219ii bio 130 g\",\"breadcrumb\":{\"@id\":\"https:\/\/inspiratio.ro\/produs\/fim-miere-cu-afine-rosii-bio-130-g\/#breadcrumb\"},\"inLanguage\":\"en-US\",\"potentialAction\":[{\"@type\":\"ReadAction\",\"target\":[\"https:\/\/inspiratio.ro\/produs\/fim-miere-cu-afine-rosii-bio-130-g\/\"]}]},{\"@type\":\"ImageObject\",\"inLanguage\":\"en-US\",\"@id\":\"https:\/\/inspiratio.ro\/produs\/fim-miere-cu-afine-rosii-bio-130-g\/#primaryimage\",\"url\":\"https:\/\/inspiratio.ro\/wp-content\/uploads\/2026\/03\/85_Miere-cu-afine-negre-Bio_cantitate-neta_225-gr_web_900x.webp\",\"contentUrl\":\"https:\/\/inspiratio.ro\/wp-content\/uploads\/2026\/03\/85_Miere-cu-afine-negre-Bio_cantitate-neta_225-gr_web_900x.webp\",\"width\":600,\"height\":686},{\"@type\":\"BreadcrumbList\",\"@id\":\"https:\/\/inspiratio.ro\/produs\/fim-miere-cu-afine-rosii-bio-130-g\/#breadcrumb\",\"itemListElement\":[{\"@type\":\"ListItem\",\"position\":1,\"name\":\"Shop\",\"item\":\"https:\/\/inspiratio.ro\/magazin-cadouri\/\"},{\"@type\":\"ListItem\",\"position\":2,\"name\":\"FIM Miere cu afine ro\u0219ii Bio 130 g\"}]},{\"@type\":\"WebSite\",\"@id\":\"https:\/\/inspiratio.ro\/#website\",\"url\":\"https:\/\/inspiratio.ro\/\",\"name\":\"Inspiratio\",\"description\":\"Las\u0103-te purtat de inspira\u021bie\",\"publisher\":{\"@id\":\"https:\/\/inspiratio.ro\/#organization\"},\"potentialAction\":[{\"@type\":\"SearchAction\",\"target\":{\"@type\":\"EntryPoint\",\"urlTemplate\":\"https:\/\/inspiratio.ro\/?s={search_term_string}\"},\"query-input\":{\"@type\":\"PropertyValueSpecification\",\"valueRequired\":true,\"valueName\":\"search_term_string\"}}],\"inLanguage\":\"en-US\"},{\"@type\":\"Organization\",\"@id\":\"https:\/\/inspiratio.ro\/#organization\",\"name\":\"Inspiratio\",\"url\":\"https:\/\/inspiratio.ro\/\",\"logo\":{\"@type\":\"ImageObject\",\"inLanguage\":\"en-US\",\"@id\":\"https:\/\/inspiratio.ro\/#\/schema\/logo\/image\/\",\"url\":\"https:\/\/inspiratio.ro\/wp-content\/uploads\/2020\/06\/logo-inspiratio.png\",\"contentUrl\":\"https:\/\/inspiratio.ro\/wp-content\/uploads\/2020\/06\/logo-inspiratio.png\",\"width\":232,\"height\":209,\"caption\":\"Inspiratio\"},\"image\":{\"@id\":\"https:\/\/inspiratio.ro\/#\/schema\/logo\/image\/\"},\"sameAs\":[\"https:\/\/www.facebook.com\/inspiratiogiftstudio\/\",\"https:\/\/www.instagram.com\/inspiratio_giftstudio\/\"]}]}<\/script>\n<!-- \/ Yoast SEO plugin. -->","yoast_head_json":{"title":"FIM Miere cu afine ro\u0219ii Bio 130 g - Inspiratio","description":"FIM Miere cu afine ro\u0219ii bio 130 g","robots":{"index":"index","follow":"follow","max-snippet":"max-snippet:-1","max-image-preview":"max-image-preview:large","max-video-preview":"max-video-preview:-1"},"canonical":"https:\/\/inspiratio.ro\/produs\/fim-miere-cu-afine-rosii-bio-130-g\/","og_locale":"en_US","og_type":"article","og_title":"FIM Miere cu afine ro\u0219ii Bio 130 g - Inspiratio","og_description":"FIM Miere cu afine ro\u0219ii bio 130 g","og_url":"https:\/\/inspiratio.ro\/produs\/fim-miere-cu-afine-rosii-bio-130-g\/","og_site_name":"Inspiratio","article_publisher":"https:\/\/www.facebook.com\/inspiratiogiftstudio\/","article_modified_time":"2026-03-25T13:50:32+00:00","og_image":[{"width":600,"height":686,"url":"https:\/\/inspiratio.ro\/wp-content\/uploads\/2026\/03\/85_Miere-cu-afine-negre-Bio_cantitate-neta_225-gr_web_900x.webp","type":"image\/webp"}],"twitter_card":"summary_large_image","twitter_misc":{"Est. reading time":"1 minute"},"schema":{"@context":"https:\/\/schema.org","@graph":[{"@type":"WebPage","@id":"https:\/\/inspiratio.ro\/produs\/fim-miere-cu-afine-rosii-bio-130-g\/","url":"https:\/\/inspiratio.ro\/produs\/fim-miere-cu-afine-rosii-bio-130-g\/","name":"FIM Miere cu afine ro\u0219ii Bio 130 g - Inspiratio","isPartOf":{"@id":"https:\/\/inspiratio.ro\/#website"},"primaryImageOfPage":{"@id":"https:\/\/inspiratio.ro\/produs\/fim-miere-cu-afine-rosii-bio-130-g\/#primaryimage"},"image":{"@id":"https:\/\/inspiratio.ro\/produs\/fim-miere-cu-afine-rosii-bio-130-g\/#primaryimage"},"thumbnailUrl":"https:\/\/inspiratio.ro\/wp-content\/uploads\/2026\/03\/85_Miere-cu-afine-negre-Bio_cantitate-neta_225-gr_web_900x.webp","datePublished":"2026-03-25T12:27:14+00:00","dateModified":"2026-03-25T13:50:32+00:00","description":"FIM Miere cu afine ro\u0219ii bio 130 g","breadcrumb":{"@id":"https:\/\/inspiratio.ro\/produs\/fim-miere-cu-afine-rosii-bio-130-g\/#breadcrumb"},"inLanguage":"en-US","potentialAction":[{"@type":"ReadAction","target":["https:\/\/inspiratio.ro\/produs\/fim-miere-cu-afine-rosii-bio-130-g\/"]}]},{"@type":"ImageObject","inLanguage":"en-US","@id":"https:\/\/inspiratio.ro\/produs\/fim-miere-cu-afine-rosii-bio-130-g\/#primaryimage","url":"https:\/\/inspiratio.ro\/wp-content\/uploads\/2026\/03\/85_Miere-cu-afine-negre-Bio_cantitate-neta_225-gr_web_900x.webp","contentUrl":"https:\/\/inspiratio.ro\/wp-content\/uploads\/2026\/03\/85_Miere-cu-afine-negre-Bio_cantitate-neta_225-gr_web_900x.webp","width":600,"height":686},{"@type":"BreadcrumbList","@id":"https:\/\/inspiratio.ro\/produs\/fim-miere-cu-afine-rosii-bio-130-g\/#breadcrumb","itemListElement":[{"@type":"ListItem","position":1,"name":"Shop","item":"https:\/\/inspiratio.ro\/magazin-cadouri\/"},{"@type":"ListItem","position":2,"name":"FIM Miere cu afine ro\u0219ii Bio 130 g"}]},{"@type":"WebSite","@id":"https:\/\/inspiratio.ro\/#website","url":"https:\/\/inspiratio.ro\/","name":"Inspiratio","description":"Las\u0103-te purtat de inspira\u021bie","publisher":{"@id":"https:\/\/inspiratio.ro\/#organization"},"potentialAction":[{"@type":"SearchAction","target":{"@type":"EntryPoint","urlTemplate":"https:\/\/inspiratio.ro\/?s={search_term_string}"},"query-input":{"@type":"PropertyValueSpecification","valueRequired":true,"valueName":"search_term_string"}}],"inLanguage":"en-US"},{"@type":"Organization","@id":"https:\/\/inspiratio.ro\/#organization","name":"Inspiratio","url":"https:\/\/inspiratio.ro\/","logo":{"@type":"ImageObject","inLanguage":"en-US","@id":"https:\/\/inspiratio.ro\/#\/schema\/logo\/image\/","url":"https:\/\/inspiratio.ro\/wp-content\/uploads\/2020\/06\/logo-inspiratio.png","contentUrl":"https:\/\/inspiratio.ro\/wp-content\/uploads\/2020\/06\/logo-inspiratio.png","width":232,"height":209,"caption":"Inspiratio"},"image":{"@id":"https:\/\/inspiratio.ro\/#\/schema\/logo\/image\/"},"sameAs":["https:\/\/www.facebook.com\/inspiratiogiftstudio\/","https:\/\/www.instagram.com\/inspiratio_giftstudio\/"]}]}},"brands":[{"id":269,"name":"Transylvania's Finest Foods","slug":"transylvanias-finest-foods"}],"_links":{"self":[{"href":"https:\/\/inspiratio.ro\/en\/wp-json\/wp\/v2\/product\/10692","targetHints":{"allow":["GET"]}}],"collection":[{"href":"https:\/\/inspiratio.ro\/en\/wp-json\/wp\/v2\/product"}],"about":[{"href":"https:\/\/inspiratio.ro\/en\/wp-json\/wp\/v2\/types\/product"}],"replies":[{"embeddable":true,"href":"https:\/\/inspiratio.ro\/en\/wp-json\/wp\/v2\/comments?post=10692"}],"wp:featuredmedia":[{"embeddable":true,"href":"https:\/\/inspiratio.ro\/en\/wp-json\/wp\/v2\/media\/10690"}],"wp:attachment":[{"href":"https:\/\/inspiratio.ro\/en\/wp-json\/wp\/v2\/media?parent=10692"}],"wp:term":[{"taxonomy":"pwb-brand","embeddable":true,"href":"https:\/\/inspiratio.ro\/en\/wp-json\/wp\/v2\/pwb-brand?post=10692"},{"taxonomy":"product_brand","embeddable":true,"href":"https:\/\/inspiratio.ro\/en\/wp-json\/wp\/v2\/product_brand?post=10692"},{"taxonomy":"product_cat","embeddable":true,"href":"https:\/\/inspiratio.ro\/en\/wp-json\/wp\/v2\/product_cat?post=10692"},{"taxonomy":"product_tag","embeddable":true,"href":"https:\/\/inspiratio.ro\/en\/wp-json\/wp\/v2\/product_tag?post=10692"}],"curies":[{"name":"wp","href":"https:\/\/api.w.org\/{rel}","templated":true}]}}