{"id":10643,"date":"2026-03-05T22:15:26","date_gmt":"2026-03-05T20:15:26","guid":{"rendered":"https:\/\/inspiratio.ro\/?post_type=product&#038;p=10643"},"modified":"2026-03-05T22:28:36","modified_gmt":"2026-03-05T20:28:36","slug":"cas-lant-ag-pandantiv-35-cm-lacrima","status":"publish","type":"product","link":"https:\/\/inspiratio.ro\/en\/produs\/cas-lant-ag-pandantiv-35-cm-lacrima\/","title":{"rendered":"Lan\u021b Ag pandantiv lacrim\u0103"},"content":{"rendered":"<p><span style=\"color: #212b36;\"><span style=\"font-family: Times New Roman, serif;\"><span style=\"font-size: medium;\"><b>LAN\u021a AG. &#8211; PANDANTIV 3.5cm \/ lacrim\u0103<\/b><\/span><\/span><\/span><\/p>\n<p><span style=\"font-family: Times New Roman, serif;\">Floarea este protejata in rasina epoxidica nontoxica, creand o bijuterie unica si eleganta. Acesoriile \u0219i lan\u021bul sunt din Ag925.<\/span><\/p>\n<p><span style=\"font-family: Times New Roman, serif;\">. . . . . . . . . . . . . . . . . . . . . . . . . . . . . . . . . . . . . . . . . . . . . . .<\/span><\/p>\n<p><span style=\"font-family: Times New Roman, serif;\">Dimensiuni: <\/span><\/p>\n<p><span style=\"font-family: Times New Roman, serif;\">&#8211; pandantiv 3,5 cm diametrul<\/span><\/p>\n<p><span style=\"font-family: Times New Roman, serif;\">&#8211; lan\u021b din Ag925 de 45 cm lungime<\/span><\/p>\n<p><span style=\"font-family: Times New Roman, serif;\">. . . . . . . . . . . . . . . . . . . . . . . . . . . . . . . . . . . . . . . . . . . . . . .<\/span><\/p>\n<p><span style=\"font-family: Times New Roman, serif;\">Bijuteriile Loe&#8217;s Garden sunt lucrate manual, fiecare fiind unic\u0103 \u0219i autentic\u0103. Florile, culese atent din gr\u0103dina mea, reflect\u0103 frumuse\u021bea naturii \u00een fiecare detaliu.<\/span><\/p>\n<p><span style=\"font-family: Times New Roman, serif;\">. . . . . . . . . . . . . . . . . . . . . . . . . . . . . . . . . . . . . . . . . . . . . . .<\/span><\/p>\n<p><span style=\"font-family: Times New Roman, serif;\">N O T \u0102: Florile pot varia u\u0219or de la un model la altul, \u00eens\u0103 m\u0103 str\u0103duiesc s\u0103 le recreez c\u00e2t mai fidel dup\u0103 designul original. Obiectul pe care \u00eel vei primi va fi foarte asem\u0103n\u0103tor cu cel din fotografie.<\/span><\/p>\n<p><span style=\"font-family: Times New Roman, serif;\">\u00ce\u021bi mul\u021bumesc c\u0103 ai ales s\u0103 explorezi universul Loe&#8217;s Garden!<\/span><\/p>\n<hr \/>\n<div>\n<p>La INSPIRATIO stocurile sunt mereu reduse pentru c\u0103 lucr\u0103m cu artizani \u0219i designeri care manufactureaz\u0103 fiecare produs \u00een parte.<\/p>\n<\/div>\n<p>Av\u00e2nd \u00een vedere diversitatea modelelor, culorilor \u0219i cea a dimensiunilor disponibile \u00een magazin, v\u0103 rug\u0103m s\u0103 ne contacta\u021bi telefonic\/Whatsapp pentru a v\u0103 putea sprijini \u00een alegerea produsului dorit.<\/p>\n","protected":false},"excerpt":{"rendered":"<p>LAN\u021a AG. &#8211; PANDANTIV 3.5cm \/ lacrim\u0103 Floarea este protejata in rasina epoxidica nontoxica, creand o bijuterie unica si eleganta. Acesoriile \u0219i lan\u021bul sunt din Ag925. . . . . . . . . . . . . . . . . . . . . . . . . . . . . . [&hellip;]<\/p>\n","protected":false},"featured_media":10645,"comment_status":"closed","ping_status":"closed","template":"","meta":[],"pwb-brand":[274],"product_brand":[273],"product_cat":[87,18],"product_tag":[276],"class_list":{"0":"post-10643","1":"product","2":"type-product","3":"status-publish","4":"has-post-thumbnail","6":"pwb-brand-loes-garden","7":"product_brand-loes-garden","8":"product_cat-to-wear","9":"product_cat-bijuterie-contemporana","10":"product_tag-artizanat","12":"first","13":"instock","14":"taxable","15":"shipping-taxable","16":"purchasable","17":"product-type-simple"},"yoast_head":"<!-- This site is optimized with the Yoast SEO plugin v26.9 - https:\/\/yoast.com\/product\/yoast-seo-wordpress\/ -->\n<title>CAS Lan\u021b Ag pandantiv lacrim\u0103 - Inspiratio<\/title>\n<meta name=\"description\" content=\"CAS Lan\u021b Ag pandantiv 3.5 cm lacrima\" \/>\n<meta name=\"robots\" content=\"index, follow, max-snippet:-1, max-image-preview:large, max-video-preview:-1\" \/>\n<link rel=\"canonical\" href=\"https:\/\/inspiratio.ro\/produs\/cas-lant-ag-pandantiv-35-cm-lacrima\/\" \/>\n<meta property=\"og:locale\" content=\"en_US\" \/>\n<meta property=\"og:type\" content=\"article\" \/>\n<meta property=\"og:title\" content=\"CAS Lan\u021b Ag pandantiv lacrim\u0103 - Inspiratio\" \/>\n<meta property=\"og:description\" content=\"CAS Lan\u021b Ag pandantiv 3.5 cm lacrima\" \/>\n<meta property=\"og:url\" content=\"https:\/\/inspiratio.ro\/produs\/cas-lant-ag-pandantiv-35-cm-lacrima\/\" \/>\n<meta property=\"og:site_name\" content=\"Inspiratio\" \/>\n<meta property=\"article:publisher\" content=\"https:\/\/www.facebook.com\/inspiratiogiftstudio\/\" \/>\n<meta property=\"article:modified_time\" content=\"2026-03-05T20:28:36+00:00\" \/>\n<meta property=\"og:image\" content=\"https:\/\/inspiratio.ro\/wp-content\/uploads\/2026\/03\/Lant-Ag-Pandantiv-lacrima-Dianthus-barbatus-2.png\" \/>\n\t<meta property=\"og:image:width\" content=\"1080\" \/>\n\t<meta property=\"og:image:height\" content=\"1080\" \/>\n\t<meta property=\"og:image:type\" content=\"image\/png\" \/>\n<meta name=\"twitter:card\" content=\"summary_large_image\" \/>\n<meta name=\"twitter:label1\" content=\"Est. reading time\" \/>\n\t<meta name=\"twitter:data1\" content=\"2 minutes\" \/>\n<script type=\"application\/ld+json\" class=\"yoast-schema-graph\">{\"@context\":\"https:\/\/schema.org\",\"@graph\":[{\"@type\":\"WebPage\",\"@id\":\"https:\/\/inspiratio.ro\/produs\/cas-lant-ag-pandantiv-35-cm-lacrima\/\",\"url\":\"https:\/\/inspiratio.ro\/produs\/cas-lant-ag-pandantiv-35-cm-lacrima\/\",\"name\":\"CAS Lan\u021b Ag pandantiv lacrim\u0103 - Inspiratio\",\"isPartOf\":{\"@id\":\"https:\/\/inspiratio.ro\/#website\"},\"primaryImageOfPage\":{\"@id\":\"https:\/\/inspiratio.ro\/produs\/cas-lant-ag-pandantiv-35-cm-lacrima\/#primaryimage\"},\"image\":{\"@id\":\"https:\/\/inspiratio.ro\/produs\/cas-lant-ag-pandantiv-35-cm-lacrima\/#primaryimage\"},\"thumbnailUrl\":\"https:\/\/inspiratio.ro\/wp-content\/uploads\/2026\/03\/Lant-Ag-Pandantiv-lacrima-Dianthus-barbatus-2.png\",\"datePublished\":\"2026-03-05T20:15:26+00:00\",\"dateModified\":\"2026-03-05T20:28:36+00:00\",\"description\":\"CAS Lan\u021b Ag pandantiv 3.5 cm lacrima\",\"breadcrumb\":{\"@id\":\"https:\/\/inspiratio.ro\/produs\/cas-lant-ag-pandantiv-35-cm-lacrima\/#breadcrumb\"},\"inLanguage\":\"en-US\",\"potentialAction\":[{\"@type\":\"ReadAction\",\"target\":[\"https:\/\/inspiratio.ro\/produs\/cas-lant-ag-pandantiv-35-cm-lacrima\/\"]}]},{\"@type\":\"ImageObject\",\"inLanguage\":\"en-US\",\"@id\":\"https:\/\/inspiratio.ro\/produs\/cas-lant-ag-pandantiv-35-cm-lacrima\/#primaryimage\",\"url\":\"https:\/\/inspiratio.ro\/wp-content\/uploads\/2026\/03\/Lant-Ag-Pandantiv-lacrima-Dianthus-barbatus-2.png\",\"contentUrl\":\"https:\/\/inspiratio.ro\/wp-content\/uploads\/2026\/03\/Lant-Ag-Pandantiv-lacrima-Dianthus-barbatus-2.png\",\"width\":1080,\"height\":1080},{\"@type\":\"BreadcrumbList\",\"@id\":\"https:\/\/inspiratio.ro\/produs\/cas-lant-ag-pandantiv-35-cm-lacrima\/#breadcrumb\",\"itemListElement\":[{\"@type\":\"ListItem\",\"position\":1,\"name\":\"Shop\",\"item\":\"https:\/\/inspiratio.ro\/magazin-cadouri\/\"},{\"@type\":\"ListItem\",\"position\":2,\"name\":\"CAS Lan\u021b Ag pandantiv lacrim\u0103\"}]},{\"@type\":\"WebSite\",\"@id\":\"https:\/\/inspiratio.ro\/#website\",\"url\":\"https:\/\/inspiratio.ro\/\",\"name\":\"Inspiratio\",\"description\":\"Las\u0103-te purtat de inspira\u021bie\",\"publisher\":{\"@id\":\"https:\/\/inspiratio.ro\/#organization\"},\"potentialAction\":[{\"@type\":\"SearchAction\",\"target\":{\"@type\":\"EntryPoint\",\"urlTemplate\":\"https:\/\/inspiratio.ro\/?s={search_term_string}\"},\"query-input\":{\"@type\":\"PropertyValueSpecification\",\"valueRequired\":true,\"valueName\":\"search_term_string\"}}],\"inLanguage\":\"en-US\"},{\"@type\":\"Organization\",\"@id\":\"https:\/\/inspiratio.ro\/#organization\",\"name\":\"Inspiratio\",\"url\":\"https:\/\/inspiratio.ro\/\",\"logo\":{\"@type\":\"ImageObject\",\"inLanguage\":\"en-US\",\"@id\":\"https:\/\/inspiratio.ro\/#\/schema\/logo\/image\/\",\"url\":\"https:\/\/inspiratio.ro\/wp-content\/uploads\/2020\/06\/logo-inspiratio.png\",\"contentUrl\":\"https:\/\/inspiratio.ro\/wp-content\/uploads\/2020\/06\/logo-inspiratio.png\",\"width\":232,\"height\":209,\"caption\":\"Inspiratio\"},\"image\":{\"@id\":\"https:\/\/inspiratio.ro\/#\/schema\/logo\/image\/\"},\"sameAs\":[\"https:\/\/www.facebook.com\/inspiratiogiftstudio\/\",\"https:\/\/www.instagram.com\/inspiratio_giftstudio\/\"]}]}<\/script>\n<!-- \/ Yoast SEO plugin. -->","yoast_head_json":{"title":"CAS Lan\u021b Ag pandantiv lacrim\u0103 - Inspiratio","description":"CAS Lan\u021b Ag pandantiv 3.5 cm lacrima","robots":{"index":"index","follow":"follow","max-snippet":"max-snippet:-1","max-image-preview":"max-image-preview:large","max-video-preview":"max-video-preview:-1"},"canonical":"https:\/\/inspiratio.ro\/produs\/cas-lant-ag-pandantiv-35-cm-lacrima\/","og_locale":"en_US","og_type":"article","og_title":"CAS Lan\u021b Ag pandantiv lacrim\u0103 - Inspiratio","og_description":"CAS Lan\u021b Ag pandantiv 3.5 cm lacrima","og_url":"https:\/\/inspiratio.ro\/produs\/cas-lant-ag-pandantiv-35-cm-lacrima\/","og_site_name":"Inspiratio","article_publisher":"https:\/\/www.facebook.com\/inspiratiogiftstudio\/","article_modified_time":"2026-03-05T20:28:36+00:00","og_image":[{"width":1080,"height":1080,"url":"https:\/\/inspiratio.ro\/wp-content\/uploads\/2026\/03\/Lant-Ag-Pandantiv-lacrima-Dianthus-barbatus-2.png","type":"image\/png"}],"twitter_card":"summary_large_image","twitter_misc":{"Est. reading time":"2 minutes"},"schema":{"@context":"https:\/\/schema.org","@graph":[{"@type":"WebPage","@id":"https:\/\/inspiratio.ro\/produs\/cas-lant-ag-pandantiv-35-cm-lacrima\/","url":"https:\/\/inspiratio.ro\/produs\/cas-lant-ag-pandantiv-35-cm-lacrima\/","name":"CAS Lan\u021b Ag pandantiv lacrim\u0103 - Inspiratio","isPartOf":{"@id":"https:\/\/inspiratio.ro\/#website"},"primaryImageOfPage":{"@id":"https:\/\/inspiratio.ro\/produs\/cas-lant-ag-pandantiv-35-cm-lacrima\/#primaryimage"},"image":{"@id":"https:\/\/inspiratio.ro\/produs\/cas-lant-ag-pandantiv-35-cm-lacrima\/#primaryimage"},"thumbnailUrl":"https:\/\/inspiratio.ro\/wp-content\/uploads\/2026\/03\/Lant-Ag-Pandantiv-lacrima-Dianthus-barbatus-2.png","datePublished":"2026-03-05T20:15:26+00:00","dateModified":"2026-03-05T20:28:36+00:00","description":"CAS Lan\u021b Ag pandantiv 3.5 cm lacrima","breadcrumb":{"@id":"https:\/\/inspiratio.ro\/produs\/cas-lant-ag-pandantiv-35-cm-lacrima\/#breadcrumb"},"inLanguage":"en-US","potentialAction":[{"@type":"ReadAction","target":["https:\/\/inspiratio.ro\/produs\/cas-lant-ag-pandantiv-35-cm-lacrima\/"]}]},{"@type":"ImageObject","inLanguage":"en-US","@id":"https:\/\/inspiratio.ro\/produs\/cas-lant-ag-pandantiv-35-cm-lacrima\/#primaryimage","url":"https:\/\/inspiratio.ro\/wp-content\/uploads\/2026\/03\/Lant-Ag-Pandantiv-lacrima-Dianthus-barbatus-2.png","contentUrl":"https:\/\/inspiratio.ro\/wp-content\/uploads\/2026\/03\/Lant-Ag-Pandantiv-lacrima-Dianthus-barbatus-2.png","width":1080,"height":1080},{"@type":"BreadcrumbList","@id":"https:\/\/inspiratio.ro\/produs\/cas-lant-ag-pandantiv-35-cm-lacrima\/#breadcrumb","itemListElement":[{"@type":"ListItem","position":1,"name":"Shop","item":"https:\/\/inspiratio.ro\/magazin-cadouri\/"},{"@type":"ListItem","position":2,"name":"CAS Lan\u021b Ag pandantiv lacrim\u0103"}]},{"@type":"WebSite","@id":"https:\/\/inspiratio.ro\/#website","url":"https:\/\/inspiratio.ro\/","name":"Inspiratio","description":"Las\u0103-te purtat de inspira\u021bie","publisher":{"@id":"https:\/\/inspiratio.ro\/#organization"},"potentialAction":[{"@type":"SearchAction","target":{"@type":"EntryPoint","urlTemplate":"https:\/\/inspiratio.ro\/?s={search_term_string}"},"query-input":{"@type":"PropertyValueSpecification","valueRequired":true,"valueName":"search_term_string"}}],"inLanguage":"en-US"},{"@type":"Organization","@id":"https:\/\/inspiratio.ro\/#organization","name":"Inspiratio","url":"https:\/\/inspiratio.ro\/","logo":{"@type":"ImageObject","inLanguage":"en-US","@id":"https:\/\/inspiratio.ro\/#\/schema\/logo\/image\/","url":"https:\/\/inspiratio.ro\/wp-content\/uploads\/2020\/06\/logo-inspiratio.png","contentUrl":"https:\/\/inspiratio.ro\/wp-content\/uploads\/2020\/06\/logo-inspiratio.png","width":232,"height":209,"caption":"Inspiratio"},"image":{"@id":"https:\/\/inspiratio.ro\/#\/schema\/logo\/image\/"},"sameAs":["https:\/\/www.facebook.com\/inspiratiogiftstudio\/","https:\/\/www.instagram.com\/inspiratio_giftstudio\/"]}]}},"brands":[{"id":274,"name":"Loe's garden","slug":"loes-garden"}],"_links":{"self":[{"href":"https:\/\/inspiratio.ro\/en\/wp-json\/wp\/v2\/product\/10643","targetHints":{"allow":["GET"]}}],"collection":[{"href":"https:\/\/inspiratio.ro\/en\/wp-json\/wp\/v2\/product"}],"about":[{"href":"https:\/\/inspiratio.ro\/en\/wp-json\/wp\/v2\/types\/product"}],"replies":[{"embeddable":true,"href":"https:\/\/inspiratio.ro\/en\/wp-json\/wp\/v2\/comments?post=10643"}],"wp:featuredmedia":[{"embeddable":true,"href":"https:\/\/inspiratio.ro\/en\/wp-json\/wp\/v2\/media\/10645"}],"wp:attachment":[{"href":"https:\/\/inspiratio.ro\/en\/wp-json\/wp\/v2\/media?parent=10643"}],"wp:term":[{"taxonomy":"pwb-brand","embeddable":true,"href":"https:\/\/inspiratio.ro\/en\/wp-json\/wp\/v2\/pwb-brand?post=10643"},{"taxonomy":"product_brand","embeddable":true,"href":"https:\/\/inspiratio.ro\/en\/wp-json\/wp\/v2\/product_brand?post=10643"},{"taxonomy":"product_cat","embeddable":true,"href":"https:\/\/inspiratio.ro\/en\/wp-json\/wp\/v2\/product_cat?post=10643"},{"taxonomy":"product_tag","embeddable":true,"href":"https:\/\/inspiratio.ro\/en\/wp-json\/wp\/v2\/product_tag?post=10643"}],"curies":[{"name":"wp","href":"https:\/\/api.w.org\/{rel}","templated":true}]}}