{"id":10609,"date":"2026-03-05T22:01:33","date_gmt":"2026-03-05T20:01:33","guid":{"rendered":"https:\/\/inspiratio.ro\/?post_type=product&#038;p=10609"},"modified":"2026-03-05T22:38:02","modified_gmt":"2026-03-05T20:38:02","slug":"cas-semn-de-carte","status":"publish","type":"product","link":"https:\/\/inspiratio.ro\/en\/produs\/cas-semn-de-carte\/","title":{"rendered":"Semn de carte"},"content":{"rendered":"<p><span style=\"color: #212b36;\"><span style=\"font-family: Times New Roman, serif;\"><span style=\"font-size: medium;\"><b>SEMN DE CARTE<\/b><\/span><\/span><\/span><\/p>\n<p><span style=\"color: #212b36;\"><span style=\"font-family: Times New Roman, serif;\"><span style=\"font-size: medium;\">Realizat manual, acest semn de carte p\u0103streaz\u0103 delicate\u021bea florilor naturale, atent culese \u0219i conservate cu grij\u0103. Fiecare pies\u0103 este unic\u0103 \u0219i spune o poveste despre natur\u0103, lini\u0219te \u0219i frumuse\u021bea lucrurilor simple. Un mic detaliu poetic, perfect pentru iubitorii de lectur\u0103 \u0219i de frumos autentic. <\/span><\/span><\/span><\/p>\n<hr \/>\n<div>\n<p>La INSPIRATIO stocurile sunt mereu reduse pentru c\u0103 lucr\u0103m cu artizani \u0219i designeri care manufactureaz\u0103 fiecare produs \u00een parte.<\/p>\n<\/div>\n<p>Av\u00e2nd \u00een vedere diversitatea modelelor, culorilor \u0219i cea a dimensiunilor disponibile \u00een magazin, v\u0103 rug\u0103m s\u0103 ne contacta\u021bi telefonic\/Whatsapp pentru a v\u0103 putea sprijini \u00een alegerea produsului dorit.<\/p>\n","protected":false},"excerpt":{"rendered":"<p>SEMN DE CARTE Realizat manual, acest semn de carte p\u0103streaz\u0103 delicate\u021bea florilor naturale, atent culese \u0219i conservate cu grij\u0103. Fiecare pies\u0103 este unic\u0103 \u0219i spune o poveste despre natur\u0103, lini\u0219te \u0219i frumuse\u021bea lucrurilor simple. Un mic detaliu poetic, perfect pentru iubitorii de lectur\u0103 \u0219i de frumos autentic. La INSPIRATIO stocurile sunt mereu reduse pentru c\u0103 [&hellip;]<\/p>\n","protected":false},"featured_media":10661,"comment_status":"closed","ping_status":"closed","template":"","meta":[],"pwb-brand":[274],"product_brand":[273],"product_cat":[87,18],"product_tag":[276],"class_list":{"0":"post-10609","1":"product","2":"type-product","3":"status-publish","4":"has-post-thumbnail","6":"pwb-brand-loes-garden","7":"product_brand-loes-garden","8":"product_cat-to-wear","9":"product_cat-bijuterie-contemporana","10":"product_tag-artizanat","12":"first","13":"instock","14":"taxable","15":"shipping-taxable","16":"purchasable","17":"product-type-simple"},"yoast_head":"<!-- This site is optimized with the Yoast SEO plugin v26.9 - https:\/\/yoast.com\/product\/yoast-seo-wordpress\/ -->\n<title>CAS Semn de carte - Inspiratio<\/title>\n<meta name=\"description\" content=\"CAS Semn de carte\" \/>\n<meta name=\"robots\" content=\"index, follow, max-snippet:-1, max-image-preview:large, max-video-preview:-1\" \/>\n<link rel=\"canonical\" href=\"https:\/\/inspiratio.ro\/produs\/cas-semn-de-carte\/\" \/>\n<meta property=\"og:locale\" content=\"en_US\" \/>\n<meta property=\"og:type\" content=\"article\" \/>\n<meta property=\"og:title\" content=\"CAS Semn de carte - Inspiratio\" \/>\n<meta property=\"og:description\" content=\"CAS Semn de carte\" \/>\n<meta property=\"og:url\" content=\"https:\/\/inspiratio.ro\/produs\/cas-semn-de-carte\/\" \/>\n<meta property=\"og:site_name\" content=\"Inspiratio\" \/>\n<meta property=\"article:publisher\" content=\"https:\/\/www.facebook.com\/inspiratiogiftstudio\/\" \/>\n<meta property=\"article:modified_time\" content=\"2026-03-05T20:38:02+00:00\" \/>\n<meta property=\"og:image\" content=\"https:\/\/inspiratio.ro\/wp-content\/uploads\/2026\/03\/42.png\" \/>\n\t<meta property=\"og:image:width\" content=\"1000\" \/>\n\t<meta property=\"og:image:height\" content=\"1000\" \/>\n\t<meta property=\"og:image:type\" content=\"image\/png\" \/>\n<meta name=\"twitter:card\" content=\"summary_large_image\" \/>\n<meta name=\"twitter:label1\" content=\"Est. reading time\" \/>\n\t<meta name=\"twitter:data1\" content=\"1 minute\" \/>\n<script type=\"application\/ld+json\" class=\"yoast-schema-graph\">{\"@context\":\"https:\/\/schema.org\",\"@graph\":[{\"@type\":\"WebPage\",\"@id\":\"https:\/\/inspiratio.ro\/produs\/cas-semn-de-carte\/\",\"url\":\"https:\/\/inspiratio.ro\/produs\/cas-semn-de-carte\/\",\"name\":\"CAS Semn de carte - Inspiratio\",\"isPartOf\":{\"@id\":\"https:\/\/inspiratio.ro\/#website\"},\"primaryImageOfPage\":{\"@id\":\"https:\/\/inspiratio.ro\/produs\/cas-semn-de-carte\/#primaryimage\"},\"image\":{\"@id\":\"https:\/\/inspiratio.ro\/produs\/cas-semn-de-carte\/#primaryimage\"},\"thumbnailUrl\":\"https:\/\/inspiratio.ro\/wp-content\/uploads\/2026\/03\/42.png\",\"datePublished\":\"2026-03-05T20:01:33+00:00\",\"dateModified\":\"2026-03-05T20:38:02+00:00\",\"description\":\"CAS Semn de carte\",\"breadcrumb\":{\"@id\":\"https:\/\/inspiratio.ro\/produs\/cas-semn-de-carte\/#breadcrumb\"},\"inLanguage\":\"en-US\",\"potentialAction\":[{\"@type\":\"ReadAction\",\"target\":[\"https:\/\/inspiratio.ro\/produs\/cas-semn-de-carte\/\"]}]},{\"@type\":\"ImageObject\",\"inLanguage\":\"en-US\",\"@id\":\"https:\/\/inspiratio.ro\/produs\/cas-semn-de-carte\/#primaryimage\",\"url\":\"https:\/\/inspiratio.ro\/wp-content\/uploads\/2026\/03\/42.png\",\"contentUrl\":\"https:\/\/inspiratio.ro\/wp-content\/uploads\/2026\/03\/42.png\",\"width\":1000,\"height\":1000},{\"@type\":\"BreadcrumbList\",\"@id\":\"https:\/\/inspiratio.ro\/produs\/cas-semn-de-carte\/#breadcrumb\",\"itemListElement\":[{\"@type\":\"ListItem\",\"position\":1,\"name\":\"Shop\",\"item\":\"https:\/\/inspiratio.ro\/magazin-cadouri\/\"},{\"@type\":\"ListItem\",\"position\":2,\"name\":\"CAS Semn de carte\"}]},{\"@type\":\"WebSite\",\"@id\":\"https:\/\/inspiratio.ro\/#website\",\"url\":\"https:\/\/inspiratio.ro\/\",\"name\":\"Inspiratio\",\"description\":\"Las\u0103-te purtat de inspira\u021bie\",\"publisher\":{\"@id\":\"https:\/\/inspiratio.ro\/#organization\"},\"potentialAction\":[{\"@type\":\"SearchAction\",\"target\":{\"@type\":\"EntryPoint\",\"urlTemplate\":\"https:\/\/inspiratio.ro\/?s={search_term_string}\"},\"query-input\":{\"@type\":\"PropertyValueSpecification\",\"valueRequired\":true,\"valueName\":\"search_term_string\"}}],\"inLanguage\":\"en-US\"},{\"@type\":\"Organization\",\"@id\":\"https:\/\/inspiratio.ro\/#organization\",\"name\":\"Inspiratio\",\"url\":\"https:\/\/inspiratio.ro\/\",\"logo\":{\"@type\":\"ImageObject\",\"inLanguage\":\"en-US\",\"@id\":\"https:\/\/inspiratio.ro\/#\/schema\/logo\/image\/\",\"url\":\"https:\/\/inspiratio.ro\/wp-content\/uploads\/2020\/06\/logo-inspiratio.png\",\"contentUrl\":\"https:\/\/inspiratio.ro\/wp-content\/uploads\/2020\/06\/logo-inspiratio.png\",\"width\":232,\"height\":209,\"caption\":\"Inspiratio\"},\"image\":{\"@id\":\"https:\/\/inspiratio.ro\/#\/schema\/logo\/image\/\"},\"sameAs\":[\"https:\/\/www.facebook.com\/inspiratiogiftstudio\/\",\"https:\/\/www.instagram.com\/inspiratio_giftstudio\/\"]}]}<\/script>\n<!-- \/ Yoast SEO plugin. -->","yoast_head_json":{"title":"CAS Semn de carte - Inspiratio","description":"CAS Semn de carte","robots":{"index":"index","follow":"follow","max-snippet":"max-snippet:-1","max-image-preview":"max-image-preview:large","max-video-preview":"max-video-preview:-1"},"canonical":"https:\/\/inspiratio.ro\/produs\/cas-semn-de-carte\/","og_locale":"en_US","og_type":"article","og_title":"CAS Semn de carte - Inspiratio","og_description":"CAS Semn de carte","og_url":"https:\/\/inspiratio.ro\/produs\/cas-semn-de-carte\/","og_site_name":"Inspiratio","article_publisher":"https:\/\/www.facebook.com\/inspiratiogiftstudio\/","article_modified_time":"2026-03-05T20:38:02+00:00","og_image":[{"width":1000,"height":1000,"url":"https:\/\/inspiratio.ro\/wp-content\/uploads\/2026\/03\/42.png","type":"image\/png"}],"twitter_card":"summary_large_image","twitter_misc":{"Est. reading time":"1 minute"},"schema":{"@context":"https:\/\/schema.org","@graph":[{"@type":"WebPage","@id":"https:\/\/inspiratio.ro\/produs\/cas-semn-de-carte\/","url":"https:\/\/inspiratio.ro\/produs\/cas-semn-de-carte\/","name":"CAS Semn de carte - Inspiratio","isPartOf":{"@id":"https:\/\/inspiratio.ro\/#website"},"primaryImageOfPage":{"@id":"https:\/\/inspiratio.ro\/produs\/cas-semn-de-carte\/#primaryimage"},"image":{"@id":"https:\/\/inspiratio.ro\/produs\/cas-semn-de-carte\/#primaryimage"},"thumbnailUrl":"https:\/\/inspiratio.ro\/wp-content\/uploads\/2026\/03\/42.png","datePublished":"2026-03-05T20:01:33+00:00","dateModified":"2026-03-05T20:38:02+00:00","description":"CAS Semn de carte","breadcrumb":{"@id":"https:\/\/inspiratio.ro\/produs\/cas-semn-de-carte\/#breadcrumb"},"inLanguage":"en-US","potentialAction":[{"@type":"ReadAction","target":["https:\/\/inspiratio.ro\/produs\/cas-semn-de-carte\/"]}]},{"@type":"ImageObject","inLanguage":"en-US","@id":"https:\/\/inspiratio.ro\/produs\/cas-semn-de-carte\/#primaryimage","url":"https:\/\/inspiratio.ro\/wp-content\/uploads\/2026\/03\/42.png","contentUrl":"https:\/\/inspiratio.ro\/wp-content\/uploads\/2026\/03\/42.png","width":1000,"height":1000},{"@type":"BreadcrumbList","@id":"https:\/\/inspiratio.ro\/produs\/cas-semn-de-carte\/#breadcrumb","itemListElement":[{"@type":"ListItem","position":1,"name":"Shop","item":"https:\/\/inspiratio.ro\/magazin-cadouri\/"},{"@type":"ListItem","position":2,"name":"CAS Semn de carte"}]},{"@type":"WebSite","@id":"https:\/\/inspiratio.ro\/#website","url":"https:\/\/inspiratio.ro\/","name":"Inspiratio","description":"Las\u0103-te purtat de inspira\u021bie","publisher":{"@id":"https:\/\/inspiratio.ro\/#organization"},"potentialAction":[{"@type":"SearchAction","target":{"@type":"EntryPoint","urlTemplate":"https:\/\/inspiratio.ro\/?s={search_term_string}"},"query-input":{"@type":"PropertyValueSpecification","valueRequired":true,"valueName":"search_term_string"}}],"inLanguage":"en-US"},{"@type":"Organization","@id":"https:\/\/inspiratio.ro\/#organization","name":"Inspiratio","url":"https:\/\/inspiratio.ro\/","logo":{"@type":"ImageObject","inLanguage":"en-US","@id":"https:\/\/inspiratio.ro\/#\/schema\/logo\/image\/","url":"https:\/\/inspiratio.ro\/wp-content\/uploads\/2020\/06\/logo-inspiratio.png","contentUrl":"https:\/\/inspiratio.ro\/wp-content\/uploads\/2020\/06\/logo-inspiratio.png","width":232,"height":209,"caption":"Inspiratio"},"image":{"@id":"https:\/\/inspiratio.ro\/#\/schema\/logo\/image\/"},"sameAs":["https:\/\/www.facebook.com\/inspiratiogiftstudio\/","https:\/\/www.instagram.com\/inspiratio_giftstudio\/"]}]}},"brands":[{"id":274,"name":"Loe's garden","slug":"loes-garden"}],"_links":{"self":[{"href":"https:\/\/inspiratio.ro\/en\/wp-json\/wp\/v2\/product\/10609","targetHints":{"allow":["GET"]}}],"collection":[{"href":"https:\/\/inspiratio.ro\/en\/wp-json\/wp\/v2\/product"}],"about":[{"href":"https:\/\/inspiratio.ro\/en\/wp-json\/wp\/v2\/types\/product"}],"replies":[{"embeddable":true,"href":"https:\/\/inspiratio.ro\/en\/wp-json\/wp\/v2\/comments?post=10609"}],"wp:featuredmedia":[{"embeddable":true,"href":"https:\/\/inspiratio.ro\/en\/wp-json\/wp\/v2\/media\/10661"}],"wp:attachment":[{"href":"https:\/\/inspiratio.ro\/en\/wp-json\/wp\/v2\/media?parent=10609"}],"wp:term":[{"taxonomy":"pwb-brand","embeddable":true,"href":"https:\/\/inspiratio.ro\/en\/wp-json\/wp\/v2\/pwb-brand?post=10609"},{"taxonomy":"product_brand","embeddable":true,"href":"https:\/\/inspiratio.ro\/en\/wp-json\/wp\/v2\/product_brand?post=10609"},{"taxonomy":"product_cat","embeddable":true,"href":"https:\/\/inspiratio.ro\/en\/wp-json\/wp\/v2\/product_cat?post=10609"},{"taxonomy":"product_tag","embeddable":true,"href":"https:\/\/inspiratio.ro\/en\/wp-json\/wp\/v2\/product_tag?post=10609"}],"curies":[{"name":"wp","href":"https:\/\/api.w.org\/{rel}","templated":true}]}}