{"id":10552,"date":"2026-03-05T22:01:08","date_gmt":"2026-03-05T20:01:08","guid":{"rendered":"https:\/\/inspiratio.ro\/?post_type=product&#038;p=10552"},"modified":"2026-03-05T22:06:45","modified_gmt":"2026-03-05T20:06:45","slug":"cas-martisor","status":"publish","type":"product","link":"https:\/\/inspiratio.ro\/en\/produs\/cas-martisor\/","title":{"rendered":"M\u0103r\u021bi\u0219or"},"content":{"rendered":"<p><span style=\"font-family: Times New Roman, serif;\"><span style=\"font-size: large;\"><b>M\u0102R\u021aI\u0218OR<\/b><\/span><\/span><\/p>\n<p><span style=\"font-family: Times New Roman, serif;\"><span style=\"color: #212b36;\"><span style=\"font-size: medium;\"><b>Caltha palustris L., Bulbucul de balt\u0103,<\/b><\/span><\/span><span style=\"color: #212b36;\"><span style=\"font-size: medium;\"> \u00eenflore\u0219te timpuriu \u00een locuri reci \u0219i umede, aduc\u00e2nd via\u021b\u0103, lumin\u0103 \u0219i bucurie acolo unde pare c\u0103 totul st\u0103 pe loc. Prin galbenul s\u0103u intens, simbolizeaz\u0103 rena\u0219terea, speran\u021ba \u0219i \u00eenceputul prim\u0103verii, transform\u00e2nd m\u0103r\u021bi\u0219orul \u00eentr-un cadou cu mesaj pozitiv. <\/span><\/span><br \/>\n<span style=\"color: #212b36;\"><span style=\"font-size: medium;\">. . . . . . . . . . . . . . . . . . . . . . . . . . . . . . . . . . . . . . . . . . . . . . .<\/span><\/span><br \/>\n<span style=\"color: #212b36;\"><span style=\"font-size: medium;\">Diametrul: 4.0 cm<\/span><\/span><br \/>\n<span style=\"color: #212b36;\"><span style=\"font-size: medium;\">. . . . . . . . . . . . . . . . . . . . . . . . . . . . . . . . . . . . . . . . . . . . . . .<\/span><\/span><br \/>\n<span style=\"color: #212b36;\"><span style=\"font-size: medium;\">Fiecare pies\u0103 este realizat\u0103 manual \u0219i este unicat, folosind flori atent culese din gr\u0103dina mea, reflect\u00e2nd respectul pentru natur\u0103 \u0219i bucuria lucrului f\u0103cut cu grij\u0103. Produsul vine \u00eenso\u021bit de a\u021b\u0103 de m\u0103r\u021bi\u0219or \u0219i punguli\u021b\u0103, gata de oferit cadou.<\/span><\/span><br \/>\n<span style=\"color: #212b36;\"><span style=\"font-size: medium;\">. . . . . . . . . . . . . . . . . . . . . . . . . . . . . . . . . . . . . . . . . . . . . . .<\/span><\/span><br \/>\n<span style=\"color: #212b36;\"><span style=\"font-size: medium;\">N O T \u0102: Florile variaz\u0103 u\u0219or de la un produs la altul, \u00eens\u0103 fiecare m\u0103r\u021bi\u0219or este realizat c\u00e2t mai fidel modelului prezentat. Piesa pe care o vei primi va fi foarte asem\u0103n\u0103toare cu cea din fotografii.<\/span><\/span><br \/>\n<span style=\"color: #212b36;\"><span style=\"font-size: medium;\">. . . . . . . . . . . . . . . . . . . . . . . . . . . . . . . . . . . . . . . . . . . . . . .<\/span><\/span><br \/>\n<span style=\"color: #212b36;\"><span style=\"font-size: medium;\">\u00ce\u021bi mul\u021bumesc c\u0103 ai ales s\u0103 explorezi universul Loe&#8217;s Garden!<\/span><\/span> <\/span><\/p>\n<hr \/>\n<div>\n<p>La INSPIRATIO stocurile sunt mereu reduse pentru c\u0103 lucr\u0103m cu artizani \u0219i designeri care manufactureaz\u0103 fiecare produs \u00een parte.<\/p>\n<\/div>\n<p>Av\u00e2nd \u00een vedere diversitatea modelelor, culorilor \u0219i cea a dimensiunilor disponibile \u00een magazin, v\u0103 rug\u0103m s\u0103 ne contacta\u021bi telefonic\/Whatsapp pentru a v\u0103 putea sprijini \u00een alegerea produsului dorit.<\/p>\n","protected":false},"excerpt":{"rendered":"<p>M\u0102R\u021aI\u0218OR Caltha palustris L., Bulbucul de balt\u0103, \u00eenflore\u0219te timpuriu \u00een locuri reci \u0219i umede, aduc\u00e2nd via\u021b\u0103, lumin\u0103 \u0219i bucurie acolo unde pare c\u0103 totul st\u0103 pe loc. Prin galbenul s\u0103u intens, simbolizeaz\u0103 rena\u0219terea, speran\u021ba \u0219i \u00eenceputul prim\u0103verii, transform\u00e2nd m\u0103r\u021bi\u0219orul \u00eentr-un cadou cu mesaj pozitiv. . . . . . . . . . . . [&hellip;]<\/p>\n","protected":false},"featured_media":10603,"comment_status":"closed","ping_status":"closed","template":"","meta":[],"pwb-brand":[274],"product_brand":[273],"product_cat":[87,18],"product_tag":[276,275],"class_list":{"0":"post-10552","1":"product","2":"type-product","3":"status-publish","4":"has-post-thumbnail","6":"pwb-brand-loes-garden","7":"product_brand-loes-garden","8":"product_cat-to-wear","9":"product_cat-bijuterie-contemporana","10":"product_tag-artizanat","11":"product_tag-martisor","13":"first","14":"instock","15":"taxable","16":"shipping-taxable","17":"purchasable","18":"product-type-simple"},"yoast_head":"<!-- This site is optimized with the Yoast SEO plugin v26.9 - https:\/\/yoast.com\/product\/yoast-seo-wordpress\/ -->\n<title>CAS M\u0103r\u021bi\u0219or - Inspiratio<\/title>\n<meta name=\"description\" content=\"CAS M\u0103r\u021bi\u0219or\" \/>\n<meta name=\"robots\" content=\"index, follow, max-snippet:-1, max-image-preview:large, max-video-preview:-1\" \/>\n<link rel=\"canonical\" href=\"https:\/\/inspiratio.ro\/produs\/cas-martisor\/\" \/>\n<meta property=\"og:locale\" content=\"en_US\" \/>\n<meta property=\"og:type\" content=\"article\" \/>\n<meta property=\"og:title\" content=\"CAS M\u0103r\u021bi\u0219or - Inspiratio\" \/>\n<meta property=\"og:description\" content=\"CAS M\u0103r\u021bi\u0219or\" \/>\n<meta property=\"og:url\" content=\"https:\/\/inspiratio.ro\/produs\/cas-martisor\/\" \/>\n<meta property=\"og:site_name\" content=\"Inspiratio\" \/>\n<meta property=\"article:publisher\" content=\"https:\/\/www.facebook.com\/inspiratiogiftstudio\/\" \/>\n<meta property=\"article:modified_time\" content=\"2026-03-05T20:06:45+00:00\" \/>\n<meta property=\"og:image\" content=\"https:\/\/inspiratio.ro\/wp-content\/uploads\/2026\/03\/3.png\" \/>\n\t<meta property=\"og:image:width\" content=\"1000\" \/>\n\t<meta property=\"og:image:height\" content=\"1000\" \/>\n\t<meta property=\"og:image:type\" content=\"image\/png\" \/>\n<meta name=\"twitter:card\" content=\"summary_large_image\" \/>\n<meta name=\"twitter:label1\" content=\"Est. reading time\" \/>\n\t<meta name=\"twitter:data1\" content=\"2 minutes\" \/>\n<script type=\"application\/ld+json\" class=\"yoast-schema-graph\">{\"@context\":\"https:\/\/schema.org\",\"@graph\":[{\"@type\":\"WebPage\",\"@id\":\"https:\/\/inspiratio.ro\/produs\/cas-martisor\/\",\"url\":\"https:\/\/inspiratio.ro\/produs\/cas-martisor\/\",\"name\":\"CAS M\u0103r\u021bi\u0219or - Inspiratio\",\"isPartOf\":{\"@id\":\"https:\/\/inspiratio.ro\/#website\"},\"primaryImageOfPage\":{\"@id\":\"https:\/\/inspiratio.ro\/produs\/cas-martisor\/#primaryimage\"},\"image\":{\"@id\":\"https:\/\/inspiratio.ro\/produs\/cas-martisor\/#primaryimage\"},\"thumbnailUrl\":\"https:\/\/inspiratio.ro\/wp-content\/uploads\/2026\/03\/3.png\",\"datePublished\":\"2026-03-05T20:01:08+00:00\",\"dateModified\":\"2026-03-05T20:06:45+00:00\",\"description\":\"CAS M\u0103r\u021bi\u0219or\",\"breadcrumb\":{\"@id\":\"https:\/\/inspiratio.ro\/produs\/cas-martisor\/#breadcrumb\"},\"inLanguage\":\"en-US\",\"potentialAction\":[{\"@type\":\"ReadAction\",\"target\":[\"https:\/\/inspiratio.ro\/produs\/cas-martisor\/\"]}]},{\"@type\":\"ImageObject\",\"inLanguage\":\"en-US\",\"@id\":\"https:\/\/inspiratio.ro\/produs\/cas-martisor\/#primaryimage\",\"url\":\"https:\/\/inspiratio.ro\/wp-content\/uploads\/2026\/03\/3.png\",\"contentUrl\":\"https:\/\/inspiratio.ro\/wp-content\/uploads\/2026\/03\/3.png\",\"width\":1000,\"height\":1000},{\"@type\":\"BreadcrumbList\",\"@id\":\"https:\/\/inspiratio.ro\/produs\/cas-martisor\/#breadcrumb\",\"itemListElement\":[{\"@type\":\"ListItem\",\"position\":1,\"name\":\"Shop\",\"item\":\"https:\/\/inspiratio.ro\/magazin-cadouri\/\"},{\"@type\":\"ListItem\",\"position\":2,\"name\":\"CAS M\u0103r\u021bi\u0219or\"}]},{\"@type\":\"WebSite\",\"@id\":\"https:\/\/inspiratio.ro\/#website\",\"url\":\"https:\/\/inspiratio.ro\/\",\"name\":\"Inspiratio\",\"description\":\"Las\u0103-te purtat de inspira\u021bie\",\"publisher\":{\"@id\":\"https:\/\/inspiratio.ro\/#organization\"},\"potentialAction\":[{\"@type\":\"SearchAction\",\"target\":{\"@type\":\"EntryPoint\",\"urlTemplate\":\"https:\/\/inspiratio.ro\/?s={search_term_string}\"},\"query-input\":{\"@type\":\"PropertyValueSpecification\",\"valueRequired\":true,\"valueName\":\"search_term_string\"}}],\"inLanguage\":\"en-US\"},{\"@type\":\"Organization\",\"@id\":\"https:\/\/inspiratio.ro\/#organization\",\"name\":\"Inspiratio\",\"url\":\"https:\/\/inspiratio.ro\/\",\"logo\":{\"@type\":\"ImageObject\",\"inLanguage\":\"en-US\",\"@id\":\"https:\/\/inspiratio.ro\/#\/schema\/logo\/image\/\",\"url\":\"https:\/\/inspiratio.ro\/wp-content\/uploads\/2020\/06\/logo-inspiratio.png\",\"contentUrl\":\"https:\/\/inspiratio.ro\/wp-content\/uploads\/2020\/06\/logo-inspiratio.png\",\"width\":232,\"height\":209,\"caption\":\"Inspiratio\"},\"image\":{\"@id\":\"https:\/\/inspiratio.ro\/#\/schema\/logo\/image\/\"},\"sameAs\":[\"https:\/\/www.facebook.com\/inspiratiogiftstudio\/\",\"https:\/\/www.instagram.com\/inspiratio_giftstudio\/\"]}]}<\/script>\n<!-- \/ Yoast SEO plugin. -->","yoast_head_json":{"title":"CAS M\u0103r\u021bi\u0219or - Inspiratio","description":"CAS M\u0103r\u021bi\u0219or","robots":{"index":"index","follow":"follow","max-snippet":"max-snippet:-1","max-image-preview":"max-image-preview:large","max-video-preview":"max-video-preview:-1"},"canonical":"https:\/\/inspiratio.ro\/produs\/cas-martisor\/","og_locale":"en_US","og_type":"article","og_title":"CAS M\u0103r\u021bi\u0219or - Inspiratio","og_description":"CAS M\u0103r\u021bi\u0219or","og_url":"https:\/\/inspiratio.ro\/produs\/cas-martisor\/","og_site_name":"Inspiratio","article_publisher":"https:\/\/www.facebook.com\/inspiratiogiftstudio\/","article_modified_time":"2026-03-05T20:06:45+00:00","og_image":[{"width":1000,"height":1000,"url":"https:\/\/inspiratio.ro\/wp-content\/uploads\/2026\/03\/3.png","type":"image\/png"}],"twitter_card":"summary_large_image","twitter_misc":{"Est. reading time":"2 minutes"},"schema":{"@context":"https:\/\/schema.org","@graph":[{"@type":"WebPage","@id":"https:\/\/inspiratio.ro\/produs\/cas-martisor\/","url":"https:\/\/inspiratio.ro\/produs\/cas-martisor\/","name":"CAS M\u0103r\u021bi\u0219or - Inspiratio","isPartOf":{"@id":"https:\/\/inspiratio.ro\/#website"},"primaryImageOfPage":{"@id":"https:\/\/inspiratio.ro\/produs\/cas-martisor\/#primaryimage"},"image":{"@id":"https:\/\/inspiratio.ro\/produs\/cas-martisor\/#primaryimage"},"thumbnailUrl":"https:\/\/inspiratio.ro\/wp-content\/uploads\/2026\/03\/3.png","datePublished":"2026-03-05T20:01:08+00:00","dateModified":"2026-03-05T20:06:45+00:00","description":"CAS M\u0103r\u021bi\u0219or","breadcrumb":{"@id":"https:\/\/inspiratio.ro\/produs\/cas-martisor\/#breadcrumb"},"inLanguage":"en-US","potentialAction":[{"@type":"ReadAction","target":["https:\/\/inspiratio.ro\/produs\/cas-martisor\/"]}]},{"@type":"ImageObject","inLanguage":"en-US","@id":"https:\/\/inspiratio.ro\/produs\/cas-martisor\/#primaryimage","url":"https:\/\/inspiratio.ro\/wp-content\/uploads\/2026\/03\/3.png","contentUrl":"https:\/\/inspiratio.ro\/wp-content\/uploads\/2026\/03\/3.png","width":1000,"height":1000},{"@type":"BreadcrumbList","@id":"https:\/\/inspiratio.ro\/produs\/cas-martisor\/#breadcrumb","itemListElement":[{"@type":"ListItem","position":1,"name":"Shop","item":"https:\/\/inspiratio.ro\/magazin-cadouri\/"},{"@type":"ListItem","position":2,"name":"CAS M\u0103r\u021bi\u0219or"}]},{"@type":"WebSite","@id":"https:\/\/inspiratio.ro\/#website","url":"https:\/\/inspiratio.ro\/","name":"Inspiratio","description":"Las\u0103-te purtat de inspira\u021bie","publisher":{"@id":"https:\/\/inspiratio.ro\/#organization"},"potentialAction":[{"@type":"SearchAction","target":{"@type":"EntryPoint","urlTemplate":"https:\/\/inspiratio.ro\/?s={search_term_string}"},"query-input":{"@type":"PropertyValueSpecification","valueRequired":true,"valueName":"search_term_string"}}],"inLanguage":"en-US"},{"@type":"Organization","@id":"https:\/\/inspiratio.ro\/#organization","name":"Inspiratio","url":"https:\/\/inspiratio.ro\/","logo":{"@type":"ImageObject","inLanguage":"en-US","@id":"https:\/\/inspiratio.ro\/#\/schema\/logo\/image\/","url":"https:\/\/inspiratio.ro\/wp-content\/uploads\/2020\/06\/logo-inspiratio.png","contentUrl":"https:\/\/inspiratio.ro\/wp-content\/uploads\/2020\/06\/logo-inspiratio.png","width":232,"height":209,"caption":"Inspiratio"},"image":{"@id":"https:\/\/inspiratio.ro\/#\/schema\/logo\/image\/"},"sameAs":["https:\/\/www.facebook.com\/inspiratiogiftstudio\/","https:\/\/www.instagram.com\/inspiratio_giftstudio\/"]}]}},"brands":[{"id":274,"name":"Loe's garden","slug":"loes-garden"}],"_links":{"self":[{"href":"https:\/\/inspiratio.ro\/en\/wp-json\/wp\/v2\/product\/10552","targetHints":{"allow":["GET"]}}],"collection":[{"href":"https:\/\/inspiratio.ro\/en\/wp-json\/wp\/v2\/product"}],"about":[{"href":"https:\/\/inspiratio.ro\/en\/wp-json\/wp\/v2\/types\/product"}],"replies":[{"embeddable":true,"href":"https:\/\/inspiratio.ro\/en\/wp-json\/wp\/v2\/comments?post=10552"}],"wp:featuredmedia":[{"embeddable":true,"href":"https:\/\/inspiratio.ro\/en\/wp-json\/wp\/v2\/media\/10603"}],"wp:attachment":[{"href":"https:\/\/inspiratio.ro\/en\/wp-json\/wp\/v2\/media?parent=10552"}],"wp:term":[{"taxonomy":"pwb-brand","embeddable":true,"href":"https:\/\/inspiratio.ro\/en\/wp-json\/wp\/v2\/pwb-brand?post=10552"},{"taxonomy":"product_brand","embeddable":true,"href":"https:\/\/inspiratio.ro\/en\/wp-json\/wp\/v2\/product_brand?post=10552"},{"taxonomy":"product_cat","embeddable":true,"href":"https:\/\/inspiratio.ro\/en\/wp-json\/wp\/v2\/product_cat?post=10552"},{"taxonomy":"product_tag","embeddable":true,"href":"https:\/\/inspiratio.ro\/en\/wp-json\/wp\/v2\/product_tag?post=10552"}],"curies":[{"name":"wp","href":"https:\/\/api.w.org\/{rel}","templated":true}]}}