{"id":10459,"date":"2026-02-19T17:32:09","date_gmt":"2026-02-19T15:32:09","guid":{"rendered":"https:\/\/inspiratio.ro\/?post_type=product&#038;p=10459"},"modified":"2026-02-19T17:34:27","modified_gmt":"2026-02-19T15:34:27","slug":"fim-zacusca-cu-vinete-si-trufe-160g","status":"publish","type":"product","link":"https:\/\/inspiratio.ro\/en\/produs\/fim-zacusca-cu-vinete-si-trufe-160g\/","title":{"rendered":"Zacusc\u0103 cu vinete \u0219i trufe 160g"},"content":{"rendered":"<p>Produsul este preparat doar din ingrediente naturale, atent selec\u021bionate, oferind un gust intens \u0219i delicios.<\/p>\n<p>Re\u021betele, transmise cu grij\u0103 din genera\u021bie \u00een genera\u021bie, sunt p\u0103strate cu mare tain\u0103, asigur\u00e2nd deliciul gustului. Preparatele s\u0103se\u0219ti din T\u00e2rnava Mare garanteaz\u0103 calitatea excep\u021bional\u0103 \u0219i savoarea deosebit\u0103 a produselor.<\/p>\n","protected":false},"excerpt":{"rendered":"<p>Produsul este preparat doar din ingrediente naturale, atent selec\u021bionate, oferind un gust intens \u0219i delicios. Re\u021betele, transmise cu grij\u0103 din genera\u021bie \u00een genera\u021bie, sunt p\u0103strate cu mare tain\u0103, asigur\u00e2nd deliciul gustului. Preparatele s\u0103se\u0219ti din T\u00e2rnava Mare garanteaz\u0103 calitatea excep\u021bional\u0103 \u0219i savoarea deosebit\u0103 a produselor.<\/p>\n","protected":false},"featured_media":10460,"comment_status":"closed","ping_status":"closed","template":"","meta":[],"pwb-brand":[269],"product_brand":[270],"product_cat":[117],"product_tag":[271],"class_list":{"0":"post-10459","1":"product","2":"type-product","3":"status-publish","4":"has-post-thumbnail","6":"pwb-brand-transylvanias-finest-foods","7":"product_brand-transylvanias-finest-foods","8":"product_cat-specialitati-gourmet","9":"product_tag-trufe","11":"first","12":"instock","13":"taxable","14":"shipping-taxable","15":"purchasable","16":"product-type-simple"},"yoast_head":"<!-- This site is optimized with the Yoast SEO plugin v26.9 - https:\/\/yoast.com\/product\/yoast-seo-wordpress\/ -->\n<title>FIM Zacusc\u0103 cu vinete \u0219i trufe 160g - Inspiratio<\/title>\n<meta name=\"description\" content=\"FIM Zacusc\u0103 cu vinete \u0219i trufe 160g\" \/>\n<meta name=\"robots\" content=\"index, follow, max-snippet:-1, max-image-preview:large, max-video-preview:-1\" \/>\n<link rel=\"canonical\" href=\"https:\/\/inspiratio.ro\/produs\/fim-zacusca-cu-vinete-si-trufe-160g\/\" \/>\n<meta property=\"og:locale\" content=\"en_US\" \/>\n<meta property=\"og:type\" content=\"article\" \/>\n<meta property=\"og:title\" content=\"FIM Zacusc\u0103 cu vinete \u0219i trufe 160g - Inspiratio\" \/>\n<meta property=\"og:description\" content=\"FIM Zacusc\u0103 cu vinete \u0219i trufe 160g\" \/>\n<meta property=\"og:url\" content=\"https:\/\/inspiratio.ro\/produs\/fim-zacusca-cu-vinete-si-trufe-160g\/\" \/>\n<meta property=\"og:site_name\" content=\"Inspiratio\" \/>\n<meta property=\"article:publisher\" content=\"https:\/\/www.facebook.com\/inspiratiogiftstudio\/\" \/>\n<meta property=\"article:modified_time\" content=\"2026-02-19T15:34:27+00:00\" \/>\n<meta property=\"og:image\" content=\"https:\/\/inspiratio.ro\/wp-content\/uploads\/2026\/02\/zacusca.webp\" \/>\n\t<meta property=\"og:image:width\" content=\"540\" \/>\n\t<meta property=\"og:image:height\" content=\"617\" \/>\n\t<meta property=\"og:image:type\" content=\"image\/webp\" \/>\n<meta name=\"twitter:card\" content=\"summary_large_image\" \/>\n<meta name=\"twitter:label1\" content=\"Est. reading time\" \/>\n\t<meta name=\"twitter:data1\" content=\"1 minute\" \/>\n<script type=\"application\/ld+json\" class=\"yoast-schema-graph\">{\"@context\":\"https:\/\/schema.org\",\"@graph\":[{\"@type\":\"WebPage\",\"@id\":\"https:\/\/inspiratio.ro\/produs\/fim-zacusca-cu-vinete-si-trufe-160g\/\",\"url\":\"https:\/\/inspiratio.ro\/produs\/fim-zacusca-cu-vinete-si-trufe-160g\/\",\"name\":\"FIM Zacusc\u0103 cu vinete \u0219i trufe 160g - Inspiratio\",\"isPartOf\":{\"@id\":\"https:\/\/inspiratio.ro\/#website\"},\"primaryImageOfPage\":{\"@id\":\"https:\/\/inspiratio.ro\/produs\/fim-zacusca-cu-vinete-si-trufe-160g\/#primaryimage\"},\"image\":{\"@id\":\"https:\/\/inspiratio.ro\/produs\/fim-zacusca-cu-vinete-si-trufe-160g\/#primaryimage\"},\"thumbnailUrl\":\"https:\/\/inspiratio.ro\/wp-content\/uploads\/2026\/02\/zacusca.webp\",\"datePublished\":\"2026-02-19T15:32:09+00:00\",\"dateModified\":\"2026-02-19T15:34:27+00:00\",\"description\":\"FIM Zacusc\u0103 cu vinete \u0219i trufe 160g\",\"breadcrumb\":{\"@id\":\"https:\/\/inspiratio.ro\/produs\/fim-zacusca-cu-vinete-si-trufe-160g\/#breadcrumb\"},\"inLanguage\":\"en-US\",\"potentialAction\":[{\"@type\":\"ReadAction\",\"target\":[\"https:\/\/inspiratio.ro\/produs\/fim-zacusca-cu-vinete-si-trufe-160g\/\"]}]},{\"@type\":\"ImageObject\",\"inLanguage\":\"en-US\",\"@id\":\"https:\/\/inspiratio.ro\/produs\/fim-zacusca-cu-vinete-si-trufe-160g\/#primaryimage\",\"url\":\"https:\/\/inspiratio.ro\/wp-content\/uploads\/2026\/02\/zacusca.webp\",\"contentUrl\":\"https:\/\/inspiratio.ro\/wp-content\/uploads\/2026\/02\/zacusca.webp\",\"width\":540,\"height\":617},{\"@type\":\"BreadcrumbList\",\"@id\":\"https:\/\/inspiratio.ro\/produs\/fim-zacusca-cu-vinete-si-trufe-160g\/#breadcrumb\",\"itemListElement\":[{\"@type\":\"ListItem\",\"position\":1,\"name\":\"Shop\",\"item\":\"https:\/\/inspiratio.ro\/magazin-cadouri\/\"},{\"@type\":\"ListItem\",\"position\":2,\"name\":\"FIM Zacusc\u0103 cu vinete \u0219i trufe 160g\"}]},{\"@type\":\"WebSite\",\"@id\":\"https:\/\/inspiratio.ro\/#website\",\"url\":\"https:\/\/inspiratio.ro\/\",\"name\":\"Inspiratio\",\"description\":\"Las\u0103-te purtat de inspira\u021bie\",\"publisher\":{\"@id\":\"https:\/\/inspiratio.ro\/#organization\"},\"potentialAction\":[{\"@type\":\"SearchAction\",\"target\":{\"@type\":\"EntryPoint\",\"urlTemplate\":\"https:\/\/inspiratio.ro\/?s={search_term_string}\"},\"query-input\":{\"@type\":\"PropertyValueSpecification\",\"valueRequired\":true,\"valueName\":\"search_term_string\"}}],\"inLanguage\":\"en-US\"},{\"@type\":\"Organization\",\"@id\":\"https:\/\/inspiratio.ro\/#organization\",\"name\":\"Inspiratio\",\"url\":\"https:\/\/inspiratio.ro\/\",\"logo\":{\"@type\":\"ImageObject\",\"inLanguage\":\"en-US\",\"@id\":\"https:\/\/inspiratio.ro\/#\/schema\/logo\/image\/\",\"url\":\"https:\/\/inspiratio.ro\/wp-content\/uploads\/2020\/06\/logo-inspiratio.png\",\"contentUrl\":\"https:\/\/inspiratio.ro\/wp-content\/uploads\/2020\/06\/logo-inspiratio.png\",\"width\":232,\"height\":209,\"caption\":\"Inspiratio\"},\"image\":{\"@id\":\"https:\/\/inspiratio.ro\/#\/schema\/logo\/image\/\"},\"sameAs\":[\"https:\/\/www.facebook.com\/inspiratiogiftstudio\/\",\"https:\/\/www.instagram.com\/inspiratio_giftstudio\/\"]}]}<\/script>\n<!-- \/ Yoast SEO plugin. -->","yoast_head_json":{"title":"FIM Zacusc\u0103 cu vinete \u0219i trufe 160g - Inspiratio","description":"FIM Zacusc\u0103 cu vinete \u0219i trufe 160g","robots":{"index":"index","follow":"follow","max-snippet":"max-snippet:-1","max-image-preview":"max-image-preview:large","max-video-preview":"max-video-preview:-1"},"canonical":"https:\/\/inspiratio.ro\/produs\/fim-zacusca-cu-vinete-si-trufe-160g\/","og_locale":"en_US","og_type":"article","og_title":"FIM Zacusc\u0103 cu vinete \u0219i trufe 160g - Inspiratio","og_description":"FIM Zacusc\u0103 cu vinete \u0219i trufe 160g","og_url":"https:\/\/inspiratio.ro\/produs\/fim-zacusca-cu-vinete-si-trufe-160g\/","og_site_name":"Inspiratio","article_publisher":"https:\/\/www.facebook.com\/inspiratiogiftstudio\/","article_modified_time":"2026-02-19T15:34:27+00:00","og_image":[{"width":540,"height":617,"url":"https:\/\/inspiratio.ro\/wp-content\/uploads\/2026\/02\/zacusca.webp","type":"image\/webp"}],"twitter_card":"summary_large_image","twitter_misc":{"Est. reading time":"1 minute"},"schema":{"@context":"https:\/\/schema.org","@graph":[{"@type":"WebPage","@id":"https:\/\/inspiratio.ro\/produs\/fim-zacusca-cu-vinete-si-trufe-160g\/","url":"https:\/\/inspiratio.ro\/produs\/fim-zacusca-cu-vinete-si-trufe-160g\/","name":"FIM Zacusc\u0103 cu vinete \u0219i trufe 160g - Inspiratio","isPartOf":{"@id":"https:\/\/inspiratio.ro\/#website"},"primaryImageOfPage":{"@id":"https:\/\/inspiratio.ro\/produs\/fim-zacusca-cu-vinete-si-trufe-160g\/#primaryimage"},"image":{"@id":"https:\/\/inspiratio.ro\/produs\/fim-zacusca-cu-vinete-si-trufe-160g\/#primaryimage"},"thumbnailUrl":"https:\/\/inspiratio.ro\/wp-content\/uploads\/2026\/02\/zacusca.webp","datePublished":"2026-02-19T15:32:09+00:00","dateModified":"2026-02-19T15:34:27+00:00","description":"FIM Zacusc\u0103 cu vinete \u0219i trufe 160g","breadcrumb":{"@id":"https:\/\/inspiratio.ro\/produs\/fim-zacusca-cu-vinete-si-trufe-160g\/#breadcrumb"},"inLanguage":"en-US","potentialAction":[{"@type":"ReadAction","target":["https:\/\/inspiratio.ro\/produs\/fim-zacusca-cu-vinete-si-trufe-160g\/"]}]},{"@type":"ImageObject","inLanguage":"en-US","@id":"https:\/\/inspiratio.ro\/produs\/fim-zacusca-cu-vinete-si-trufe-160g\/#primaryimage","url":"https:\/\/inspiratio.ro\/wp-content\/uploads\/2026\/02\/zacusca.webp","contentUrl":"https:\/\/inspiratio.ro\/wp-content\/uploads\/2026\/02\/zacusca.webp","width":540,"height":617},{"@type":"BreadcrumbList","@id":"https:\/\/inspiratio.ro\/produs\/fim-zacusca-cu-vinete-si-trufe-160g\/#breadcrumb","itemListElement":[{"@type":"ListItem","position":1,"name":"Shop","item":"https:\/\/inspiratio.ro\/magazin-cadouri\/"},{"@type":"ListItem","position":2,"name":"FIM Zacusc\u0103 cu vinete \u0219i trufe 160g"}]},{"@type":"WebSite","@id":"https:\/\/inspiratio.ro\/#website","url":"https:\/\/inspiratio.ro\/","name":"Inspiratio","description":"Las\u0103-te purtat de inspira\u021bie","publisher":{"@id":"https:\/\/inspiratio.ro\/#organization"},"potentialAction":[{"@type":"SearchAction","target":{"@type":"EntryPoint","urlTemplate":"https:\/\/inspiratio.ro\/?s={search_term_string}"},"query-input":{"@type":"PropertyValueSpecification","valueRequired":true,"valueName":"search_term_string"}}],"inLanguage":"en-US"},{"@type":"Organization","@id":"https:\/\/inspiratio.ro\/#organization","name":"Inspiratio","url":"https:\/\/inspiratio.ro\/","logo":{"@type":"ImageObject","inLanguage":"en-US","@id":"https:\/\/inspiratio.ro\/#\/schema\/logo\/image\/","url":"https:\/\/inspiratio.ro\/wp-content\/uploads\/2020\/06\/logo-inspiratio.png","contentUrl":"https:\/\/inspiratio.ro\/wp-content\/uploads\/2020\/06\/logo-inspiratio.png","width":232,"height":209,"caption":"Inspiratio"},"image":{"@id":"https:\/\/inspiratio.ro\/#\/schema\/logo\/image\/"},"sameAs":["https:\/\/www.facebook.com\/inspiratiogiftstudio\/","https:\/\/www.instagram.com\/inspiratio_giftstudio\/"]}]}},"brands":[{"id":269,"name":"Transylvania's Finest Foods","slug":"transylvanias-finest-foods"}],"_links":{"self":[{"href":"https:\/\/inspiratio.ro\/en\/wp-json\/wp\/v2\/product\/10459","targetHints":{"allow":["GET"]}}],"collection":[{"href":"https:\/\/inspiratio.ro\/en\/wp-json\/wp\/v2\/product"}],"about":[{"href":"https:\/\/inspiratio.ro\/en\/wp-json\/wp\/v2\/types\/product"}],"replies":[{"embeddable":true,"href":"https:\/\/inspiratio.ro\/en\/wp-json\/wp\/v2\/comments?post=10459"}],"wp:featuredmedia":[{"embeddable":true,"href":"https:\/\/inspiratio.ro\/en\/wp-json\/wp\/v2\/media\/10460"}],"wp:attachment":[{"href":"https:\/\/inspiratio.ro\/en\/wp-json\/wp\/v2\/media?parent=10459"}],"wp:term":[{"taxonomy":"pwb-brand","embeddable":true,"href":"https:\/\/inspiratio.ro\/en\/wp-json\/wp\/v2\/pwb-brand?post=10459"},{"taxonomy":"product_brand","embeddable":true,"href":"https:\/\/inspiratio.ro\/en\/wp-json\/wp\/v2\/product_brand?post=10459"},{"taxonomy":"product_cat","embeddable":true,"href":"https:\/\/inspiratio.ro\/en\/wp-json\/wp\/v2\/product_cat?post=10459"},{"taxonomy":"product_tag","embeddable":true,"href":"https:\/\/inspiratio.ro\/en\/wp-json\/wp\/v2\/product_tag?post=10459"}],"curies":[{"name":"wp","href":"https:\/\/api.w.org\/{rel}","templated":true}]}}