{"id":10448,"date":"2026-02-19T17:21:00","date_gmt":"2026-02-19T15:21:00","guid":{"rendered":"https:\/\/inspiratio.ro\/?post_type=product&#038;p=10448"},"modified":"2026-02-19T17:24:15","modified_gmt":"2026-02-19T15:24:15","slug":"fim-trufe-negre-julienne-in-ulei-100g","status":"publish","type":"product","link":"https:\/\/inspiratio.ro\/en\/produs\/fim-trufe-negre-julienne-in-ulei-100g\/","title":{"rendered":"Trufe negre julienne \u00een ulei, 100g"},"content":{"rendered":"<p>Descoper\u0103<strong>\u00a0rafinamentul autentic al trufelor julienne conservate \u00een ulei,<\/strong>\u00a0o adev\u0103rat\u0103 bijuterie gourmet realizat\u0103 din trufe alese cu grij\u0103, recunoscute pentru aroma lor inconfundabil\u0103 \u0219i raritate. Aceste delicii subterane, cunoscute drept \u201ediamantele p\u0103m\u00e2ntului,\u201d sunt t\u0103iate fin \u0219i p\u0103strate cu m\u0103iestrie \u00een ulei, pentru a-\u0219i p\u0103stra intensitatea aromei \u0219i textura lor delicat\u0103, transform\u00e2nd fiecare mas\u0103 \u00eentr-o experien\u021b\u0103 de lux.<\/p>\n<p>Fiecare borcan este o invita\u021bie la elegan\u021b\u0103 \u0219i rafinament, perfect pentru a des\u0103v\u00e2r\u0219i preparatele tale preferate \u2013 fie c\u0103 le adaugi \u00een paste fine, risotto cremos, salate proaspete sau ca un accent sofisticat pentru diverse feluri de m\u00e2ncare. Savureaz\u0103 gustul distinct \u0219i extravagant al trufelor, l\u0103s\u00e2ndu-te purtat \u00eentr-o experien\u021b\u0103 culinar\u0103 de neuitat \u0219i \u00eentr-o incursiune \u00een lumea gastronomiei de elit\u0103.<\/p>\n","protected":false},"excerpt":{"rendered":"<p>Descoper\u0103\u00a0rafinamentul autentic al trufelor julienne conservate \u00een ulei,\u00a0o adev\u0103rat\u0103 bijuterie gourmet realizat\u0103 din trufe alese cu grij\u0103, recunoscute pentru aroma lor inconfundabil\u0103 \u0219i raritate. Aceste delicii subterane, cunoscute drept \u201ediamantele p\u0103m\u00e2ntului,\u201d sunt t\u0103iate fin \u0219i p\u0103strate cu m\u0103iestrie \u00een ulei, pentru a-\u0219i p\u0103stra intensitatea aromei \u0219i textura lor delicat\u0103, transform\u00e2nd fiecare mas\u0103 \u00eentr-o experien\u021b\u0103 de [&hellip;]<\/p>\n","protected":false},"featured_media":10449,"comment_status":"closed","ping_status":"closed","template":"","meta":[],"pwb-brand":[269],"product_brand":[270],"product_cat":[117],"product_tag":[271],"class_list":{"0":"post-10448","1":"product","2":"type-product","3":"status-publish","4":"has-post-thumbnail","6":"pwb-brand-transylvanias-finest-foods","7":"product_brand-transylvanias-finest-foods","8":"product_cat-specialitati-gourmet","9":"product_tag-trufe","11":"first","12":"instock","13":"taxable","14":"shipping-taxable","15":"purchasable","16":"product-type-simple"},"yoast_head":"<!-- This site is optimized with the Yoast SEO plugin v26.9 - https:\/\/yoast.com\/product\/yoast-seo-wordpress\/ -->\n<title>FIM Trufe negre julienne \u00een ulei, 100g - Inspiratio<\/title>\n<meta name=\"description\" content=\"FIM Trufe negre julienne \u00een ulei, 100g\" \/>\n<meta name=\"robots\" content=\"index, follow, max-snippet:-1, max-image-preview:large, max-video-preview:-1\" \/>\n<link rel=\"canonical\" href=\"https:\/\/inspiratio.ro\/produs\/fim-trufe-negre-julienne-in-ulei-100g\/\" \/>\n<meta property=\"og:locale\" content=\"en_US\" \/>\n<meta property=\"og:type\" content=\"article\" \/>\n<meta property=\"og:title\" content=\"FIM Trufe negre julienne \u00een ulei, 100g - Inspiratio\" \/>\n<meta property=\"og:description\" content=\"FIM Trufe negre julienne \u00een ulei, 100g\" \/>\n<meta property=\"og:url\" content=\"https:\/\/inspiratio.ro\/produs\/fim-trufe-negre-julienne-in-ulei-100g\/\" \/>\n<meta property=\"og:site_name\" content=\"Inspiratio\" \/>\n<meta property=\"article:publisher\" content=\"https:\/\/www.facebook.com\/inspiratiogiftstudio\/\" \/>\n<meta property=\"article:modified_time\" content=\"2026-02-19T15:24:15+00:00\" \/>\n<meta property=\"og:image\" content=\"https:\/\/inspiratio.ro\/wp-content\/uploads\/2026\/02\/trufe-julienne.webp\" \/>\n\t<meta property=\"og:image:width\" content=\"351\" \/>\n\t<meta property=\"og:image:height\" content=\"539\" \/>\n\t<meta property=\"og:image:type\" content=\"image\/webp\" \/>\n<meta name=\"twitter:card\" content=\"summary_large_image\" \/>\n<meta name=\"twitter:label1\" content=\"Est. reading time\" \/>\n\t<meta name=\"twitter:data1\" content=\"1 minute\" \/>\n<script type=\"application\/ld+json\" class=\"yoast-schema-graph\">{\"@context\":\"https:\/\/schema.org\",\"@graph\":[{\"@type\":\"WebPage\",\"@id\":\"https:\/\/inspiratio.ro\/produs\/fim-trufe-negre-julienne-in-ulei-100g\/\",\"url\":\"https:\/\/inspiratio.ro\/produs\/fim-trufe-negre-julienne-in-ulei-100g\/\",\"name\":\"FIM Trufe negre julienne \u00een ulei, 100g - Inspiratio\",\"isPartOf\":{\"@id\":\"https:\/\/inspiratio.ro\/#website\"},\"primaryImageOfPage\":{\"@id\":\"https:\/\/inspiratio.ro\/produs\/fim-trufe-negre-julienne-in-ulei-100g\/#primaryimage\"},\"image\":{\"@id\":\"https:\/\/inspiratio.ro\/produs\/fim-trufe-negre-julienne-in-ulei-100g\/#primaryimage\"},\"thumbnailUrl\":\"https:\/\/inspiratio.ro\/wp-content\/uploads\/2026\/02\/trufe-julienne.webp\",\"datePublished\":\"2026-02-19T15:21:00+00:00\",\"dateModified\":\"2026-02-19T15:24:15+00:00\",\"description\":\"FIM Trufe negre julienne \u00een ulei, 100g\",\"breadcrumb\":{\"@id\":\"https:\/\/inspiratio.ro\/produs\/fim-trufe-negre-julienne-in-ulei-100g\/#breadcrumb\"},\"inLanguage\":\"en-US\",\"potentialAction\":[{\"@type\":\"ReadAction\",\"target\":[\"https:\/\/inspiratio.ro\/produs\/fim-trufe-negre-julienne-in-ulei-100g\/\"]}]},{\"@type\":\"ImageObject\",\"inLanguage\":\"en-US\",\"@id\":\"https:\/\/inspiratio.ro\/produs\/fim-trufe-negre-julienne-in-ulei-100g\/#primaryimage\",\"url\":\"https:\/\/inspiratio.ro\/wp-content\/uploads\/2026\/02\/trufe-julienne.webp\",\"contentUrl\":\"https:\/\/inspiratio.ro\/wp-content\/uploads\/2026\/02\/trufe-julienne.webp\",\"width\":351,\"height\":539},{\"@type\":\"BreadcrumbList\",\"@id\":\"https:\/\/inspiratio.ro\/produs\/fim-trufe-negre-julienne-in-ulei-100g\/#breadcrumb\",\"itemListElement\":[{\"@type\":\"ListItem\",\"position\":1,\"name\":\"Shop\",\"item\":\"https:\/\/inspiratio.ro\/magazin-cadouri\/\"},{\"@type\":\"ListItem\",\"position\":2,\"name\":\"FIM Trufe negre julienne \u00een ulei, 100g\"}]},{\"@type\":\"WebSite\",\"@id\":\"https:\/\/inspiratio.ro\/#website\",\"url\":\"https:\/\/inspiratio.ro\/\",\"name\":\"Inspiratio\",\"description\":\"Las\u0103-te purtat de inspira\u021bie\",\"publisher\":{\"@id\":\"https:\/\/inspiratio.ro\/#organization\"},\"potentialAction\":[{\"@type\":\"SearchAction\",\"target\":{\"@type\":\"EntryPoint\",\"urlTemplate\":\"https:\/\/inspiratio.ro\/?s={search_term_string}\"},\"query-input\":{\"@type\":\"PropertyValueSpecification\",\"valueRequired\":true,\"valueName\":\"search_term_string\"}}],\"inLanguage\":\"en-US\"},{\"@type\":\"Organization\",\"@id\":\"https:\/\/inspiratio.ro\/#organization\",\"name\":\"Inspiratio\",\"url\":\"https:\/\/inspiratio.ro\/\",\"logo\":{\"@type\":\"ImageObject\",\"inLanguage\":\"en-US\",\"@id\":\"https:\/\/inspiratio.ro\/#\/schema\/logo\/image\/\",\"url\":\"https:\/\/inspiratio.ro\/wp-content\/uploads\/2020\/06\/logo-inspiratio.png\",\"contentUrl\":\"https:\/\/inspiratio.ro\/wp-content\/uploads\/2020\/06\/logo-inspiratio.png\",\"width\":232,\"height\":209,\"caption\":\"Inspiratio\"},\"image\":{\"@id\":\"https:\/\/inspiratio.ro\/#\/schema\/logo\/image\/\"},\"sameAs\":[\"https:\/\/www.facebook.com\/inspiratiogiftstudio\/\",\"https:\/\/www.instagram.com\/inspiratio_giftstudio\/\"]}]}<\/script>\n<!-- \/ Yoast SEO plugin. -->","yoast_head_json":{"title":"FIM Trufe negre julienne \u00een ulei, 100g - Inspiratio","description":"FIM Trufe negre julienne \u00een ulei, 100g","robots":{"index":"index","follow":"follow","max-snippet":"max-snippet:-1","max-image-preview":"max-image-preview:large","max-video-preview":"max-video-preview:-1"},"canonical":"https:\/\/inspiratio.ro\/produs\/fim-trufe-negre-julienne-in-ulei-100g\/","og_locale":"en_US","og_type":"article","og_title":"FIM Trufe negre julienne \u00een ulei, 100g - Inspiratio","og_description":"FIM Trufe negre julienne \u00een ulei, 100g","og_url":"https:\/\/inspiratio.ro\/produs\/fim-trufe-negre-julienne-in-ulei-100g\/","og_site_name":"Inspiratio","article_publisher":"https:\/\/www.facebook.com\/inspiratiogiftstudio\/","article_modified_time":"2026-02-19T15:24:15+00:00","og_image":[{"width":351,"height":539,"url":"https:\/\/inspiratio.ro\/wp-content\/uploads\/2026\/02\/trufe-julienne.webp","type":"image\/webp"}],"twitter_card":"summary_large_image","twitter_misc":{"Est. reading time":"1 minute"},"schema":{"@context":"https:\/\/schema.org","@graph":[{"@type":"WebPage","@id":"https:\/\/inspiratio.ro\/produs\/fim-trufe-negre-julienne-in-ulei-100g\/","url":"https:\/\/inspiratio.ro\/produs\/fim-trufe-negre-julienne-in-ulei-100g\/","name":"FIM Trufe negre julienne \u00een ulei, 100g - Inspiratio","isPartOf":{"@id":"https:\/\/inspiratio.ro\/#website"},"primaryImageOfPage":{"@id":"https:\/\/inspiratio.ro\/produs\/fim-trufe-negre-julienne-in-ulei-100g\/#primaryimage"},"image":{"@id":"https:\/\/inspiratio.ro\/produs\/fim-trufe-negre-julienne-in-ulei-100g\/#primaryimage"},"thumbnailUrl":"https:\/\/inspiratio.ro\/wp-content\/uploads\/2026\/02\/trufe-julienne.webp","datePublished":"2026-02-19T15:21:00+00:00","dateModified":"2026-02-19T15:24:15+00:00","description":"FIM Trufe negre julienne \u00een ulei, 100g","breadcrumb":{"@id":"https:\/\/inspiratio.ro\/produs\/fim-trufe-negre-julienne-in-ulei-100g\/#breadcrumb"},"inLanguage":"en-US","potentialAction":[{"@type":"ReadAction","target":["https:\/\/inspiratio.ro\/produs\/fim-trufe-negre-julienne-in-ulei-100g\/"]}]},{"@type":"ImageObject","inLanguage":"en-US","@id":"https:\/\/inspiratio.ro\/produs\/fim-trufe-negre-julienne-in-ulei-100g\/#primaryimage","url":"https:\/\/inspiratio.ro\/wp-content\/uploads\/2026\/02\/trufe-julienne.webp","contentUrl":"https:\/\/inspiratio.ro\/wp-content\/uploads\/2026\/02\/trufe-julienne.webp","width":351,"height":539},{"@type":"BreadcrumbList","@id":"https:\/\/inspiratio.ro\/produs\/fim-trufe-negre-julienne-in-ulei-100g\/#breadcrumb","itemListElement":[{"@type":"ListItem","position":1,"name":"Shop","item":"https:\/\/inspiratio.ro\/magazin-cadouri\/"},{"@type":"ListItem","position":2,"name":"FIM Trufe negre julienne \u00een ulei, 100g"}]},{"@type":"WebSite","@id":"https:\/\/inspiratio.ro\/#website","url":"https:\/\/inspiratio.ro\/","name":"Inspiratio","description":"Las\u0103-te purtat de inspira\u021bie","publisher":{"@id":"https:\/\/inspiratio.ro\/#organization"},"potentialAction":[{"@type":"SearchAction","target":{"@type":"EntryPoint","urlTemplate":"https:\/\/inspiratio.ro\/?s={search_term_string}"},"query-input":{"@type":"PropertyValueSpecification","valueRequired":true,"valueName":"search_term_string"}}],"inLanguage":"en-US"},{"@type":"Organization","@id":"https:\/\/inspiratio.ro\/#organization","name":"Inspiratio","url":"https:\/\/inspiratio.ro\/","logo":{"@type":"ImageObject","inLanguage":"en-US","@id":"https:\/\/inspiratio.ro\/#\/schema\/logo\/image\/","url":"https:\/\/inspiratio.ro\/wp-content\/uploads\/2020\/06\/logo-inspiratio.png","contentUrl":"https:\/\/inspiratio.ro\/wp-content\/uploads\/2020\/06\/logo-inspiratio.png","width":232,"height":209,"caption":"Inspiratio"},"image":{"@id":"https:\/\/inspiratio.ro\/#\/schema\/logo\/image\/"},"sameAs":["https:\/\/www.facebook.com\/inspiratiogiftstudio\/","https:\/\/www.instagram.com\/inspiratio_giftstudio\/"]}]}},"brands":[{"id":269,"name":"Transylvania's Finest Foods","slug":"transylvanias-finest-foods"}],"_links":{"self":[{"href":"https:\/\/inspiratio.ro\/en\/wp-json\/wp\/v2\/product\/10448","targetHints":{"allow":["GET"]}}],"collection":[{"href":"https:\/\/inspiratio.ro\/en\/wp-json\/wp\/v2\/product"}],"about":[{"href":"https:\/\/inspiratio.ro\/en\/wp-json\/wp\/v2\/types\/product"}],"replies":[{"embeddable":true,"href":"https:\/\/inspiratio.ro\/en\/wp-json\/wp\/v2\/comments?post=10448"}],"wp:featuredmedia":[{"embeddable":true,"href":"https:\/\/inspiratio.ro\/en\/wp-json\/wp\/v2\/media\/10449"}],"wp:attachment":[{"href":"https:\/\/inspiratio.ro\/en\/wp-json\/wp\/v2\/media?parent=10448"}],"wp:term":[{"taxonomy":"pwb-brand","embeddable":true,"href":"https:\/\/inspiratio.ro\/en\/wp-json\/wp\/v2\/pwb-brand?post=10448"},{"taxonomy":"product_brand","embeddable":true,"href":"https:\/\/inspiratio.ro\/en\/wp-json\/wp\/v2\/product_brand?post=10448"},{"taxonomy":"product_cat","embeddable":true,"href":"https:\/\/inspiratio.ro\/en\/wp-json\/wp\/v2\/product_cat?post=10448"},{"taxonomy":"product_tag","embeddable":true,"href":"https:\/\/inspiratio.ro\/en\/wp-json\/wp\/v2\/product_tag?post=10448"}],"curies":[{"name":"wp","href":"https:\/\/api.w.org\/{rel}","templated":true}]}}