{"id":10434,"date":"2026-02-19T16:57:45","date_gmt":"2026-02-19T14:57:45","guid":{"rendered":"https:\/\/inspiratio.ro\/?post_type=product&#038;p=10434"},"modified":"2026-02-19T17:05:35","modified_gmt":"2026-02-19T15:05:35","slug":"fim-crema-de-trufe-110g","status":"publish","type":"product","link":"https:\/\/inspiratio.ro\/en\/produs\/fim-crema-de-trufe-110g\/","title":{"rendered":"Crem\u0103 de trufe 110g"},"content":{"rendered":"<p>\u00cenc\u00e2nt\u0103-\u021bi sim\u021burile cu crema noastr\u0103 delicat\u0103 de trufe, o delicates\u0103 gourmet preg\u0103tit\u0103 cu ingrediente de cea mai \u00eenalt\u0103 calitate. Fiecare por\u021bie este o \u00eembinare perfect\u0103 \u00eentre aroma intens\u0103 \u0219i textura catifelat\u0103 a trufelor, cu un echilibru subtil de arome bogate \u0219i fine.<\/p>\n<p>Ideal\u0103 pentru a fi savurat\u0103 pe p\u00e2ine proasp\u0103t\u0103 sau ca parte a unor preparate sofisticate, crema de trufe adaug\u0103 un plus de elegan\u021b\u0103 \u0219i rafinament oric\u0103rei mese. Descoper\u0103 bucuria simpl\u0103 a gustului gourmet \u00een fiecare linguri\u021b\u0103 din aceast\u0103 crem\u0103 de trufe, care transform\u0103 fiecare gustare \u00eentr-o experien\u021b\u0103 de neuitat.<\/p>\n<p>&nbsp;<\/p>\n<p><strong>Ingrediente<\/strong>: ciuperci champignon (Agaricus bisporus), masline negre, ulei de floarea soarelui presat la rece, trufe de vara (Tuber aestivum) 3.4%, aroma de trufe, sare de masa. Origine trufe de vara (Tuber aestivum): Romania<\/p>\n<p>Produs fiert \u0219i sterilizat. Produs \u00een Rom\u00e2nia.<\/p>\n<p>Poate con\u021bine urme de: fructe cu coaj\u0103 lemnoas\u0103, gluten, \u021belin\u0103, mu\u0219tar, susan.<\/p>\n<p>Declara\u021bie nutri\u021bional\u0103, valori medii pentru 100g produs finit:<\/p>\n<ul>\n<li>Valoare energetic\u0103 432.6kJ\/102.6kCal<\/li>\n<li>Gr\u0103simi 9.2g, din care acizi gra\u0219i satura\u021bi 1.3g<\/li>\n<li>Glucide 3.7g, din care zaharuri 1.7g<\/li>\n<li>Fibre 1.5g<\/li>\n<li>Proteine 1.7g<\/li>\n<li>Sare 4.1g<\/li>\n<\/ul>\n","protected":false},"excerpt":{"rendered":"<p>\u00cenc\u00e2nt\u0103-\u021bi sim\u021burile cu crema noastr\u0103 delicat\u0103 de trufe, o delicates\u0103 gourmet preg\u0103tit\u0103 cu ingrediente de cea mai \u00eenalt\u0103 calitate. Fiecare por\u021bie este o \u00eembinare perfect\u0103 \u00eentre aroma intens\u0103 \u0219i textura catifelat\u0103 a trufelor, cu un echilibru subtil de arome bogate \u0219i fine. Ideal\u0103 pentru a fi savurat\u0103 pe p\u00e2ine proasp\u0103t\u0103 sau ca parte a unor [&hellip;]<\/p>\n","protected":false},"featured_media":10435,"comment_status":"closed","ping_status":"closed","template":"","meta":[],"pwb-brand":[269],"product_brand":[270],"product_cat":[117],"product_tag":[271],"class_list":{"0":"post-10434","1":"product","2":"type-product","3":"status-publish","4":"has-post-thumbnail","6":"pwb-brand-transylvanias-finest-foods","7":"product_brand-transylvanias-finest-foods","8":"product_cat-specialitati-gourmet","9":"product_tag-trufe","11":"first","12":"instock","13":"taxable","14":"shipping-taxable","15":"purchasable","16":"product-type-simple"},"yoast_head":"<!-- This site is optimized with the Yoast SEO plugin v26.9 - https:\/\/yoast.com\/product\/yoast-seo-wordpress\/ -->\n<title>FIM Crem\u0103 de trufe 110g - Inspiratio<\/title>\n<meta name=\"description\" content=\"FIM Crem\u0103 de trufe 110g\" \/>\n<meta name=\"robots\" content=\"index, follow, max-snippet:-1, max-image-preview:large, max-video-preview:-1\" \/>\n<link rel=\"canonical\" href=\"https:\/\/inspiratio.ro\/produs\/fim-crema-de-trufe-110g\/\" \/>\n<meta property=\"og:locale\" content=\"en_US\" \/>\n<meta property=\"og:type\" content=\"article\" \/>\n<meta property=\"og:title\" content=\"FIM Crem\u0103 de trufe 110g - Inspiratio\" \/>\n<meta property=\"og:description\" content=\"FIM Crem\u0103 de trufe 110g\" \/>\n<meta property=\"og:url\" content=\"https:\/\/inspiratio.ro\/produs\/fim-crema-de-trufe-110g\/\" \/>\n<meta property=\"og:site_name\" content=\"Inspiratio\" \/>\n<meta property=\"article:publisher\" content=\"https:\/\/www.facebook.com\/inspiratiogiftstudio\/\" \/>\n<meta property=\"article:modified_time\" content=\"2026-02-19T15:05:35+00:00\" \/>\n<meta property=\"og:image\" content=\"https:\/\/inspiratio.ro\/wp-content\/uploads\/2026\/02\/Crema-de-trufe.webp\" \/>\n\t<meta property=\"og:image:width\" content=\"344\" \/>\n\t<meta property=\"og:image:height\" content=\"499\" \/>\n\t<meta property=\"og:image:type\" content=\"image\/webp\" \/>\n<meta name=\"twitter:card\" content=\"summary_large_image\" \/>\n<meta name=\"twitter:label1\" content=\"Est. reading time\" \/>\n\t<meta name=\"twitter:data1\" content=\"2 minutes\" \/>\n<script type=\"application\/ld+json\" class=\"yoast-schema-graph\">{\"@context\":\"https:\/\/schema.org\",\"@graph\":[{\"@type\":\"WebPage\",\"@id\":\"https:\/\/inspiratio.ro\/produs\/fim-crema-de-trufe-110g\/\",\"url\":\"https:\/\/inspiratio.ro\/produs\/fim-crema-de-trufe-110g\/\",\"name\":\"FIM Crem\u0103 de trufe 110g - Inspiratio\",\"isPartOf\":{\"@id\":\"https:\/\/inspiratio.ro\/#website\"},\"primaryImageOfPage\":{\"@id\":\"https:\/\/inspiratio.ro\/produs\/fim-crema-de-trufe-110g\/#primaryimage\"},\"image\":{\"@id\":\"https:\/\/inspiratio.ro\/produs\/fim-crema-de-trufe-110g\/#primaryimage\"},\"thumbnailUrl\":\"https:\/\/inspiratio.ro\/wp-content\/uploads\/2026\/02\/Crema-de-trufe.webp\",\"datePublished\":\"2026-02-19T14:57:45+00:00\",\"dateModified\":\"2026-02-19T15:05:35+00:00\",\"description\":\"FIM Crem\u0103 de trufe 110g\",\"breadcrumb\":{\"@id\":\"https:\/\/inspiratio.ro\/produs\/fim-crema-de-trufe-110g\/#breadcrumb\"},\"inLanguage\":\"en-US\",\"potentialAction\":[{\"@type\":\"ReadAction\",\"target\":[\"https:\/\/inspiratio.ro\/produs\/fim-crema-de-trufe-110g\/\"]}]},{\"@type\":\"ImageObject\",\"inLanguage\":\"en-US\",\"@id\":\"https:\/\/inspiratio.ro\/produs\/fim-crema-de-trufe-110g\/#primaryimage\",\"url\":\"https:\/\/inspiratio.ro\/wp-content\/uploads\/2026\/02\/Crema-de-trufe.webp\",\"contentUrl\":\"https:\/\/inspiratio.ro\/wp-content\/uploads\/2026\/02\/Crema-de-trufe.webp\",\"width\":344,\"height\":499},{\"@type\":\"BreadcrumbList\",\"@id\":\"https:\/\/inspiratio.ro\/produs\/fim-crema-de-trufe-110g\/#breadcrumb\",\"itemListElement\":[{\"@type\":\"ListItem\",\"position\":1,\"name\":\"Shop\",\"item\":\"https:\/\/inspiratio.ro\/magazin-cadouri\/\"},{\"@type\":\"ListItem\",\"position\":2,\"name\":\"FIM Crem\u0103 de trufe 110g\"}]},{\"@type\":\"WebSite\",\"@id\":\"https:\/\/inspiratio.ro\/#website\",\"url\":\"https:\/\/inspiratio.ro\/\",\"name\":\"Inspiratio\",\"description\":\"Las\u0103-te purtat de inspira\u021bie\",\"publisher\":{\"@id\":\"https:\/\/inspiratio.ro\/#organization\"},\"potentialAction\":[{\"@type\":\"SearchAction\",\"target\":{\"@type\":\"EntryPoint\",\"urlTemplate\":\"https:\/\/inspiratio.ro\/?s={search_term_string}\"},\"query-input\":{\"@type\":\"PropertyValueSpecification\",\"valueRequired\":true,\"valueName\":\"search_term_string\"}}],\"inLanguage\":\"en-US\"},{\"@type\":\"Organization\",\"@id\":\"https:\/\/inspiratio.ro\/#organization\",\"name\":\"Inspiratio\",\"url\":\"https:\/\/inspiratio.ro\/\",\"logo\":{\"@type\":\"ImageObject\",\"inLanguage\":\"en-US\",\"@id\":\"https:\/\/inspiratio.ro\/#\/schema\/logo\/image\/\",\"url\":\"https:\/\/inspiratio.ro\/wp-content\/uploads\/2020\/06\/logo-inspiratio.png\",\"contentUrl\":\"https:\/\/inspiratio.ro\/wp-content\/uploads\/2020\/06\/logo-inspiratio.png\",\"width\":232,\"height\":209,\"caption\":\"Inspiratio\"},\"image\":{\"@id\":\"https:\/\/inspiratio.ro\/#\/schema\/logo\/image\/\"},\"sameAs\":[\"https:\/\/www.facebook.com\/inspiratiogiftstudio\/\",\"https:\/\/www.instagram.com\/inspiratio_giftstudio\/\"]}]}<\/script>\n<!-- \/ Yoast SEO plugin. -->","yoast_head_json":{"title":"FIM Crem\u0103 de trufe 110g - Inspiratio","description":"FIM Crem\u0103 de trufe 110g","robots":{"index":"index","follow":"follow","max-snippet":"max-snippet:-1","max-image-preview":"max-image-preview:large","max-video-preview":"max-video-preview:-1"},"canonical":"https:\/\/inspiratio.ro\/produs\/fim-crema-de-trufe-110g\/","og_locale":"en_US","og_type":"article","og_title":"FIM Crem\u0103 de trufe 110g - Inspiratio","og_description":"FIM Crem\u0103 de trufe 110g","og_url":"https:\/\/inspiratio.ro\/produs\/fim-crema-de-trufe-110g\/","og_site_name":"Inspiratio","article_publisher":"https:\/\/www.facebook.com\/inspiratiogiftstudio\/","article_modified_time":"2026-02-19T15:05:35+00:00","og_image":[{"width":344,"height":499,"url":"https:\/\/inspiratio.ro\/wp-content\/uploads\/2026\/02\/Crema-de-trufe.webp","type":"image\/webp"}],"twitter_card":"summary_large_image","twitter_misc":{"Est. reading time":"2 minutes"},"schema":{"@context":"https:\/\/schema.org","@graph":[{"@type":"WebPage","@id":"https:\/\/inspiratio.ro\/produs\/fim-crema-de-trufe-110g\/","url":"https:\/\/inspiratio.ro\/produs\/fim-crema-de-trufe-110g\/","name":"FIM Crem\u0103 de trufe 110g - Inspiratio","isPartOf":{"@id":"https:\/\/inspiratio.ro\/#website"},"primaryImageOfPage":{"@id":"https:\/\/inspiratio.ro\/produs\/fim-crema-de-trufe-110g\/#primaryimage"},"image":{"@id":"https:\/\/inspiratio.ro\/produs\/fim-crema-de-trufe-110g\/#primaryimage"},"thumbnailUrl":"https:\/\/inspiratio.ro\/wp-content\/uploads\/2026\/02\/Crema-de-trufe.webp","datePublished":"2026-02-19T14:57:45+00:00","dateModified":"2026-02-19T15:05:35+00:00","description":"FIM Crem\u0103 de trufe 110g","breadcrumb":{"@id":"https:\/\/inspiratio.ro\/produs\/fim-crema-de-trufe-110g\/#breadcrumb"},"inLanguage":"en-US","potentialAction":[{"@type":"ReadAction","target":["https:\/\/inspiratio.ro\/produs\/fim-crema-de-trufe-110g\/"]}]},{"@type":"ImageObject","inLanguage":"en-US","@id":"https:\/\/inspiratio.ro\/produs\/fim-crema-de-trufe-110g\/#primaryimage","url":"https:\/\/inspiratio.ro\/wp-content\/uploads\/2026\/02\/Crema-de-trufe.webp","contentUrl":"https:\/\/inspiratio.ro\/wp-content\/uploads\/2026\/02\/Crema-de-trufe.webp","width":344,"height":499},{"@type":"BreadcrumbList","@id":"https:\/\/inspiratio.ro\/produs\/fim-crema-de-trufe-110g\/#breadcrumb","itemListElement":[{"@type":"ListItem","position":1,"name":"Shop","item":"https:\/\/inspiratio.ro\/magazin-cadouri\/"},{"@type":"ListItem","position":2,"name":"FIM Crem\u0103 de trufe 110g"}]},{"@type":"WebSite","@id":"https:\/\/inspiratio.ro\/#website","url":"https:\/\/inspiratio.ro\/","name":"Inspiratio","description":"Las\u0103-te purtat de inspira\u021bie","publisher":{"@id":"https:\/\/inspiratio.ro\/#organization"},"potentialAction":[{"@type":"SearchAction","target":{"@type":"EntryPoint","urlTemplate":"https:\/\/inspiratio.ro\/?s={search_term_string}"},"query-input":{"@type":"PropertyValueSpecification","valueRequired":true,"valueName":"search_term_string"}}],"inLanguage":"en-US"},{"@type":"Organization","@id":"https:\/\/inspiratio.ro\/#organization","name":"Inspiratio","url":"https:\/\/inspiratio.ro\/","logo":{"@type":"ImageObject","inLanguage":"en-US","@id":"https:\/\/inspiratio.ro\/#\/schema\/logo\/image\/","url":"https:\/\/inspiratio.ro\/wp-content\/uploads\/2020\/06\/logo-inspiratio.png","contentUrl":"https:\/\/inspiratio.ro\/wp-content\/uploads\/2020\/06\/logo-inspiratio.png","width":232,"height":209,"caption":"Inspiratio"},"image":{"@id":"https:\/\/inspiratio.ro\/#\/schema\/logo\/image\/"},"sameAs":["https:\/\/www.facebook.com\/inspiratiogiftstudio\/","https:\/\/www.instagram.com\/inspiratio_giftstudio\/"]}]}},"brands":[{"id":269,"name":"Transylvania's Finest Foods","slug":"transylvanias-finest-foods"}],"_links":{"self":[{"href":"https:\/\/inspiratio.ro\/en\/wp-json\/wp\/v2\/product\/10434","targetHints":{"allow":["GET"]}}],"collection":[{"href":"https:\/\/inspiratio.ro\/en\/wp-json\/wp\/v2\/product"}],"about":[{"href":"https:\/\/inspiratio.ro\/en\/wp-json\/wp\/v2\/types\/product"}],"replies":[{"embeddable":true,"href":"https:\/\/inspiratio.ro\/en\/wp-json\/wp\/v2\/comments?post=10434"}],"wp:featuredmedia":[{"embeddable":true,"href":"https:\/\/inspiratio.ro\/en\/wp-json\/wp\/v2\/media\/10435"}],"wp:attachment":[{"href":"https:\/\/inspiratio.ro\/en\/wp-json\/wp\/v2\/media?parent=10434"}],"wp:term":[{"taxonomy":"pwb-brand","embeddable":true,"href":"https:\/\/inspiratio.ro\/en\/wp-json\/wp\/v2\/pwb-brand?post=10434"},{"taxonomy":"product_brand","embeddable":true,"href":"https:\/\/inspiratio.ro\/en\/wp-json\/wp\/v2\/product_brand?post=10434"},{"taxonomy":"product_cat","embeddable":true,"href":"https:\/\/inspiratio.ro\/en\/wp-json\/wp\/v2\/product_cat?post=10434"},{"taxonomy":"product_tag","embeddable":true,"href":"https:\/\/inspiratio.ro\/en\/wp-json\/wp\/v2\/product_tag?post=10434"}],"curies":[{"name":"wp","href":"https:\/\/api.w.org\/{rel}","templated":true}]}}