{"id":10239,"date":"2025-12-01T16:53:03","date_gmt":"2025-12-01T14:53:03","guid":{"rendered":"https:\/\/inspiratio.ro\/?post_type=product&#038;p=10239"},"modified":"2025-12-01T17:10:19","modified_gmt":"2025-12-01T15:10:19","slug":"set-cadou-acasa","status":"publish","type":"product","link":"https:\/\/inspiratio.ro\/en\/produs\/set-cadou-acasa\/","title":{"rendered":"Cadou \u201eAcas\u0103\u201d"},"content":{"rendered":"<p>Deoarece \u201dAcas\u0103\u201d pentru unii dintre noi este reprezentat\u0103 de mireasma de brad, floarea de col\u021b pe care o g\u0103sim doar \u00een v\u00e2rf de munte \u0219i gustul de ciocolat\u0103.<\/p>\n<p>Setul cadou \u201eAcas\u0103\u201d con\u021bine:<\/p>\n<ul>\n<li>un br\u0103du\u021b din textil confec\u021bionat de Margu Atelier;<\/li>\n<li>\u00a0un d\u00e9cor floare de colt mic;<\/li>\n<li>o ciocolat\u0103 neagr\u0103 cu 70% cacao de la Kokowa.<\/li>\n<\/ul>\n<p><strong>La INSPIRATIO, stocurile sunt mereu reduse, pentru c\u0103 lucr\u0103m cu artizani \u0219i designeri care manufactureaz\u0103 fiecare produs \u00een parte.<\/strong> A\u0219adar v\u0103 mul\u021bumim de pe acum c\u0103 ne permite\u021bi s\u0103 v\u0103 contact\u0103m, \u00een cazul \u00een care produsele din pachet nu sunt momentan pe stoc, sau unde poate avem \u0219i alte op\u021biuni.<\/p>\n<p>Pachetele-cadou vor fi ambalate \u00een cutii de carton \u0219i \u00een h\u00e2rtie de ambalat. V\u0103 vom ruga s\u0103 ne specifica\u021bi dac\u0103 dori\u021bi s\u0103 ad\u0103ug\u0103m o felicitare, pe care o putem scrie pentru voi, astfel \u00eenc\u00e2t pachetul ales s\u0103 devin\u0103 cea mai frumoas\u0103 surpriz\u0103.<\/p>\n","protected":false},"excerpt":{"rendered":"<p>Set cadou<\/p>\n","protected":false},"featured_media":10240,"comment_status":"open","ping_status":"closed","template":"","meta":[],"pwb-brand":[],"product_brand":[],"product_cat":[116],"product_tag":[264],"class_list":{"0":"post-10239","1":"product","2":"type-product","3":"status-publish","4":"has-post-thumbnail","6":"product_cat-seturi-cadou","7":"product_tag-cadou","9":"first","10":"instock","11":"featured","12":"taxable","13":"shipping-taxable","14":"purchasable","15":"product-type-simple"},"yoast_head":"<!-- This site is optimized with the Yoast SEO plugin v26.9 - https:\/\/yoast.com\/product\/yoast-seo-wordpress\/ -->\n<title>Set Cadou \u201eAcas\u0103\u201d - Inspiratio<\/title>\n<meta name=\"description\" content=\"Set Cadou \u201eAcas\u0103\u201d\" \/>\n<meta name=\"robots\" content=\"index, follow, max-snippet:-1, max-image-preview:large, max-video-preview:-1\" \/>\n<link rel=\"canonical\" href=\"https:\/\/inspiratio.ro\/produs\/set-cadou-acasa\/\" \/>\n<meta property=\"og:locale\" content=\"en_US\" \/>\n<meta property=\"og:type\" content=\"article\" \/>\n<meta property=\"og:title\" content=\"Set Cadou \u201eAcas\u0103\u201d - Inspiratio\" \/>\n<meta property=\"og:description\" content=\"Set Cadou \u201eAcas\u0103\u201d\" \/>\n<meta property=\"og:url\" content=\"https:\/\/inspiratio.ro\/produs\/set-cadou-acasa\/\" \/>\n<meta property=\"og:site_name\" content=\"Inspiratio\" \/>\n<meta property=\"article:publisher\" content=\"https:\/\/www.facebook.com\/inspiratiogiftstudio\/\" \/>\n<meta property=\"article:modified_time\" content=\"2025-12-01T15:10:19+00:00\" \/>\n<meta property=\"og:image\" content=\"https:\/\/inspiratio.ro\/wp-content\/uploads\/2025\/12\/Home-1-scaled.jpg\" \/>\n\t<meta property=\"og:image:width\" content=\"2048\" \/>\n\t<meta property=\"og:image:height\" content=\"2560\" \/>\n\t<meta property=\"og:image:type\" content=\"image\/jpeg\" \/>\n<meta name=\"twitter:card\" content=\"summary_large_image\" \/>\n<meta name=\"twitter:label1\" content=\"Est. reading time\" \/>\n\t<meta name=\"twitter:data1\" content=\"2 minutes\" \/>\n<script type=\"application\/ld+json\" class=\"yoast-schema-graph\">{\"@context\":\"https:\/\/schema.org\",\"@graph\":[{\"@type\":\"WebPage\",\"@id\":\"https:\/\/inspiratio.ro\/produs\/set-cadou-acasa\/\",\"url\":\"https:\/\/inspiratio.ro\/produs\/set-cadou-acasa\/\",\"name\":\"Set Cadou \u201eAcas\u0103\u201d - Inspiratio\",\"isPartOf\":{\"@id\":\"https:\/\/inspiratio.ro\/#website\"},\"primaryImageOfPage\":{\"@id\":\"https:\/\/inspiratio.ro\/produs\/set-cadou-acasa\/#primaryimage\"},\"image\":{\"@id\":\"https:\/\/inspiratio.ro\/produs\/set-cadou-acasa\/#primaryimage\"},\"thumbnailUrl\":\"https:\/\/inspiratio.ro\/wp-content\/uploads\/2025\/12\/Home-1-scaled.jpg\",\"datePublished\":\"2025-12-01T14:53:03+00:00\",\"dateModified\":\"2025-12-01T15:10:19+00:00\",\"description\":\"Set Cadou \u201eAcas\u0103\u201d\",\"breadcrumb\":{\"@id\":\"https:\/\/inspiratio.ro\/produs\/set-cadou-acasa\/#breadcrumb\"},\"inLanguage\":\"en-US\",\"potentialAction\":[{\"@type\":\"ReadAction\",\"target\":[\"https:\/\/inspiratio.ro\/produs\/set-cadou-acasa\/\"]}]},{\"@type\":\"ImageObject\",\"inLanguage\":\"en-US\",\"@id\":\"https:\/\/inspiratio.ro\/produs\/set-cadou-acasa\/#primaryimage\",\"url\":\"https:\/\/inspiratio.ro\/wp-content\/uploads\/2025\/12\/Home-1-scaled.jpg\",\"contentUrl\":\"https:\/\/inspiratio.ro\/wp-content\/uploads\/2025\/12\/Home-1-scaled.jpg\",\"width\":2048,\"height\":2560},{\"@type\":\"BreadcrumbList\",\"@id\":\"https:\/\/inspiratio.ro\/produs\/set-cadou-acasa\/#breadcrumb\",\"itemListElement\":[{\"@type\":\"ListItem\",\"position\":1,\"name\":\"Shop\",\"item\":\"https:\/\/inspiratio.ro\/magazin-cadouri\/\"},{\"@type\":\"ListItem\",\"position\":2,\"name\":\"Set Cadou \u201eAcas\u0103\u201d\"}]},{\"@type\":\"WebSite\",\"@id\":\"https:\/\/inspiratio.ro\/#website\",\"url\":\"https:\/\/inspiratio.ro\/\",\"name\":\"Inspiratio\",\"description\":\"Las\u0103-te purtat de inspira\u021bie\",\"publisher\":{\"@id\":\"https:\/\/inspiratio.ro\/#organization\"},\"potentialAction\":[{\"@type\":\"SearchAction\",\"target\":{\"@type\":\"EntryPoint\",\"urlTemplate\":\"https:\/\/inspiratio.ro\/?s={search_term_string}\"},\"query-input\":{\"@type\":\"PropertyValueSpecification\",\"valueRequired\":true,\"valueName\":\"search_term_string\"}}],\"inLanguage\":\"en-US\"},{\"@type\":\"Organization\",\"@id\":\"https:\/\/inspiratio.ro\/#organization\",\"name\":\"Inspiratio\",\"url\":\"https:\/\/inspiratio.ro\/\",\"logo\":{\"@type\":\"ImageObject\",\"inLanguage\":\"en-US\",\"@id\":\"https:\/\/inspiratio.ro\/#\/schema\/logo\/image\/\",\"url\":\"https:\/\/inspiratio.ro\/wp-content\/uploads\/2020\/06\/logo-inspiratio.png\",\"contentUrl\":\"https:\/\/inspiratio.ro\/wp-content\/uploads\/2020\/06\/logo-inspiratio.png\",\"width\":232,\"height\":209,\"caption\":\"Inspiratio\"},\"image\":{\"@id\":\"https:\/\/inspiratio.ro\/#\/schema\/logo\/image\/\"},\"sameAs\":[\"https:\/\/www.facebook.com\/inspiratiogiftstudio\/\",\"https:\/\/www.instagram.com\/inspiratio_giftstudio\/\"]}]}<\/script>\n<!-- \/ Yoast SEO plugin. -->","yoast_head_json":{"title":"Set Cadou \u201eAcas\u0103\u201d - Inspiratio","description":"Set Cadou \u201eAcas\u0103\u201d","robots":{"index":"index","follow":"follow","max-snippet":"max-snippet:-1","max-image-preview":"max-image-preview:large","max-video-preview":"max-video-preview:-1"},"canonical":"https:\/\/inspiratio.ro\/produs\/set-cadou-acasa\/","og_locale":"en_US","og_type":"article","og_title":"Set Cadou \u201eAcas\u0103\u201d - Inspiratio","og_description":"Set Cadou \u201eAcas\u0103\u201d","og_url":"https:\/\/inspiratio.ro\/produs\/set-cadou-acasa\/","og_site_name":"Inspiratio","article_publisher":"https:\/\/www.facebook.com\/inspiratiogiftstudio\/","article_modified_time":"2025-12-01T15:10:19+00:00","og_image":[{"width":2048,"height":2560,"url":"https:\/\/inspiratio.ro\/wp-content\/uploads\/2025\/12\/Home-1-scaled.jpg","type":"image\/jpeg"}],"twitter_card":"summary_large_image","twitter_misc":{"Est. reading time":"2 minutes"},"schema":{"@context":"https:\/\/schema.org","@graph":[{"@type":"WebPage","@id":"https:\/\/inspiratio.ro\/produs\/set-cadou-acasa\/","url":"https:\/\/inspiratio.ro\/produs\/set-cadou-acasa\/","name":"Set Cadou \u201eAcas\u0103\u201d - Inspiratio","isPartOf":{"@id":"https:\/\/inspiratio.ro\/#website"},"primaryImageOfPage":{"@id":"https:\/\/inspiratio.ro\/produs\/set-cadou-acasa\/#primaryimage"},"image":{"@id":"https:\/\/inspiratio.ro\/produs\/set-cadou-acasa\/#primaryimage"},"thumbnailUrl":"https:\/\/inspiratio.ro\/wp-content\/uploads\/2025\/12\/Home-1-scaled.jpg","datePublished":"2025-12-01T14:53:03+00:00","dateModified":"2025-12-01T15:10:19+00:00","description":"Set Cadou \u201eAcas\u0103\u201d","breadcrumb":{"@id":"https:\/\/inspiratio.ro\/produs\/set-cadou-acasa\/#breadcrumb"},"inLanguage":"en-US","potentialAction":[{"@type":"ReadAction","target":["https:\/\/inspiratio.ro\/produs\/set-cadou-acasa\/"]}]},{"@type":"ImageObject","inLanguage":"en-US","@id":"https:\/\/inspiratio.ro\/produs\/set-cadou-acasa\/#primaryimage","url":"https:\/\/inspiratio.ro\/wp-content\/uploads\/2025\/12\/Home-1-scaled.jpg","contentUrl":"https:\/\/inspiratio.ro\/wp-content\/uploads\/2025\/12\/Home-1-scaled.jpg","width":2048,"height":2560},{"@type":"BreadcrumbList","@id":"https:\/\/inspiratio.ro\/produs\/set-cadou-acasa\/#breadcrumb","itemListElement":[{"@type":"ListItem","position":1,"name":"Shop","item":"https:\/\/inspiratio.ro\/magazin-cadouri\/"},{"@type":"ListItem","position":2,"name":"Set Cadou \u201eAcas\u0103\u201d"}]},{"@type":"WebSite","@id":"https:\/\/inspiratio.ro\/#website","url":"https:\/\/inspiratio.ro\/","name":"Inspiratio","description":"Las\u0103-te purtat de inspira\u021bie","publisher":{"@id":"https:\/\/inspiratio.ro\/#organization"},"potentialAction":[{"@type":"SearchAction","target":{"@type":"EntryPoint","urlTemplate":"https:\/\/inspiratio.ro\/?s={search_term_string}"},"query-input":{"@type":"PropertyValueSpecification","valueRequired":true,"valueName":"search_term_string"}}],"inLanguage":"en-US"},{"@type":"Organization","@id":"https:\/\/inspiratio.ro\/#organization","name":"Inspiratio","url":"https:\/\/inspiratio.ro\/","logo":{"@type":"ImageObject","inLanguage":"en-US","@id":"https:\/\/inspiratio.ro\/#\/schema\/logo\/image\/","url":"https:\/\/inspiratio.ro\/wp-content\/uploads\/2020\/06\/logo-inspiratio.png","contentUrl":"https:\/\/inspiratio.ro\/wp-content\/uploads\/2020\/06\/logo-inspiratio.png","width":232,"height":209,"caption":"Inspiratio"},"image":{"@id":"https:\/\/inspiratio.ro\/#\/schema\/logo\/image\/"},"sameAs":["https:\/\/www.facebook.com\/inspiratiogiftstudio\/","https:\/\/www.instagram.com\/inspiratio_giftstudio\/"]}]}},"brands":[],"_links":{"self":[{"href":"https:\/\/inspiratio.ro\/en\/wp-json\/wp\/v2\/product\/10239","targetHints":{"allow":["GET"]}}],"collection":[{"href":"https:\/\/inspiratio.ro\/en\/wp-json\/wp\/v2\/product"}],"about":[{"href":"https:\/\/inspiratio.ro\/en\/wp-json\/wp\/v2\/types\/product"}],"replies":[{"embeddable":true,"href":"https:\/\/inspiratio.ro\/en\/wp-json\/wp\/v2\/comments?post=10239"}],"wp:featuredmedia":[{"embeddable":true,"href":"https:\/\/inspiratio.ro\/en\/wp-json\/wp\/v2\/media\/10240"}],"wp:attachment":[{"href":"https:\/\/inspiratio.ro\/en\/wp-json\/wp\/v2\/media?parent=10239"}],"wp:term":[{"taxonomy":"pwb-brand","embeddable":true,"href":"https:\/\/inspiratio.ro\/en\/wp-json\/wp\/v2\/pwb-brand?post=10239"},{"taxonomy":"product_brand","embeddable":true,"href":"https:\/\/inspiratio.ro\/en\/wp-json\/wp\/v2\/product_brand?post=10239"},{"taxonomy":"product_cat","embeddable":true,"href":"https:\/\/inspiratio.ro\/en\/wp-json\/wp\/v2\/product_cat?post=10239"},{"taxonomy":"product_tag","embeddable":true,"href":"https:\/\/inspiratio.ro\/en\/wp-json\/wp\/v2\/product_tag?post=10239"}],"curies":[{"name":"wp","href":"https:\/\/api.w.org\/{rel}","templated":true}]}}