{"id":10087,"date":"2025-07-31T17:49:42","date_gmt":"2025-07-31T14:49:42","guid":{"rendered":"https:\/\/inspiratio.ro\/?post_type=product&#038;p=10087"},"modified":"2025-07-31T17:53:57","modified_gmt":"2025-07-31T14:53:57","slug":"bne-a-fekete-templom-frank-si-agnes-ziegler","status":"publish","type":"product","link":"https:\/\/inspiratio.ro\/en\/produs\/bne-a-fekete-templom-frank-si-agnes-ziegler\/","title":{"rendered":"A Fekete Templom &#8211; Frank \u0219i Agnes Ziegler"},"content":{"rendered":"<h3>A FEKETE TEMPLOM. INSPIR\u00c1L\u00d3 M\u0170V\u00c9SZET \u2013 \u00c9L\u0150 HIT<\/h3>\n<h4>M\u0171v\u00e9szeti \u00fatikalauz Frank-Thomas \u00e9s \u00c1gnes Ziegler toll\u00e1b\u00f3l<\/h4>\n<p>A Fekete templom joggal az orsz\u00e1g legismertebb temploma. Aki megl\u00e1togatja, nem csak a g\u00f3tikus m\u0171v\u00e9szet sz\u00e9ps\u00e9g\u00e9t \u00e9lvezheti, hanem egy \u00e9l\u0151 egyh\u00e1zat, t\u00f6bb mint 600 \u00e9ves hit\u00e9let\u00e9t \u00e9s egy\u00fattal k\u00e9t kontinensr\u0151l sz\u00e1rmaz\u00f3 m\u0171alkot\u00e1sokat is megismerhet.<\/p>\n<p>A gazdagon illusztr\u00e1lt m\u0171v\u00e9szeti \u00fatik\u00f6nyv seg\u00edts\u00e9g\u00e9vel elmer\u00fclhet Erd\u00e9ly saj\u00e1tos hangulat\u00e1ban, a m\u0171alkot\u00e1sok \u00e1ltal pedig k\u00e9pzeletbeli utaz\u00e1st tehet a k\u00f6z\u00e9pkor, a kora \u00fajkor \u00e9s a modern kor vil\u00e1g\u00e1ba.<\/p>\n<p>A sz\u00f6veg a leg\u00fajabb m\u0171v\u00e9szett\u00f6rt\u00e9neti kutat\u00e1sok eredm\u00e9nyeit t\u00fckr\u00f6zi. A kihajthat\u00f3 t\u00e9rk\u00e9pnek k\u00f6sz\u00f6nhet\u0151en a f\u00fczet t\u00f6k\u00e9letes t\u00e1rs a Fekete templom megl\u00e1togat\u00e1sakor. A m\u0171v\u00e9szi f\u00e9nyk\u00e9peknek \u00e9s a modern kialak\u00edt\u00e1snak h\u00e1la bibliofil eml\u00e9k marad brass\u00f3i l\u00e1togat\u00e1s\u00e1r\u00f3l.<\/p>\n<p>&nbsp;<\/p>\n<p>Kiadja: \u00c1. H. Sz\u00e1sz Evang\u00e9likus Egyh\u00e1z Brass\u00f3<\/p>\n<p>Szerz\u0151k: Ziegler Frank-Thomas, Ziegler \u00c1gnes<\/p>\n<p>Honterus nyomda, Nagyszeben<\/p>\n<p>23 x 16,5 cm<\/p>\n<p>30 oldal<\/p>\n<p>35 illusztr\u00e1ci\u00f3<\/p>\n<p>ISBN 978-606-008-199-9<\/p>\n","protected":false},"excerpt":{"rendered":"<p>A FEKETE TEMPLOM. INSPIR\u00c1L\u00d3 M\u0170V\u00c9SZET \u2013 \u00c9L\u0150 HIT M\u0171v\u00e9szeti \u00fatikalauz Frank-Thomas \u00e9s \u00c1gnes Ziegler toll\u00e1b\u00f3l A Fekete templom joggal az orsz\u00e1g legismertebb temploma. Aki megl\u00e1togatja, nem csak a g\u00f3tikus m\u0171v\u00e9szet sz\u00e9ps\u00e9g\u00e9t \u00e9lvezheti, hanem egy \u00e9l\u0151 egyh\u00e1zat, t\u00f6bb mint 600 \u00e9ves hit\u00e9let\u00e9t \u00e9s egy\u00fattal k\u00e9t kontinensr\u0151l sz\u00e1rmaz\u00f3 m\u0171alkot\u00e1sokat is megismerhet. A gazdagon illusztr\u00e1lt m\u0171v\u00e9szeti \u00fatik\u00f6nyv seg\u00edts\u00e9g\u00e9vel [&hellip;]<\/p>\n","protected":false},"featured_media":10088,"comment_status":"closed","ping_status":"closed","template":"","meta":[],"pwb-brand":[81],"product_brand":[],"product_cat":[82,63],"product_tag":[205],"class_list":{"0":"post-10087","1":"product","2":"type-product","3":"status-publish","4":"has-post-thumbnail","6":"pwb-brand-biserica-neagra","7":"product_cat-suveniruri-biserica-neagra","8":"product_cat-suveniruri-transilvania","9":"product_tag-brosura-biserica-neagra","11":"first","12":"instock","13":"taxable","14":"shipping-taxable","15":"purchasable","16":"product-type-simple"},"yoast_head":"<!-- This site is optimized with the Yoast SEO plugin v26.9 - https:\/\/yoast.com\/product\/yoast-seo-wordpress\/ -->\n<title>BNE A Fekete Templom - Frank \u0219i Agnes Ziegler - Inspiratio<\/title>\n<meta name=\"description\" content=\"BNE A Fekete Templom - Frank \u0219i Agnes Ziegler\" \/>\n<meta name=\"robots\" content=\"index, follow, max-snippet:-1, max-image-preview:large, max-video-preview:-1\" \/>\n<link rel=\"canonical\" href=\"https:\/\/inspiratio.ro\/produs\/bne-a-fekete-templom-frank-si-agnes-ziegler\/\" \/>\n<meta property=\"og:locale\" content=\"en_US\" \/>\n<meta property=\"og:type\" content=\"article\" \/>\n<meta property=\"og:title\" content=\"BNE A Fekete Templom - Frank \u0219i Agnes Ziegler - Inspiratio\" \/>\n<meta property=\"og:description\" content=\"BNE A Fekete Templom - Frank \u0219i Agnes Ziegler\" \/>\n<meta property=\"og:url\" content=\"https:\/\/inspiratio.ro\/produs\/bne-a-fekete-templom-frank-si-agnes-ziegler\/\" \/>\n<meta property=\"og:site_name\" content=\"Inspiratio\" \/>\n<meta property=\"article:publisher\" content=\"https:\/\/www.facebook.com\/inspiratiogiftstudio\/\" \/>\n<meta property=\"article:modified_time\" content=\"2025-07-31T14:53:57+00:00\" \/>\n<meta property=\"og:image\" content=\"https:\/\/inspiratio.ro\/wp-content\/uploads\/2025\/07\/coperta-Fekete.jpg\" \/>\n\t<meta property=\"og:image:width\" content=\"975\" \/>\n\t<meta property=\"og:image:height\" content=\"1359\" \/>\n\t<meta property=\"og:image:type\" content=\"image\/jpeg\" \/>\n<meta name=\"twitter:card\" content=\"summary_large_image\" \/>\n<meta name=\"twitter:label1\" content=\"Est. reading time\" \/>\n\t<meta name=\"twitter:data1\" content=\"1 minute\" \/>\n<script type=\"application\/ld+json\" class=\"yoast-schema-graph\">{\"@context\":\"https:\/\/schema.org\",\"@graph\":[{\"@type\":\"WebPage\",\"@id\":\"https:\/\/inspiratio.ro\/produs\/bne-a-fekete-templom-frank-si-agnes-ziegler\/\",\"url\":\"https:\/\/inspiratio.ro\/produs\/bne-a-fekete-templom-frank-si-agnes-ziegler\/\",\"name\":\"BNE A Fekete Templom - Frank \u0219i Agnes Ziegler - Inspiratio\",\"isPartOf\":{\"@id\":\"https:\/\/inspiratio.ro\/#website\"},\"primaryImageOfPage\":{\"@id\":\"https:\/\/inspiratio.ro\/produs\/bne-a-fekete-templom-frank-si-agnes-ziegler\/#primaryimage\"},\"image\":{\"@id\":\"https:\/\/inspiratio.ro\/produs\/bne-a-fekete-templom-frank-si-agnes-ziegler\/#primaryimage\"},\"thumbnailUrl\":\"https:\/\/inspiratio.ro\/wp-content\/uploads\/2025\/07\/coperta-Fekete.jpg\",\"datePublished\":\"2025-07-31T14:49:42+00:00\",\"dateModified\":\"2025-07-31T14:53:57+00:00\",\"description\":\"BNE A Fekete Templom - Frank \u0219i Agnes Ziegler\",\"breadcrumb\":{\"@id\":\"https:\/\/inspiratio.ro\/produs\/bne-a-fekete-templom-frank-si-agnes-ziegler\/#breadcrumb\"},\"inLanguage\":\"en-US\",\"potentialAction\":[{\"@type\":\"ReadAction\",\"target\":[\"https:\/\/inspiratio.ro\/produs\/bne-a-fekete-templom-frank-si-agnes-ziegler\/\"]}]},{\"@type\":\"ImageObject\",\"inLanguage\":\"en-US\",\"@id\":\"https:\/\/inspiratio.ro\/produs\/bne-a-fekete-templom-frank-si-agnes-ziegler\/#primaryimage\",\"url\":\"https:\/\/inspiratio.ro\/wp-content\/uploads\/2025\/07\/coperta-Fekete.jpg\",\"contentUrl\":\"https:\/\/inspiratio.ro\/wp-content\/uploads\/2025\/07\/coperta-Fekete.jpg\",\"width\":975,\"height\":1359},{\"@type\":\"BreadcrumbList\",\"@id\":\"https:\/\/inspiratio.ro\/produs\/bne-a-fekete-templom-frank-si-agnes-ziegler\/#breadcrumb\",\"itemListElement\":[{\"@type\":\"ListItem\",\"position\":1,\"name\":\"Shop\",\"item\":\"https:\/\/inspiratio.ro\/magazin-cadouri\/\"},{\"@type\":\"ListItem\",\"position\":2,\"name\":\"BNE A Fekete Templom &#8211; Frank \u0219i Agnes Ziegler\"}]},{\"@type\":\"WebSite\",\"@id\":\"https:\/\/inspiratio.ro\/#website\",\"url\":\"https:\/\/inspiratio.ro\/\",\"name\":\"Inspiratio\",\"description\":\"Las\u0103-te purtat de inspira\u021bie\",\"publisher\":{\"@id\":\"https:\/\/inspiratio.ro\/#organization\"},\"potentialAction\":[{\"@type\":\"SearchAction\",\"target\":{\"@type\":\"EntryPoint\",\"urlTemplate\":\"https:\/\/inspiratio.ro\/?s={search_term_string}\"},\"query-input\":{\"@type\":\"PropertyValueSpecification\",\"valueRequired\":true,\"valueName\":\"search_term_string\"}}],\"inLanguage\":\"en-US\"},{\"@type\":\"Organization\",\"@id\":\"https:\/\/inspiratio.ro\/#organization\",\"name\":\"Inspiratio\",\"url\":\"https:\/\/inspiratio.ro\/\",\"logo\":{\"@type\":\"ImageObject\",\"inLanguage\":\"en-US\",\"@id\":\"https:\/\/inspiratio.ro\/#\/schema\/logo\/image\/\",\"url\":\"https:\/\/inspiratio.ro\/wp-content\/uploads\/2020\/06\/logo-inspiratio.png\",\"contentUrl\":\"https:\/\/inspiratio.ro\/wp-content\/uploads\/2020\/06\/logo-inspiratio.png\",\"width\":232,\"height\":209,\"caption\":\"Inspiratio\"},\"image\":{\"@id\":\"https:\/\/inspiratio.ro\/#\/schema\/logo\/image\/\"},\"sameAs\":[\"https:\/\/www.facebook.com\/inspiratiogiftstudio\/\",\"https:\/\/www.instagram.com\/inspiratio_giftstudio\/\"]}]}<\/script>\n<!-- \/ Yoast SEO plugin. -->","yoast_head_json":{"title":"BNE A Fekete Templom - Frank \u0219i Agnes Ziegler - Inspiratio","description":"BNE A Fekete Templom - Frank \u0219i Agnes Ziegler","robots":{"index":"index","follow":"follow","max-snippet":"max-snippet:-1","max-image-preview":"max-image-preview:large","max-video-preview":"max-video-preview:-1"},"canonical":"https:\/\/inspiratio.ro\/produs\/bne-a-fekete-templom-frank-si-agnes-ziegler\/","og_locale":"en_US","og_type":"article","og_title":"BNE A Fekete Templom - Frank \u0219i Agnes Ziegler - Inspiratio","og_description":"BNE A Fekete Templom - Frank \u0219i Agnes Ziegler","og_url":"https:\/\/inspiratio.ro\/produs\/bne-a-fekete-templom-frank-si-agnes-ziegler\/","og_site_name":"Inspiratio","article_publisher":"https:\/\/www.facebook.com\/inspiratiogiftstudio\/","article_modified_time":"2025-07-31T14:53:57+00:00","og_image":[{"width":975,"height":1359,"url":"https:\/\/inspiratio.ro\/wp-content\/uploads\/2025\/07\/coperta-Fekete.jpg","type":"image\/jpeg"}],"twitter_card":"summary_large_image","twitter_misc":{"Est. reading time":"1 minute"},"schema":{"@context":"https:\/\/schema.org","@graph":[{"@type":"WebPage","@id":"https:\/\/inspiratio.ro\/produs\/bne-a-fekete-templom-frank-si-agnes-ziegler\/","url":"https:\/\/inspiratio.ro\/produs\/bne-a-fekete-templom-frank-si-agnes-ziegler\/","name":"BNE A Fekete Templom - Frank \u0219i Agnes Ziegler - Inspiratio","isPartOf":{"@id":"https:\/\/inspiratio.ro\/#website"},"primaryImageOfPage":{"@id":"https:\/\/inspiratio.ro\/produs\/bne-a-fekete-templom-frank-si-agnes-ziegler\/#primaryimage"},"image":{"@id":"https:\/\/inspiratio.ro\/produs\/bne-a-fekete-templom-frank-si-agnes-ziegler\/#primaryimage"},"thumbnailUrl":"https:\/\/inspiratio.ro\/wp-content\/uploads\/2025\/07\/coperta-Fekete.jpg","datePublished":"2025-07-31T14:49:42+00:00","dateModified":"2025-07-31T14:53:57+00:00","description":"BNE A Fekete Templom - Frank \u0219i Agnes Ziegler","breadcrumb":{"@id":"https:\/\/inspiratio.ro\/produs\/bne-a-fekete-templom-frank-si-agnes-ziegler\/#breadcrumb"},"inLanguage":"en-US","potentialAction":[{"@type":"ReadAction","target":["https:\/\/inspiratio.ro\/produs\/bne-a-fekete-templom-frank-si-agnes-ziegler\/"]}]},{"@type":"ImageObject","inLanguage":"en-US","@id":"https:\/\/inspiratio.ro\/produs\/bne-a-fekete-templom-frank-si-agnes-ziegler\/#primaryimage","url":"https:\/\/inspiratio.ro\/wp-content\/uploads\/2025\/07\/coperta-Fekete.jpg","contentUrl":"https:\/\/inspiratio.ro\/wp-content\/uploads\/2025\/07\/coperta-Fekete.jpg","width":975,"height":1359},{"@type":"BreadcrumbList","@id":"https:\/\/inspiratio.ro\/produs\/bne-a-fekete-templom-frank-si-agnes-ziegler\/#breadcrumb","itemListElement":[{"@type":"ListItem","position":1,"name":"Shop","item":"https:\/\/inspiratio.ro\/magazin-cadouri\/"},{"@type":"ListItem","position":2,"name":"BNE A Fekete Templom &#8211; Frank \u0219i Agnes Ziegler"}]},{"@type":"WebSite","@id":"https:\/\/inspiratio.ro\/#website","url":"https:\/\/inspiratio.ro\/","name":"Inspiratio","description":"Las\u0103-te purtat de inspira\u021bie","publisher":{"@id":"https:\/\/inspiratio.ro\/#organization"},"potentialAction":[{"@type":"SearchAction","target":{"@type":"EntryPoint","urlTemplate":"https:\/\/inspiratio.ro\/?s={search_term_string}"},"query-input":{"@type":"PropertyValueSpecification","valueRequired":true,"valueName":"search_term_string"}}],"inLanguage":"en-US"},{"@type":"Organization","@id":"https:\/\/inspiratio.ro\/#organization","name":"Inspiratio","url":"https:\/\/inspiratio.ro\/","logo":{"@type":"ImageObject","inLanguage":"en-US","@id":"https:\/\/inspiratio.ro\/#\/schema\/logo\/image\/","url":"https:\/\/inspiratio.ro\/wp-content\/uploads\/2020\/06\/logo-inspiratio.png","contentUrl":"https:\/\/inspiratio.ro\/wp-content\/uploads\/2020\/06\/logo-inspiratio.png","width":232,"height":209,"caption":"Inspiratio"},"image":{"@id":"https:\/\/inspiratio.ro\/#\/schema\/logo\/image\/"},"sameAs":["https:\/\/www.facebook.com\/inspiratiogiftstudio\/","https:\/\/www.instagram.com\/inspiratio_giftstudio\/"]}]}},"brands":[{"id":81,"name":"Biserica Neagr\u0103","slug":"biserica-neagra"}],"_links":{"self":[{"href":"https:\/\/inspiratio.ro\/en\/wp-json\/wp\/v2\/product\/10087","targetHints":{"allow":["GET"]}}],"collection":[{"href":"https:\/\/inspiratio.ro\/en\/wp-json\/wp\/v2\/product"}],"about":[{"href":"https:\/\/inspiratio.ro\/en\/wp-json\/wp\/v2\/types\/product"}],"replies":[{"embeddable":true,"href":"https:\/\/inspiratio.ro\/en\/wp-json\/wp\/v2\/comments?post=10087"}],"wp:featuredmedia":[{"embeddable":true,"href":"https:\/\/inspiratio.ro\/en\/wp-json\/wp\/v2\/media\/10088"}],"wp:attachment":[{"href":"https:\/\/inspiratio.ro\/en\/wp-json\/wp\/v2\/media?parent=10087"}],"wp:term":[{"taxonomy":"pwb-brand","embeddable":true,"href":"https:\/\/inspiratio.ro\/en\/wp-json\/wp\/v2\/pwb-brand?post=10087"},{"taxonomy":"product_brand","embeddable":true,"href":"https:\/\/inspiratio.ro\/en\/wp-json\/wp\/v2\/product_brand?post=10087"},{"taxonomy":"product_cat","embeddable":true,"href":"https:\/\/inspiratio.ro\/en\/wp-json\/wp\/v2\/product_cat?post=10087"},{"taxonomy":"product_tag","embeddable":true,"href":"https:\/\/inspiratio.ro\/en\/wp-json\/wp\/v2\/product_tag?post=10087"}],"curies":[{"name":"wp","href":"https:\/\/api.w.org\/{rel}","templated":true}]}}